{"id":1004,"date":"2025-05-31T19:32:33","date_gmt":"2025-05-31T19:32:33","guid":{"rendered":"https:\/\/mc-store.net\/contact-2\/"},"modified":"2025-08-09T14:14:00","modified_gmt":"2025-08-09T12:14:00","slug":"iletisim","status":"publish","type":"page","link":"https:\/\/mc-store.net\/ar\/iletisim\/","title":{"rendered":"\u0130leti\u015fim"},"content":{"rendered":"<p class=\"has-text-align-left\">Her t\u00fcrl\u00fc soru, \u00f6neri ve talepleriniz i\u00e7in bizimle ileti\u015fime ge\u00e7ebilirsiniz. M\u00fc\u015fteri memnuniyeti bizim i\u00e7in \u00f6nceliklidir.<\/p>\n\n\n\n<p class=\"has-text-align-left\"> <strong>Adres<\/strong>: [Bah\u00e7elievler mah\/ Gen\u00e7lik 1. Sokak\/ Bina No4\/Talas\/ Kayseri]<\/p>\n\n\n\n<p class=\"has-text-align-left\"> <strong>Telefon<\/strong>: [0090 501 000 00 57]<\/p>\n\n\n\n<p class=\"has-text-align-left\"> <strong>E-posta<\/strong>: [<strong>mc-store@mc-store.net<\/strong>]<\/p>\n\n\n\n<p class=\"has-text-align-left\"><strong> \u00c7al\u0131\u015fma Saatleri<\/strong><\/p>\n\n\n\n<p class=\"has-text-align-left\"> Pazartesi \u2013 Cuma: 09:00 \u2013 18:00 <\/p>\n\n\n\n<p class=\"has-text-align-left\">Cumartesi: 10:00 \u2013 16:00<\/p>\n\n\n\n<p class=\"has-text-align-left\"> Pazar: Kapal\u0131<\/p>\n\n\n\n<figure class=\"wp-block-image\"><img decoding=\"async\" data-src=\"https:\/\/static.xx.fbcdn.net\/images\/emoji.php\/v9\/tc0\/1\/16\/1f4e9.png\" alt=\"\ud83d\udce9\" src=\"data:image\/svg+xml;base64,PHN2ZyB3aWR0aD0iMSIgaGVpZ2h0PSIxIiB4bWxucz0iaHR0cDovL3d3dy53My5vcmcvMjAwMC9zdmciPjwvc3ZnPg==\" class=\"lazyload\" \/><\/figure>\n\n\n\n<p class=\"has-text-align-left\"><strong>\u0130leti\u015fim Formu<\/strong><\/p>\n\n\n\n<p class=\"has-text-align-left\"> A\u015fa\u011f\u0131daki formu doldurarak da bize kolayca ula\u015fabilirsiniz. En k\u0131sa s\u00fcrede size d\u00f6n\u00fc\u015f yapaca\u011f\u0131z.<\/p>","protected":false},"excerpt":{"rendered":"<p>Her t\u00fcrl\u00fc soru, \u00f6neri ve talepleriniz i\u00e7in bizimle ileti\u015fime ge\u00e7ebilirsiniz. M\u00fc\u015fteri memnuniyeti bizim i\u00e7in \u00f6nceliklidir. Adres: [Bah\u00e7elievler mah\/ Gen\u00e7lik 1. Sokak\/ Bina No4\/Talas\/ Kayseri] Telefon: [0090 501 000 00 57] E-posta: [mc-store@mc-store.net] \u00c7al\u0131\u015fma Saatleri Pazartesi \u2013 Cuma: 09:00 \u2013 18:00 Cumartesi: 10:00 \u2013 16:00 Pazar: Kapal\u0131 \u0130leti\u015fim Formu A\u015fa\u011f\u0131daki formu doldurarak da bize kolayca ula\u015fabilirsiniz&#8230;.<\/p>","protected":false},"author":1,"featured_media":0,"parent":0,"menu_order":0,"comment_status":"closed","ping_status":"closed","template":"","meta":{"_surecart_dashboard_logo_width":"180px","_surecart_dashboard_show_logo":true,"_surecart_dashboard_navigation_orders":true,"_surecart_dashboard_navigation_invoices":true,"_surecart_dashboard_navigation_subscriptions":true,"_surecart_dashboard_navigation_downloads":true,"_surecart_dashboard_navigation_billing":true,"_surecart_dashboard_navigation_account":true,"_kad_post_transparent":"","_kad_post_title":"","_kad_post_layout":"","_kad_post_sidebar_id":"","_kad_post_content_style":"","_kad_post_vertical_padding":"","_kad_post_feature":"","_kad_post_feature_position":"","_kad_post_header":false,"_kad_post_footer":false,"footnotes":""},"class_list":["post-1004","page","type-page","status-publish","hentry"],"aioseo_notices":[],"_links":{"self":[{"href":"https:\/\/mc-store.net\/ar\/wp-json\/wp\/v2\/pages\/1004","targetHints":{"allow":["GET"]}}],"collection":[{"href":"https:\/\/mc-store.net\/ar\/wp-json\/wp\/v2\/pages"}],"about":[{"href":"https:\/\/mc-store.net\/ar\/wp-json\/wp\/v2\/types\/page"}],"author":[{"embeddable":true,"href":"https:\/\/mc-store.net\/ar\/wp-json\/wp\/v2\/users\/1"}],"replies":[{"embeddable":true,"href":"https:\/\/mc-store.net\/ar\/wp-json\/wp\/v2\/comments?post=1004"}],"version-history":[{"count":8,"href":"https:\/\/mc-store.net\/ar\/wp-json\/wp\/v2\/pages\/1004\/revisions"}],"predecessor-version":[{"id":8218,"href":"https:\/\/mc-store.net\/ar\/wp-json\/wp\/v2\/pages\/1004\/revisions\/8218"}],"wp:attachment":[{"href":"https:\/\/mc-store.net\/ar\/wp-json\/wp\/v2\/media?parent=1004"}],"curies":[{"name":"wp","href":"https:\/\/api.w.org\/{rel}","templated":true}]}}