{"id":3612,"date":"2025-05-27T15:03:16","date_gmt":"2025-05-27T15:03:16","guid":{"rendered":"https:\/\/mc-store.net\/about\/"},"modified":"2025-08-09T19:28:50","modified_gmt":"2025-08-09T17:28:50","slug":"hakkimizda","status":"publish","type":"page","link":"https:\/\/mc-store.net\/ar\/hakkimizda\/","title":{"rendered":"Hakkimizda"},"content":{"rendered":"<div data-elementor-type=\"wp-page\" data-elementor-id=\"3612\" class=\"elementor elementor-3612\">\n\t\t\t\t<div class=\"elementor-element elementor-element-15692a1a e-flex e-con-boxed e-con e-parent\" data-id=\"15692a1a\" data-element_type=\"container\" data-e-type=\"container\">\n\t\t\t\t\t<div class=\"e-con-inner\">\n\t\t\t\t<div class=\"elementor-element elementor-element-45f13f6d elementor-widget elementor-widget-text-editor\" data-id=\"45f13f6d\" data-element_type=\"widget\" data-e-type=\"widget\" data-widget_type=\"text-editor.default\">\n\t\t\t\t<div class=\"elementor-widget-container\">\n\t\t\t\t\t\t\t\t\t\n<div class=\"wp-block-uagb-container uagb-layout-grid uagb-block-31a3d8e8 alignfull uagb-is-root-container\"><div class=\"uagb-container-inner-blocks-wrap\">\n<p>M&amp;\u00c7 STORe, y\u00fcksek kaliteli haz\u0131r giyim alan\u0131nda faaliyet g\u00f6steren yenilik\u00e7i bir T\u00fcrk markas\u0131d\u0131r. \u00d6zellikle bebek, yenido\u011fan ve hastane \u00e7\u0131k\u0131\u015f\u0131 tak\u0131mlar\u0131yla \u00f6ne \u00e7\u0131kmaktad\u0131r. \u00dcr\u00fcnlerimizde pamuklu, sa\u011fl\u0131kl\u0131 kuma\u015flar ve modern tasar\u0131mlar tercih edilmekte olup, \u00e7ocu\u011funuzun her zaman en \u015f\u0131k \u015fekilde g\u00f6r\u00fcnmesi bizim i\u00e7in \u00e7ok \u00f6nemlidir. Ayr\u0131ca erkek ve kad\u0131nlar i\u00e7in de kaliteli pamuklu k\u0131yafetler sunarak her ihtiyaca uygun \u00e7\u00f6z\u00fcmler \u00fcretmekteyiz. \u00dcr\u00fcnlerimizin en dikkat \u00e7ekici \u00f6zelli\u011fi, benzersiz tasar\u0131mlar ve k\u0131yafetler \u00fczerindeki \u00f6zel bask\u0131larla ki\u015fiye \u00f6zel \u00fcretim imk\u00e2n\u0131d\u0131r<\/p>\n\n\n\n<div class=\"wp-block-uagb-image uagb-block-bc8225a8 wp-block-uagb-image--layout-default wp-block-uagb-image--effect-static wp-block-uagb-image--align-none\"><figure class=\"wp-block-uagb-image__figure\"><img decoding=\"async\" data-srcset=\"https:\/\/mc-store.net\/wp-content\/uploads\/2025\/06\/GIRLPOWER-Feminine-Branding-Logo-PSD-9-1024x803.png ,https:\/\/mc-store.net\/wp-content\/uploads\/2025\/06\/GIRLPOWER-Feminine-Branding-Logo-PSD-9.png 780w, https:\/\/mc-store.net\/wp-content\/uploads\/2025\/06\/GIRLPOWER-Feminine-Branding-Logo-PSD-9.png 360w\" data-sizes=\"auto, (max-width: 480px) 150px\" data-src=\"https:\/\/mc-store.net\/wp-content\/uploads\/2025\/06\/GIRLPOWER-Feminine-Branding-Logo-PSD-9-1024x803.png\" alt=\"\" class=\"uag-image-6650 lazyload\" width=\"580\" height=\"399\" title=\"GIRLPOWER Feminine Branding Logo PSD -9\" role=\"img\" src=\"data:image\/svg+xml;base64,PHN2ZyB3aWR0aD0iMSIgaGVpZ2h0PSIxIiB4bWxucz0iaHR0cDovL3d3dy53My5vcmcvMjAwMC9zdmciPjwvc3ZnPg==\" style=\"--smush-placeholder-width: 580px; --smush-placeholder-aspect-ratio: 580\/399;\" \/><\/figure><\/div>\n<\/div><\/div>\n\n\n\n<div class=\"wp-block-uagb-container uagb-layout-flex uagb-block-fcd81faf alignfull uagb-is-root-container\"><div class=\"uagb-container-inner-blocks-wrap\">\n<div class=\"wp-block-uagb-container uagb-block-6e6830f6\">\n<div class=\"wp-block-uagb-advanced-heading uagb-block-ffc78a46\"><h4 class=\"uagb-heading-text\">Numbers Speak For Themselves!<\/h4><\/div>\n<\/div>\n\n\n\n<div class=\"wp-block-uagb-container uagb-layout-grid uagb-block-4b1db345\">\n<div class=\"wp-block-uagb-counter uagb-block-1ab3f146 wp-block-uagb-counter--number\"><div class=\"wp-block-uagb-counter__number\"><span class=\"uagb-counter-block-number\" data-duration=\"1.5\" data-to-value=\"5000\" data-from-value=\"4800\" data-delimiter=\",\"><\/span><span class=\"uagb-counter-block-suffix\">+<\/span><\/div><div class=\"wp-block-uagb-counter__title\">Curated Products<\/div><\/div>\n\n\n\n<div class=\"wp-block-uagb-counter uagb-block-a06576e0 wp-block-uagb-counter--number\"><div class=\"wp-block-uagb-counter__number\"><span class=\"uagb-counter-block-number\" data-duration=\"1.5\" data-to-value=\"800\" data-from-value=\"0\" data-delimiter=\",\"><\/span><span class=\"uagb-counter-block-suffix\">+<\/span><\/div><div class=\"wp-block-uagb-counter__title\">Curated Products<\/div><\/div>\n\n\n\n<div class=\"wp-block-uagb-counter uagb-block-ce7cbd39 wp-block-uagb-counter--number\"><div class=\"wp-block-uagb-counter__number\"><span class=\"uagb-counter-block-number\" data-duration=\"1.5\" data-to-value=\"40\" data-from-value=\"0\" data-delimiter=\",\"><\/span><span class=\"uagb-counter-block-suffix\">+<\/span><\/div><div class=\"wp-block-uagb-counter__title\">Product Categories<\/div><\/div>\n<\/div>\n<\/div><\/div>\n\t\t\t\t\t\t\t\t<\/div>\n\t\t\t\t<\/div>\n\t\t\t\t\t<\/div>\n\t\t\t\t<\/div>\n\t\t\t\t<\/div>","protected":false},"excerpt":{"rendered":"","protected":false},"author":1,"featured_media":0,"parent":0,"menu_order":0,"comment_status":"closed","ping_status":"closed","template":"","meta":{"_surecart_dashboard_logo_width":"180px","_surecart_dashboard_show_logo":true,"_surecart_dashboard_navigation_orders":true,"_surecart_dashboard_navigation_invoices":true,"_surecart_dashboard_navigation_subscriptions":true,"_surecart_dashboard_navigation_downloads":true,"_surecart_dashboard_navigation_billing":true,"_surecart_dashboard_navigation_account":true,"_kad_post_transparent":"","_kad_post_title":"","_kad_post_layout":"","_kad_post_sidebar_id":"","_kad_post_content_style":"","_kad_post_vertical_padding":"","_kad_post_feature":"","_kad_post_feature_position":"","_kad_post_header":false,"_kad_post_footer":false,"footnotes":""},"class_list":["post-3612","page","type-page","status-publish","hentry"],"aioseo_notices":[],"_links":{"self":[{"href":"https:\/\/mc-store.net\/ar\/wp-json\/wp\/v2\/pages\/3612","targetHints":{"allow":["GET"]}}],"collection":[{"href":"https:\/\/mc-store.net\/ar\/wp-json\/wp\/v2\/pages"}],"about":[{"href":"https:\/\/mc-store.net\/ar\/wp-json\/wp\/v2\/types\/page"}],"author":[{"embeddable":true,"href":"https:\/\/mc-store.net\/ar\/wp-json\/wp\/v2\/users\/1"}],"replies":[{"embeddable":true,"href":"https:\/\/mc-store.net\/ar\/wp-json\/wp\/v2\/comments?post=3612"}],"version-history":[{"count":15,"href":"https:\/\/mc-store.net\/ar\/wp-json\/wp\/v2\/pages\/3612\/revisions"}],"predecessor-version":[{"id":8264,"href":"https:\/\/mc-store.net\/ar\/wp-json\/wp\/v2\/pages\/3612\/revisions\/8264"}],"wp:attachment":[{"href":"https:\/\/mc-store.net\/ar\/wp-json\/wp\/v2\/media?parent=3612"}],"curies":[{"name":"wp","href":"https:\/\/api.w.org\/{rel}","templated":true}]}}