{"id":8159,"date":"2025-07-12T19:02:54","date_gmt":"2025-07-12T19:02:54","guid":{"rendered":"https:\/\/mc-store.net\/?page_id=8159"},"modified":"2025-08-09T19:30:35","modified_gmt":"2025-08-09T17:30:35","slug":"kullanim-sartlari","status":"publish","type":"page","link":"https:\/\/mc-store.net\/ar\/kullanim-sartlari\/","title":{"rendered":"Kullan\u0131m \u015eartlar\u0131"},"content":{"rendered":"<div data-elementor-type=\"wp-page\" data-elementor-id=\"8159\" class=\"elementor elementor-8159\">\n\t\t\t\t<div class=\"elementor-element elementor-element-1b33259d e-flex e-con-boxed e-con e-parent\" data-id=\"1b33259d\" data-element_type=\"container\" data-e-type=\"container\">\n\t\t\t\t\t<div class=\"e-con-inner\">\n\t\t\t\t<div class=\"elementor-element elementor-element-57343a9 elementor-widget elementor-widget-text-editor\" data-id=\"57343a9\" data-element_type=\"widget\" data-e-type=\"widget\" data-widget_type=\"text-editor.default\">\n\t\t\t\t<div class=\"elementor-widget-container\">\n\t\t\t\t\t\t\t\t\t\n<p class=\"has-text-align-center\">Bu web sitesi (<strong>mc-store.net<\/strong>), <strong>M&amp;\u00c7 STORe<\/strong> taraf\u0131ndan i\u015fletilmektedir.<\/p>\n\n\n\n<p class=\"has-text-align-center\"> Siteyi kullanarak a\u015fa\u011f\u0131daki \u015fartlar\u0131 kabul etmi\u015f say\u0131l\u0131rs\u0131n\u0131z.<\/p>\n\n\n\n<p class=\"has-text-align-center\"> <strong>\u00dcr\u00fcnler ve Sipari\u015fler<\/strong><\/p>\n\n\n\n<p class=\"has-text-align-center\"> Web sitemizde sunulan \u00fcr\u00fcnlerin \u00f6zellikleri ve fiyatlar\u0131 a\u00e7\u0131k \u015fekilde belirtilmi\u015ftir. <\/p>\n\n\n\n<p class=\"has-text-align-center\">Sipari\u015f vermek i\u00e7in ge\u00e7erli ileti\u015fim ve teslimat bilgileri gereklidir. <\/p>\n\n\n\n<p class=\"has-text-align-center\"><strong>\u00d6deme ve Kargo<\/strong> <\/p>\n\n\n\n<p class=\"has-text-align-center\">\u00d6demeler g\u00fcvenli altyap\u0131 \u00fczerinden al\u0131nmaktad\u0131r.<\/p>\n\n\n\n<p class=\"has-text-align-center\"> Kargo s\u00fcreci, \u00fcr\u00fcn sto\u011funa ve adresinize ba\u011fl\u0131 olarak 1-3 i\u015f g\u00fcn\u00fc i\u00e7inde ba\u015flar.<\/p>\n\n\n\n<p class=\"has-text-align-center\"> <strong>\u0130ade ve De\u011fi\u015fim<\/strong> <\/p>\n\n\n\n<p class=\"has-text-align-center\">Teslimattan itibaren 7 g\u00fcn i\u00e7inde iade veya de\u011fi\u015fim talep edebilirsiniz. <\/p>\n\n\n\n<p class=\"has-text-align-center\">\u00dcr\u00fcn kullan\u0131lmam\u0131\u015f ve orijinal ambalaj\u0131nda olmal\u0131d\u0131r. <\/p>\n\n\n\n<p class=\"has-text-align-center\"><strong>Fikri M\u00fclkiyet <\/strong><\/p>\n\n\n\n<p class=\"has-text-align-center\">T\u00fcm g\u00f6rseller, i\u00e7erikler ve tasar\u0131mlar <strong>M&amp;\u00c7 STORe<\/strong>\u2019a aittir. \u0130zinsiz kopyalanamaz veya kullan\u0131lamaz<\/p>\n\n\n\n<p class=\"has-text-align-center\"> <strong>De\u011fi\u015fiklik Hakk\u0131<\/strong> <\/p>\n\n\n\n<p class=\"has-text-align-center\">Site i\u00e7eri\u011fi ve kullan\u0131m ko\u015fullar\u0131, gerekti\u011finde haber vermeden g\u00fcncellenebilir<\/p>\n\n\n\n<p><\/p>\n\t\t\t\t\t\t\t\t<\/div>\n\t\t\t\t<\/div>\n\t\t\t\t\t<\/div>\n\t\t\t\t<\/div>\n\t\t\t\t<\/div>","protected":false},"excerpt":{"rendered":"<p>Bu web sitesi (mc-store.net), M&amp;\u00c7 STORe taraf\u0131ndan i\u015fletilmektedir. Siteyi kullanarak a\u015fa\u011f\u0131daki \u015fartlar\u0131 kabul etmi\u015f say\u0131l\u0131rs\u0131n\u0131z. \u00dcr\u00fcnler ve Sipari\u015fler Web sitemizde sunulan \u00fcr\u00fcnlerin \u00f6zellikleri ve fiyatlar\u0131 a\u00e7\u0131k \u015fekilde belirtilmi\u015ftir. Sipari\u015f vermek i\u00e7in ge\u00e7erli ileti\u015fim ve teslimat bilgileri gereklidir. \u00d6deme ve Kargo \u00d6demeler g\u00fcvenli altyap\u0131 \u00fczerinden al\u0131nmaktad\u0131r. Kargo s\u00fcreci, \u00fcr\u00fcn sto\u011funa ve adresinize ba\u011fl\u0131 olarak 1-3 i\u015f&#8230;<\/p>","protected":false},"author":1,"featured_media":0,"parent":0,"menu_order":0,"comment_status":"closed","ping_status":"closed","template":"","meta":{"_surecart_dashboard_logo_width":"180px","_surecart_dashboard_show_logo":true,"_surecart_dashboard_navigation_orders":true,"_surecart_dashboard_navigation_invoices":true,"_surecart_dashboard_navigation_subscriptions":true,"_surecart_dashboard_navigation_downloads":true,"_surecart_dashboard_navigation_billing":true,"_surecart_dashboard_navigation_account":true,"_kad_post_transparent":"","_kad_post_title":"","_kad_post_layout":"","_kad_post_sidebar_id":"","_kad_post_content_style":"","_kad_post_vertical_padding":"","_kad_post_feature":"","_kad_post_feature_position":"","_kad_post_header":false,"_kad_post_footer":false,"footnotes":""},"class_list":["post-8159","page","type-page","status-publish","hentry"],"aioseo_notices":[],"_links":{"self":[{"href":"https:\/\/mc-store.net\/ar\/wp-json\/wp\/v2\/pages\/8159","targetHints":{"allow":["GET"]}}],"collection":[{"href":"https:\/\/mc-store.net\/ar\/wp-json\/wp\/v2\/pages"}],"about":[{"href":"https:\/\/mc-store.net\/ar\/wp-json\/wp\/v2\/types\/page"}],"author":[{"embeddable":true,"href":"https:\/\/mc-store.net\/ar\/wp-json\/wp\/v2\/users\/1"}],"replies":[{"embeddable":true,"href":"https:\/\/mc-store.net\/ar\/wp-json\/wp\/v2\/comments?post=8159"}],"version-history":[{"count":7,"href":"https:\/\/mc-store.net\/ar\/wp-json\/wp\/v2\/pages\/8159\/revisions"}],"predecessor-version":[{"id":8273,"href":"https:\/\/mc-store.net\/ar\/wp-json\/wp\/v2\/pages\/8159\/revisions\/8273"}],"wp:attachment":[{"href":"https:\/\/mc-store.net\/ar\/wp-json\/wp\/v2\/media?parent=8159"}],"curies":[{"name":"wp","href":"https:\/\/api.w.org\/{rel}","templated":true}]}}