{"id":8188,"date":"2025-08-08T18:40:23","date_gmt":"2025-08-08T16:40:23","guid":{"rendered":"https:\/\/mc-store.net\/?page_id=8188"},"modified":"2025-08-16T14:43:06","modified_gmt":"2025-08-16T12:43:06","slug":"mesafeli-satis-sozlesmesi","status":"publish","type":"page","link":"https:\/\/mc-store.net\/ar\/mesafeli-satis-sozlesmesi\/","title":{"rendered":"Mesafeli Sat\u0131\u015f S\u00f6zle\u015fmesi"},"content":{"rendered":"<div data-elementor-type=\"wp-page\" data-elementor-id=\"8188\" class=\"elementor elementor-8188\">\n\t\t\t\t<div class=\"elementor-element elementor-element-172155a2 e-flex e-con-boxed e-con e-parent\" data-id=\"172155a2\" data-element_type=\"container\" data-e-type=\"container\">\n\t\t\t\t\t<div class=\"e-con-inner\">\n\t\t\t\t<div class=\"elementor-element elementor-element-25ae271c elementor-widget elementor-widget-text-editor\" data-id=\"25ae271c\" data-element_type=\"widget\" data-e-type=\"widget\" data-widget_type=\"text-editor.default\">\n\t\t\t\t<div class=\"elementor-widget-container\">\n\t\t\t\t\t\t\t\t\t\n<p class=\"has-text-align-left\"><strong>MADDE 1<\/strong> &#8211; TARAFLAR \u0130\u015fbu S\u00f6zle\u015fme, a\u015fa\u011f\u0131da bilgileri bulunan &#8220;ALICI&#8221; ile &#8220;SATICI&#8221; aras\u0131nda mesafeli olarak yap\u0131lm\u0131\u015ft\u0131r.<\/p>\n\n<p class=\"has-text-align-left\"><strong>SATICI B\u0130LG\u0130LER\u0130<\/strong><\/p>\n\n<p class=\"has-text-align-left\"><strong>Unvan<\/strong>: M&amp;\u00c7 STORe \/ Meys \u00c7al\u0131k<\/p>\n\n<p class=\"has-text-align-left\"><strong>Adres<\/strong>: [Bah\u00e7elievler mah\/ Gen\u00e7lik 1. Sokak\/ Bina No4\/Talas\/ Kayseri]<\/p>\n\n<p class=\"has-text-align-left\"><strong>Telefon<\/strong>: [0090 501 000 00 57]<\/p>\n\n<p class=\"has-text-align-left\"><strong>E-posta<\/strong>: [<strong>mc.store@mc-store.net<\/strong>]<\/p>\n\n<p class=\"has-text-align-left\"><strong>Mersis No<\/strong>: 2251113805<\/p>\n\n<p class=\"has-text-align-left\">[<strong>ALICI<\/strong>, sipari\u015f s\u0131ras\u0131nda beyan edilen bilgiler do\u011frultusunda tan\u0131mlanacakt\u0131r.]<\/p>\n\n<p class=\"has-text-align-left\">&#8212;<\/p>\n\n<p class=\"has-text-align-left\"><strong>MADDE 2<\/strong> &#8211; KONU \u0130\u015fbu s\u00f6zle\u015fmenin konusu, ALICI\u2019n\u0131n, SATICI\u2019ya ait <a href=\"https:\/\/mc-store.net\/ar\/\" target=\"_blank\" rel=\"noreferrer noopener\">https:\/\/mc-store.net<\/a> internet sitesi \u00fczerinden elektronik ortamda sipari\u015f verdi\u011fi a\u015fa\u011f\u0131da nitelikleri ve sat\u0131\u015f fiyat\u0131 belirtilen \u00fcr\u00fcn\/\u00fcr\u00fcnlerin sat\u0131\u015f\u0131 ve teslimi ile ilgili 6502 say\u0131l\u0131 T\u00fcketicinin Korunmas\u0131 Hakk\u0131nda Kanun ve ilgili Y\u00f6netmelikler gere\u011fince taraflar\u0131n hak ve y\u00fck\u00fcml\u00fcl\u00fcklerini kapsamaktad\u0131r.<\/p>\n\n<p class=\"has-text-align-left\">&#8212;<\/p>\n\n<p class=\"has-text-align-left\"><strong>MADDE 3<\/strong> &#8211; \u00dcR\u00dcN B\u0130LG\u0130LER\u0130 \u00dcr\u00fcn\/\u00dcr\u00fcnlerin ad\u0131, adedi, sat\u0131\u015f bedeli, \u00f6deme \u015fekli ve temel nitelikleri sipari\u015f sayfas\u0131nda belirtilmi\u015ftir<\/p>\n\n<p class=\"has-text-align-left\">&#8212;<\/p>\n\n<p class=\"has-text-align-left\"><strong>MADDE 4<\/strong> &#8211; TESL\u0130MAT \u00dcr\u00fcn, ALICI\u2019n\u0131n sipari\u015f s\u0131ras\u0131nda belirtti\u011fi teslimat adresine g\u00f6nderilecektir. Teslimat s\u00fcresi, sipari\u015fin onaylanmas\u0131ndan sonra en fazla 7 i\u015f g\u00fcn\u00fcd\u00fcr. ALICI&#8217;n\u0131n yanl\u0131\u015f adres vermesi halinde do\u011fabilecek t\u00fcm sorumluluk ALICI\u2019ya aittir.<\/p>\n\n<p class=\"has-text-align-left\">&#8212;<\/p>\n\n<p class=\"has-text-align-left\"><strong>MADDE 5<\/strong> &#8211; CAYMA HAKKI ALICI, \u00fcr\u00fcn tesliminden itibaren 14 (on d\u00f6rt) g\u00fcn i\u00e7inde hi\u00e7bir gerek\u00e7e g\u00f6stermeksizin cayma hakk\u0131n\u0131 kullanabilir. Cayma hakk\u0131 bildirimi, info@mc-store.net e-posta adresine yaz\u0131l\u0131 olarak yap\u0131lmal\u0131d\u0131r.<\/p>\n\n<p class=\"has-text-align-left\">&#8212;<\/p>\n\n<p class=\"has-text-align-left\"><strong>MADDE 6<\/strong> &#8211; CAYMA HAKKI KULLANILAMAYACAK \u00dcR\u00dcNLER Ki\u015fiye \u00f6zel \u00fcretilen veya hijyen a\u00e7\u0131s\u0131ndan iadesi uygun olmayan \u00fcr\u00fcnlerde cayma hakk\u0131 kullan\u0131lamaz<\/p>\n\n<p class=\"has-text-align-left\">&#8212;<\/p>\n\n<p class=\"has-text-align-left\"><strong>MADDE 7<\/strong> &#8211; UYU\u015eMAZLIK DURUMU Taraflar, bu s\u00f6zle\u015fmeden do\u011fabilecek uyu\u015fmazl\u0131klarda T\u00fcketici Hakem Heyetleri ve T\u00fcketici Mahkemeleri nezdinde yasal yollara ba\u015fvurabilir.<\/p>\n\n<p class=\"has-text-align-left\">&#8212;<\/p>\n\n<p class=\"has-text-align-left\"><strong>MADDE 8<\/strong> &#8211; Y\u00dcR\u00dcRL\u00dcK ALICI, sipari\u015f vermekle bu s\u00f6zle\u015fmenin t\u00fcm ko\u015fullar\u0131n\u0131 kabul etmi\u015f say\u0131l\u0131r<\/p>\n\n<p>\u00a0<\/p>\n\t\t\t\t\t\t\t\t<\/div>\n\t\t\t\t<\/div>\n\t\t\t\t\t<\/div>\n\t\t\t\t<\/div>\n\t\t\t\t<\/div>","protected":false},"excerpt":{"rendered":"<p>MADDE 1 &#8211; TARAFLAR \u0130\u015fbu S\u00f6zle\u015fme, a\u015fa\u011f\u0131da bilgileri bulunan &#8220;ALICI&#8221; ile &#8220;SATICI&#8221; aras\u0131nda mesafeli olarak yap\u0131lm\u0131\u015ft\u0131r. SATICI B\u0130LG\u0130LER\u0130 Unvan: M&amp;\u00c7 STORe \/ Meys \u00c7al\u0131k Adres: [Bah\u00e7elievler mah\/ Gen\u00e7lik 1. Sokak\/ Bina No4\/Talas\/ Kayseri] Telefon: [0090 501 000 00 57] E-posta: [mc.store@mc-store.net] Mersis No: 2251113805 [ALICI, sipari\u015f s\u0131ras\u0131nda beyan edilen bilgiler do\u011frultusunda tan\u0131mlanacakt\u0131r.] &#8212; MADDE 2&#8230;<\/p>","protected":false},"author":1,"featured_media":0,"parent":0,"menu_order":0,"comment_status":"closed","ping_status":"closed","template":"","meta":{"_surecart_dashboard_logo_width":"180px","_surecart_dashboard_show_logo":true,"_surecart_dashboard_navigation_orders":true,"_surecart_dashboard_navigation_invoices":true,"_surecart_dashboard_navigation_subscriptions":true,"_surecart_dashboard_navigation_downloads":true,"_surecart_dashboard_navigation_billing":true,"_surecart_dashboard_navigation_account":true,"_kad_post_transparent":"","_kad_post_title":"","_kad_post_layout":"","_kad_post_sidebar_id":"","_kad_post_content_style":"","_kad_post_vertical_padding":"","_kad_post_feature":"","_kad_post_feature_position":"","_kad_post_header":false,"_kad_post_footer":false,"footnotes":""},"class_list":["post-8188","page","type-page","status-publish","hentry"],"aioseo_notices":[],"_links":{"self":[{"href":"https:\/\/mc-store.net\/ar\/wp-json\/wp\/v2\/pages\/8188","targetHints":{"allow":["GET"]}}],"collection":[{"href":"https:\/\/mc-store.net\/ar\/wp-json\/wp\/v2\/pages"}],"about":[{"href":"https:\/\/mc-store.net\/ar\/wp-json\/wp\/v2\/types\/page"}],"author":[{"embeddable":true,"href":"https:\/\/mc-store.net\/ar\/wp-json\/wp\/v2\/users\/1"}],"replies":[{"embeddable":true,"href":"https:\/\/mc-store.net\/ar\/wp-json\/wp\/v2\/comments?post=8188"}],"version-history":[{"count":10,"href":"https:\/\/mc-store.net\/ar\/wp-json\/wp\/v2\/pages\/8188\/revisions"}],"predecessor-version":[{"id":8309,"href":"https:\/\/mc-store.net\/ar\/wp-json\/wp\/v2\/pages\/8188\/revisions\/8309"}],"wp:attachment":[{"href":"https:\/\/mc-store.net\/ar\/wp-json\/wp\/v2\/media?parent=8188"}],"curies":[{"name":"wp","href":"https:\/\/api.w.org\/{rel}","templated":true}]}}