{"id":8194,"date":"2025-08-09T12:35:51","date_gmt":"2025-08-09T10:35:51","guid":{"rendered":"https:\/\/mc-store.net\/?page_id=8194"},"modified":"2025-08-16T14:42:07","modified_gmt":"2025-08-16T12:42:07","slug":"iade-ve-teslimat-politikasi","status":"publish","type":"page","link":"https:\/\/mc-store.net\/ar\/iade-ve-teslimat-politikasi\/","title":{"rendered":"\u0130ade ve Teslimat Politikas\u0131"},"content":{"rendered":"<div data-elementor-type=\"wp-page\" data-elementor-id=\"8194\" class=\"elementor elementor-8194\">\n\t\t\t\t<div class=\"elementor-element elementor-element-670b5cb7 e-flex e-con-boxed e-con e-parent\" data-id=\"670b5cb7\" data-element_type=\"container\" data-e-type=\"container\">\n\t\t\t\t\t<div class=\"e-con-inner\">\n\t\t\t\t<div class=\"elementor-element elementor-element-6c57710d elementor-widget elementor-widget-text-editor\" data-id=\"6c57710d\" data-element_type=\"widget\" data-e-type=\"widget\" data-widget_type=\"text-editor.default\">\n\t\t\t\t<div class=\"elementor-widget-container\">\n\t\t\t\t\t\t\t\t\t<p><\/p>\n<p class=\"has-text-align-left\">\n<\/p><p><\/p>\n<p class=\"has-text-align-left\"><strong> Teslimat Politikas\u0131<\/strong><\/p>\n<p><\/p>\n<p class=\"has-text-align-left\">Sipari\u015fleriniz, \u00f6deme onay\u0131 al\u0131nd\u0131ktan sonra <strong>1-3 i\u015f g\u00fcn\u00fc<\/strong> i\u00e7inde kargoya verilir.<\/p>\n<p><\/p>\n<p class=\"has-text-align-left\">Teslimat s\u00fcreleri, bulundu\u011funuz \u015fehre ve kargo firmas\u0131na g\u00f6re de\u011fi\u015fiklik g\u00f6sterebilir. Genellikle kargo s\u00fcresi <strong>1-5 i\u015f g\u00fcn\u00fc<\/strong> aras\u0131nda tamamlan\u0131r.<\/p>\n<p><\/p>\n<p class=\"has-text-align-left\">Kargo \u00fccreti, sipari\u015f esnas\u0131nda belirtilir. Belirli kampanyalar kapsam\u0131nda \u00fccretsiz kargo f\u0131rsatlar\u0131 sunulabilir.<\/p>\n<p><\/p>\n<p class=\"has-text-align-left\">Sipari\u015finiz kargoya verildi\u011finde, kargo takip numaran\u0131z e-posta veya SMS yoluyla taraf\u0131n\u0131za iletilecektir.<\/p>\n<p><\/p>\n<p class=\"has-text-align-left\">&#8212;<\/p>\n<p><\/p>\n<p class=\"has-text-align-left\"><strong>\u0130ade Politikas\u0131<\/strong><\/p>\n<p><\/p>\n<p class=\"has-text-align-left\">Sat\u0131n ald\u0131\u011f\u0131n\u0131z \u00fcr\u00fcn\u00fc, teslim ald\u0131\u011f\u0131n\u0131z tarihten itibaren <strong>14 g\u00fcn<\/strong> i\u00e7inde iade edebilirsiniz.<\/p>\n<p><\/p>\n<p class=\"has-text-align-left\">\u0130ade edilecek \u00fcr\u00fcn\u00fcn kullan\u0131lmam\u0131\u015f, y\u0131kanmam\u0131\u015f ve tekrar sat\u0131labilir durumda olmas\u0131 gerekmektedir.<\/p>\n<p><\/p>\n<p class=\"has-text-align-left\">\u0130ade i\u015flemi i\u00e7in \u00f6ncelikle info@mc-store.net adresine sipari\u015f numaran\u0131z ile birlikte iade talebinizi iletiniz.<\/p>\n<p><\/p>\n<p class=\"has-text-align-left\">\u0130ade kargo \u00fccreti, \u00fcr\u00fcn\u00fcn kusurlu olmas\u0131 durumunda firmam\u0131z taraf\u0131ndan kar\u015f\u0131lan\u0131r. Kusursuz \u00fcr\u00fcn iadelerinde kargo \u00fccreti m\u00fc\u015fteriye aittir.<\/p>\n<p><\/p>\n<p class=\"has-text-align-left\">\u0130ade edilen \u00fcr\u00fcn firmam\u0131za ula\u015ft\u0131ktan sonra, \u00f6demeniz<strong> 5-10 i\u015f g\u00fcn\u00fc<\/strong> i\u00e7erisinde kulland\u0131\u011f\u0131n\u0131z \u00f6deme y\u00f6ntemi ile taraf\u0131n\u0131za iade edilir.<\/p>\n<p><\/p>\n<p class=\"has-text-align-left\">&#8212;<\/p>\n<p><\/p>\n<p class=\"has-text-align-left\"><strong>\u0130leti\u015fim Bilgileri<\/strong><\/p>\n<p><\/p>\n<p class=\"has-text-align-left\">M&amp;\u00c7 Store<\/p>\n<p><\/p>\n<p class=\"has-text-align-left\">E-posta: mc.store@mc-store.net<\/p>\n<p><\/p>\n<p class=\"has-text-align-left\">Adres: (Bah\u00e7elievler mah\/ Gen\u00e7lik 1. Sokak\/ Bina No4\/Talas\/ Kayseri)<\/p>\n<p><\/p>\n<p class=\"has-text-align-left\">Telefon: [0090 501 000 00 57]<\/p>\n<p><\/p>\n<p><\/p>\t\t\t\t\t\t\t\t<\/div>\n\t\t\t\t<\/div>\n\t\t\t\t\t<\/div>\n\t\t\t\t<\/div>\n\t\t\t\t<\/div>","protected":false},"excerpt":{"rendered":"<p>Teslimat Politikas\u0131 Sipari\u015fleriniz, \u00f6deme onay\u0131 al\u0131nd\u0131ktan sonra 1-3 i\u015f g\u00fcn\u00fc i\u00e7inde kargoya verilir. Teslimat s\u00fcreleri, bulundu\u011funuz \u015fehre ve kargo firmas\u0131na g\u00f6re de\u011fi\u015fiklik g\u00f6sterebilir. Genellikle kargo s\u00fcresi 1-5 i\u015f g\u00fcn\u00fc aras\u0131nda tamamlan\u0131r. Kargo \u00fccreti, sipari\u015f esnas\u0131nda belirtilir. Belirli kampanyalar kapsam\u0131nda \u00fccretsiz kargo f\u0131rsatlar\u0131 sunulabilir. Sipari\u015finiz kargoya verildi\u011finde, kargo takip numaran\u0131z e-posta veya SMS yoluyla taraf\u0131n\u0131za iletilecektir&#8230;.<\/p>","protected":false},"author":1,"featured_media":0,"parent":0,"menu_order":0,"comment_status":"closed","ping_status":"closed","template":"","meta":{"_surecart_dashboard_logo_width":"180px","_surecart_dashboard_show_logo":true,"_surecart_dashboard_navigation_orders":true,"_surecart_dashboard_navigation_invoices":true,"_surecart_dashboard_navigation_subscriptions":true,"_surecart_dashboard_navigation_downloads":true,"_surecart_dashboard_navigation_billing":true,"_surecart_dashboard_navigation_account":true,"_kad_post_transparent":"","_kad_post_title":"","_kad_post_layout":"","_kad_post_sidebar_id":"","_kad_post_content_style":"","_kad_post_vertical_padding":"","_kad_post_feature":"","_kad_post_feature_position":"","_kad_post_header":false,"_kad_post_footer":false,"footnotes":""},"class_list":["post-8194","page","type-page","status-publish","hentry"],"aioseo_notices":[],"_links":{"self":[{"href":"https:\/\/mc-store.net\/ar\/wp-json\/wp\/v2\/pages\/8194","targetHints":{"allow":["GET"]}}],"collection":[{"href":"https:\/\/mc-store.net\/ar\/wp-json\/wp\/v2\/pages"}],"about":[{"href":"https:\/\/mc-store.net\/ar\/wp-json\/wp\/v2\/types\/page"}],"author":[{"embeddable":true,"href":"https:\/\/mc-store.net\/ar\/wp-json\/wp\/v2\/users\/1"}],"replies":[{"embeddable":true,"href":"https:\/\/mc-store.net\/ar\/wp-json\/wp\/v2\/comments?post=8194"}],"version-history":[{"count":10,"href":"https:\/\/mc-store.net\/ar\/wp-json\/wp\/v2\/pages\/8194\/revisions"}],"predecessor-version":[{"id":8306,"href":"https:\/\/mc-store.net\/ar\/wp-json\/wp\/v2\/pages\/8194\/revisions\/8306"}],"wp:attachment":[{"href":"https:\/\/mc-store.net\/ar\/wp-json\/wp\/v2\/media?parent=8194"}],"curies":[{"name":"wp","href":"https:\/\/api.w.org\/{rel}","templated":true}]}}