{"id":10038,"date":"2025-10-05T15:20:42","date_gmt":"2025-10-05T13:20:42","guid":{"rendered":"https:\/\/mc-store.net\/?post_type=product&#038;p=10038"},"modified":"2025-12-21T18:25:25","modified_gmt":"2025-12-21T16:25:25","slug":"kadin-sweatshirt-sik-ve-ozel-tasarim-trendy-6","status":"publish","type":"product","link":"https:\/\/mc-store.net\/ar\/product\/kadin-sweatshirt-sik-ve-ozel-tasarim-trendy-6\/","title":{"rendered":"KADIN SWEATSH\u0130RT  \u015eIK VE \u00d6ZEL TASARIM TRENDY"},"content":{"rendered":"<p class=\"product-description-content\">&#8211; Kapamas\u0131z tasar\u0131m\u0131 ile rahatl\u0131k ve \u015f\u0131kl\u0131\u011f\u0131 bir arada sunar.<\/p>\n<p class=\"product-description-content\">&#8211; Cool &amp; Comfort persona&#8217;s\u0131, g\u00fcnl\u00fck kullan\u0131m i\u00e7in ideal konforu sa\u011flar.<\/p>\n<p class=\"product-description-content\">&#8211; T\u00fcm sezonlarda tercih edebilece\u011finiz, mevsim ge\u00e7i\u015flerinde de uygun bir se\u00e7enektir.<\/p>\n<p class=\"product-description-content\">&#8211; S\u00fcrd\u00fcr\u00fclebilirlik detay\u0131na sahip olmad\u0131\u011f\u0131 i\u00e7in \u00e7evre dostu bir alternatif sunmaz.<\/p>\n<p class=\"product-description-content\">&#8211; Ek \u00f6zelliklere sahip olmamas\u0131, sade ve minimalist bir g\u00f6r\u00fcn\u00fcm kazand\u0131r\u0131r.<\/p>\n<p class=\"product-description-content\">&#8211; Cepsiz tasar\u0131m\u0131yla modern ve \u015f\u0131k bir siluet olu\u015fturur.<\/p>\n<p class=\"product-description-content\">&#8211; Uzun kol tipi, mevsim ge\u00e7i\u015flerinde ekstra koruma sa\u011flar.<\/p>\n<p class=\"product-description-content\">&#8211; Casual\/G\u00fcnl\u00fck ortamlar i\u00e7in idealdir<\/p>\n<p class=\"product-description-content\">rahatl\u0131\u011f\u0131 ve stili \u00f6n planda tutar.<\/p>\n<p class=\"product-description-content\">&#8211; Dokuma materyali ile dayan\u0131kl\u0131l\u0131k ve kaliteyi hissettirir.<\/p>\n<p class=\"product-description-content\">&#8211; 2 iplik dokuma tipi, \u00fcr\u00fcn\u00fcn formunu koruyarak uzun s\u00fcreli kullan\u0131m vaat eder.<\/p>\n<p class=\"product-description-content\">&#8211; Dijital bask\u0131 deseniyle canl\u0131 renkler ve modern bir g\u00f6r\u00fcn\u00fcm elde edilir.<\/p>\n<p class=\"product-description-content\">&#8211; Tek par\u00e7a olarak gelen \u00fcr\u00fcn, kolay kombin yapabilme imkan\u0131 tan\u0131r.<\/p>\n<p class=\"product-description-content\">&#8211; Kutu olmamas\u0131 sayesinde do\u011frudan kullan\u0131m kolayl\u0131\u011f\u0131 sa\u011flar.<\/p>\n<p class=\"product-description-content\">&#8211; DTF bask\u0131 tekni\u011fi ile uzun \u00f6m\u00fcrl\u00fc ve canl\u0131 renkler sunulur.<\/p>\n<p class=\"product-description-content\">&#8211; Paket i\u00e7eri\u011fi 1 adettir<\/p>\n<p class=\"product-description-content\">ekstra par\u00e7alarla kombinleriniz zenginle\u015fir.<\/p>\n<p class=\"product-description-content\">&#8211; Casual \/ G\u00fcnl\u00fck koleksiyonuna ait bu sweatshirt, g\u00fcnl\u00fck giyimde<\/p>","protected":false},"excerpt":{"rendered":"<h1 class=\"product-title\" data-testid=\"product-title\" data-drroot=\"h1\">M.\u00c7 STORE EXCLUS\u0130VE L\u0130M\u0130TED KADIN SWAETSH\u0130RT UZUN KOLLU \u015eIK VE TREND \u00d6ZEL TASARIM<\/h1>","protected":false},"featured_media":10055,"comment_status":"open","ping_status":"closed","template":"","meta":{"_surecart_dashboard_logo_width":"180px","_surecart_dashboard_show_logo":true,"_surecart_dashboard_navigation_orders":true,"_surecart_dashboard_navigation_invoices":true,"_surecart_dashboard_navigation_subscriptions":true,"_surecart_dashboard_navigation_downloads":true,"_surecart_dashboard_navigation_billing":true,"_surecart_dashboard_navigation_account":true,"_kad_post_transparent":"default","_kad_post_title":"","_kad_post_layout":"default","_kad_post_sidebar_id":"","_kad_post_content_style":"default","_kad_post_vertical_padding":"default","_kad_post_feature":"","_kad_post_feature_position":"","_kad_post_header":false,"_kad_post_footer":false},"product_brand":[41],"product_cat":[27],"product_tag":[117],"class_list":{"0":"post-10038","1":"product","2":"type-product","3":"status-publish","4":"has-post-thumbnail","6":"product_brand-mc-familystore","7":"product_cat-sweatshirt","8":"product_tag-kadin","10":"first","11":"instock","12":"sale","13":"shipping-taxable","14":"purchasable","15":"product-type-variable","16":"entry","17":"content-bg","18":"loop-entry"},"aioseo_notices":[],"_links":{"self":[{"href":"https:\/\/mc-store.net\/ar\/wp-json\/wp\/v2\/product\/10038","targetHints":{"allow":["GET"]}}],"collection":[{"href":"https:\/\/mc-store.net\/ar\/wp-json\/wp\/v2\/product"}],"about":[{"href":"https:\/\/mc-store.net\/ar\/wp-json\/wp\/v2\/types\/product"}],"replies":[{"embeddable":true,"href":"https:\/\/mc-store.net\/ar\/wp-json\/wp\/v2\/comments?post=10038"}],"version-history":[{"count":1,"href":"https:\/\/mc-store.net\/ar\/wp-json\/wp\/v2\/product\/10038\/revisions"}],"predecessor-version":[{"id":10057,"href":"https:\/\/mc-store.net\/ar\/wp-json\/wp\/v2\/product\/10038\/revisions\/10057"}],"wp:featuredmedia":[{"embeddable":true,"href":"https:\/\/mc-store.net\/ar\/wp-json\/wp\/v2\/media\/10055"}],"wp:attachment":[{"href":"https:\/\/mc-store.net\/ar\/wp-json\/wp\/v2\/media?parent=10038"}],"wp:term":[{"taxonomy":"product_brand","embeddable":true,"href":"https:\/\/mc-store.net\/ar\/wp-json\/wp\/v2\/product_brand?post=10038"},{"taxonomy":"product_cat","embeddable":true,"href":"https:\/\/mc-store.net\/ar\/wp-json\/wp\/v2\/product_cat?post=10038"},{"taxonomy":"product_tag","embeddable":true,"href":"https:\/\/mc-store.net\/ar\/wp-json\/wp\/v2\/product_tag?post=10038"}],"curies":[{"name":"wp","href":"https:\/\/api.w.org\/{rel}","templated":true}]}}