{"id":10468,"date":"2025-10-05T17:34:36","date_gmt":"2025-10-05T15:34:36","guid":{"rendered":"https:\/\/mc-store.net\/?post_type=product&#038;p=10468"},"modified":"2025-12-21T17:49:37","modified_gmt":"2025-12-21T15:49:37","slug":"original-erkek-kapsonlu-2-ip-ozel-tasarim-cepli-buyuk-be-4","status":"publish","type":"product","link":"https:\/\/mc-store.net\/ar\/product\/original-erkek-kapsonlu-2-ip-ozel-tasarim-cepli-buyuk-be-4\/","title":{"rendered":"OR\u0130G\u0130NAL ERKEK KAP\u015eONLU 2 \u0130P \u00d6ZEL TASARIM CEPL\u0130 B\u00dcY\u00dcK BE"},"content":{"rendered":"<p class=\"product-description-content\">&#8211; Cool &amp; Comfort tasar\u0131m\u0131yla g\u00fcnl\u00fck kullan\u0131m i\u00e7in ideal, kap\u00fc\u015fonlu ve uzun kollu sweatshirt.<\/p>\n<p class=\"product-description-content\">&#8211; Regular silueti sayesinde rahat bir oturu\u015f sunar ve hareket \u00f6zg\u00fcrl\u00fc\u011f\u00fc sa\u011flar.<\/p>\n<p class=\"product-description-content\">&#8211; Dijital bask\u0131 tekni\u011fi ile \u00fcretilen desenler, canl\u0131 ve kal\u0131c\u0131 renklerle dikkat \u00e7eker.<\/p>\n<p class=\"product-description-content\">&#8211; Kanguru cep detay\u0131, pratik kullan\u0131m i\u00e7in ekstra depolama alan\u0131 sunar.<\/p>\n<p class=\"product-description-content\">&#8211; Pamuk materyali ile yumu\u015fak dokusu ve nefes alabilir yap\u0131s\u0131yla konforlu bir deneyim ya\u015fat\u0131r.<\/p>\n<p class=\"product-description-content\">&#8211; Ba\u011fc\u0131kl\u0131 kapama \u015fekli, ki\u015fisel zevke g\u00f6re ayarlama imkan\u0131 verir.<\/p>\n<p class=\"product-description-content\">&#8211; DTF bask\u0131 tekni\u011fi ile yap\u0131lan bask\u0131lar uzun \u00f6m\u00fcrl\u00fcd\u00fcr ve bask\u0131n\u0131n kalitesini korur.<\/p>\n<p class=\"product-description-content\">&#8211; 2 iplik dokuma tipi, dayan\u0131kl\u0131l\u0131\u011f\u0131 art\u0131rarak \u00fcr\u00fcn\u00fcn formunu korumas\u0131na yard\u0131mc\u0131 olur.<\/p>\n<p class=\"product-description-content\">&#8211; T\u00fcm sezonlar i\u00e7in uygun olan bu sweatshirt, y\u0131l\u0131n her zaman\u0131nda rahatl\u0131kla tercih edilebilir.<\/p>\n<p class=\"product-description-content\">&#8211; Casual\/g\u00fcnl\u00fck ortamlarda \u015f\u0131kl\u0131\u011f\u0131 ve rahatl\u0131\u011f\u0131 bir arada sunan tasar\u0131m.<\/p>\n<p class=\"product-description-content\">&#8211; Standart boyu ile farkl\u0131 v\u00fccut tiplerine uyum sa\u011flar.<\/p>\n<p class=\"product-description-content\">&#8211; Dar kal\u0131b\u0131 sayesinde modern ve \u015f\u0131k bir g\u00f6r\u00fcn\u00fcm kazand\u0131r\u0131r.<\/p>","protected":false},"excerpt":{"rendered":"<p>OR\u0130G\u0130NAL ERKEK KAP\u015eONLU UZUN KOLLU SWEATSH\u0130RT MEVS\u0130ML\u0130K 2 \u0130P \u00d6ZEL TASARIM CEPL\u0130 B\u00dcY\u00dcK BEDEN HOD\u0130E<\/p>","protected":false},"featured_media":10481,"comment_status":"open","ping_status":"closed","template":"","meta":{"_surecart_dashboard_logo_width":"180px","_surecart_dashboard_show_logo":true,"_surecart_dashboard_navigation_orders":true,"_surecart_dashboard_navigation_invoices":true,"_surecart_dashboard_navigation_subscriptions":true,"_surecart_dashboard_navigation_downloads":true,"_surecart_dashboard_navigation_billing":true,"_surecart_dashboard_navigation_account":true,"_kad_post_transparent":"default","_kad_post_title":"","_kad_post_layout":"default","_kad_post_sidebar_id":"","_kad_post_content_style":"default","_kad_post_vertical_padding":"default","_kad_post_feature":"","_kad_post_feature_position":"","_kad_post_header":false,"_kad_post_footer":false},"product_brand":[41],"product_cat":[27],"product_tag":[116],"class_list":{"0":"post-10468","1":"product","2":"type-product","3":"status-publish","4":"has-post-thumbnail","6":"product_brand-mc-familystore","7":"product_cat-sweatshirt","8":"product_tag-erkek","10":"first","11":"instock","12":"sale","13":"shipping-taxable","14":"purchasable","15":"product-type-variable","16":"entry","17":"content-bg","18":"loop-entry"},"aioseo_notices":[],"_links":{"self":[{"href":"https:\/\/mc-store.net\/ar\/wp-json\/wp\/v2\/product\/10468","targetHints":{"allow":["GET"]}}],"collection":[{"href":"https:\/\/mc-store.net\/ar\/wp-json\/wp\/v2\/product"}],"about":[{"href":"https:\/\/mc-store.net\/ar\/wp-json\/wp\/v2\/types\/product"}],"replies":[{"embeddable":true,"href":"https:\/\/mc-store.net\/ar\/wp-json\/wp\/v2\/comments?post=10468"}],"version-history":[{"count":1,"href":"https:\/\/mc-store.net\/ar\/wp-json\/wp\/v2\/product\/10468\/revisions"}],"predecessor-version":[{"id":10485,"href":"https:\/\/mc-store.net\/ar\/wp-json\/wp\/v2\/product\/10468\/revisions\/10485"}],"wp:featuredmedia":[{"embeddable":true,"href":"https:\/\/mc-store.net\/ar\/wp-json\/wp\/v2\/media\/10481"}],"wp:attachment":[{"href":"https:\/\/mc-store.net\/ar\/wp-json\/wp\/v2\/media?parent=10468"}],"wp:term":[{"taxonomy":"product_brand","embeddable":true,"href":"https:\/\/mc-store.net\/ar\/wp-json\/wp\/v2\/product_brand?post=10468"},{"taxonomy":"product_cat","embeddable":true,"href":"https:\/\/mc-store.net\/ar\/wp-json\/wp\/v2\/product_cat?post=10468"},{"taxonomy":"product_tag","embeddable":true,"href":"https:\/\/mc-store.net\/ar\/wp-json\/wp\/v2\/product_tag?post=10468"}],"curies":[{"name":"wp","href":"https:\/\/api.w.org\/{rel}","templated":true}]}}