{"id":10676,"date":"2025-10-05T18:35:12","date_gmt":"2025-10-05T16:35:12","guid":{"rendered":"https:\/\/mc-store.net\/?post_type=product&#038;p=10676"},"modified":"2025-12-21T17:16:29","modified_gmt":"2025-12-21T15:16:29","slug":"m-c-premium-original-erkek-sweatshirt-24","status":"publish","type":"product","link":"https:\/\/mc-store.net\/ar\/product\/m-c-premium-original-erkek-sweatshirt-24\/","title":{"rendered":"M.\u00c7 PREM\u0130UM OR\u0130G\u0130NAL ERKEK SWEATSH\u0130RT"},"content":{"rendered":"<p class=\"product-description-content\">&#8211; Her mevsim rahatl\u0131kla tercih edilebilen uzun kollu sweatshirt, g\u00fcnl\u00fck kullan\u0131m i\u00e7in idealdir.<\/p>\n<p class=\"product-description-content\">&#8211; %100 pamuk materyali ile cildinize nefes ald\u0131r\u0131rken, konforlu bir deneyim sunar.<\/p>\n<p class=\"product-description-content\">&#8211; 2 iplik dokuma tipi sayesinde dayan\u0131kl\u0131l\u0131k ve yumu\u015fakl\u0131k bir arada.<\/p>\n<p class=\"product-description-content\">&#8211; Modern ve \u015f\u0131k g\u00f6r\u00fcn\u00fcm\u00fcyle dikkat \u00e7eken dijital bask\u0131 deseni, tarz\u0131n\u0131za \u00f6zg\u00fcnl\u00fck katar.<\/p>\n<p class=\"product-description-content\">&#8211; Cepsiz tasar\u0131m\u0131yla minimalist ve sade bir stil olu\u015ftururken, lastikli yaka tipi ile rahat bir kullan\u0131m sa\u011flar.<\/p>\n<p class=\"product-description-content\">&#8211; Unisex koleksiyon par\u00e7as\u0131 olarak hem erkekler hem de kad\u0131nlar i\u00e7in uygundur.<\/p>\n<p class=\"product-description-content\">&#8211; Standart boy ve relaxed kal\u0131p ile v\u00fccudu saran ancak s\u0131kmayan bir yap\u0131ya sahiptir.<\/p>\n<p class=\"product-description-content\">&#8211; TR men\u015fei garantisiyle yerli \u00fcretim kalitesini hissedin.<\/p>\n<p class=\"product-description-content\">&#8211; DTF bask\u0131 tekni\u011fi ile uzun s\u00fcre canl\u0131 renkler ve net desenler korur.<\/p>\n<p class=\"product-description-content\">&#8211; Bisiklet yaka tasar\u0131m\u0131, g\u00fcnl\u00fck giyimde \u015f\u0131kl\u0131\u011f\u0131 ve rahatl\u0131\u011f\u0131 beraberinde getirir.<\/p>","protected":false},"excerpt":{"rendered":"<p>M.\u00c7 PREM\u0130UM OR\u0130G\u0130NAL ERKEK SWEATSH\u0130RT UZUN KOLLU MEVS\u0130ML\u0130K BASKILI \u00d6ZEL TASARIM HOD\u0130E<\/p>","protected":false},"featured_media":10685,"comment_status":"open","ping_status":"closed","template":"","meta":{"_surecart_dashboard_logo_width":"180px","_surecart_dashboard_show_logo":true,"_surecart_dashboard_navigation_orders":true,"_surecart_dashboard_navigation_invoices":true,"_surecart_dashboard_navigation_subscriptions":true,"_surecart_dashboard_navigation_downloads":true,"_surecart_dashboard_navigation_billing":true,"_surecart_dashboard_navigation_account":true,"_kad_post_transparent":"default","_kad_post_title":"","_kad_post_layout":"default","_kad_post_sidebar_id":"","_kad_post_content_style":"default","_kad_post_vertical_padding":"default","_kad_post_feature":"","_kad_post_feature_position":"","_kad_post_header":false,"_kad_post_footer":false},"product_brand":[41],"product_cat":[27],"product_tag":[116],"class_list":{"0":"post-10676","1":"product","2":"type-product","3":"status-publish","4":"has-post-thumbnail","6":"product_brand-mc-familystore","7":"product_cat-sweatshirt","8":"product_tag-erkek","10":"first","11":"instock","12":"sale","13":"shipping-taxable","14":"purchasable","15":"product-type-variable","16":"entry","17":"content-bg","18":"loop-entry"},"aioseo_notices":[],"_links":{"self":[{"href":"https:\/\/mc-store.net\/ar\/wp-json\/wp\/v2\/product\/10676","targetHints":{"allow":["GET"]}}],"collection":[{"href":"https:\/\/mc-store.net\/ar\/wp-json\/wp\/v2\/product"}],"about":[{"href":"https:\/\/mc-store.net\/ar\/wp-json\/wp\/v2\/types\/product"}],"replies":[{"embeddable":true,"href":"https:\/\/mc-store.net\/ar\/wp-json\/wp\/v2\/comments?post=10676"}],"version-history":[{"count":1,"href":"https:\/\/mc-store.net\/ar\/wp-json\/wp\/v2\/product\/10676\/revisions"}],"predecessor-version":[{"id":10686,"href":"https:\/\/mc-store.net\/ar\/wp-json\/wp\/v2\/product\/10676\/revisions\/10686"}],"wp:featuredmedia":[{"embeddable":true,"href":"https:\/\/mc-store.net\/ar\/wp-json\/wp\/v2\/media\/10685"}],"wp:attachment":[{"href":"https:\/\/mc-store.net\/ar\/wp-json\/wp\/v2\/media?parent=10676"}],"wp:term":[{"taxonomy":"product_brand","embeddable":true,"href":"https:\/\/mc-store.net\/ar\/wp-json\/wp\/v2\/product_brand?post=10676"},{"taxonomy":"product_cat","embeddable":true,"href":"https:\/\/mc-store.net\/ar\/wp-json\/wp\/v2\/product_cat?post=10676"},{"taxonomy":"product_tag","embeddable":true,"href":"https:\/\/mc-store.net\/ar\/wp-json\/wp\/v2\/product_tag?post=10676"}],"curies":[{"name":"wp","href":"https:\/\/api.w.org\/{rel}","templated":true}]}}