{"id":10875,"date":"2025-12-20T16:30:59","date_gmt":"2025-12-20T14:30:59","guid":{"rendered":"https:\/\/mc-store.net\/?post_type=product&#038;p=10875"},"modified":"2025-12-20T16:32:58","modified_gmt":"2025-12-20T14:32:58","slug":"sardonlu-3-iplik-kapsonlu-fermuarli-sweatshirt-7","status":"publish","type":"product","link":"https:\/\/mc-store.net\/ar\/product\/sardonlu-3-iplik-kapsonlu-fermuarli-sweatshirt-7\/","title":{"rendered":"\u015eARDONLU 3 \u0130PL\u0130K KAP\u015eONLU FERMUARLI SWEATSH\u0130RT"},"content":{"rendered":"<p>&#8211; Standart kol tasar\u0131m\u0131 ile rahat bir kullan\u0131m sunar.<br \/>\n&#8211; Y\u00fcksek kaliteli pamuk materyali sayesinde g\u00fcn boyu konfor sa\u011flar.<br \/>\n&#8211; \u00dc\u00e7 par\u00e7adan olu\u015fan set, \u015f\u0131kl\u0131\u011f\u0131 ve pratikli\u011fi bir arada sunar.<br \/>\n&#8211; Kap\u00fc\u015fonlu yaka tipi ile so\u011fuk havalarda ba\u015f\u0131n\u0131z\u0131 s\u0131cak tutar.<br \/>\n&#8211; D\u00fcz desen ve siyah renk se\u00e7ene\u011fiyle zamans\u0131z bir stil olu\u015fturur.<br \/>\n&#8211; Standart boy kesimiyle her v\u00fccut tipine uyum sa\u011flar.<br \/>\n&#8211; \u00c7ift cepli tasar\u0131m, e\u015fyalar\u0131n\u0131z i\u00e7in ekstra depolama alan\u0131 sunar.<br \/>\n&#8211; 3 iplik \u015fardonsuz dokuma tipi, dayan\u0131kl\u0131l\u0131\u011f\u0131 art\u0131r\u0131rken yumu\u015fak bir dokunu\u015f hissi verir.<br \/>\n&#8211; D\u00fcz kesim ve regular kal\u0131p ile rahat bir oturu\u015f sa\u011flar.<br \/>\n&#8211; Fermuarl\u0131 kapama \u015fekli kolay giyilip \u00e7\u0131kartmay\u0131 m\u00fcmk\u00fcn k\u0131larken, uzun kollu tasar\u0131m so\u011fuk havalarda ekstra koruma sunar.<br \/>\n&#8211; Dokuma kuma\u015f tipi dayan\u0131kl\u0131l\u0131\u011f\u0131 artt\u0131rarak uzun s\u00fcreli kullan\u0131m vaat eder.<br \/>\n&#8211; Unisex tasar\u0131m<\/p>","protected":false},"excerpt":{"rendered":"<p>\u015eARDONLU 3 \u0130PL\u0130K KAP\u015eONLU FERMUARLI SWEATSH\u0130RT BATTAL BEDEN KALIN PAMUKLU D\u00dcZ CEKET<\/p>","protected":false},"featured_media":10884,"comment_status":"open","ping_status":"closed","template":"","meta":{"_surecart_dashboard_logo_width":"180px","_surecart_dashboard_show_logo":true,"_surecart_dashboard_navigation_orders":true,"_surecart_dashboard_navigation_invoices":true,"_surecart_dashboard_navigation_subscriptions":true,"_surecart_dashboard_navigation_downloads":true,"_surecart_dashboard_navigation_billing":true,"_surecart_dashboard_navigation_account":true,"_kad_post_transparent":"default","_kad_post_title":"","_kad_post_layout":"default","_kad_post_sidebar_id":"","_kad_post_content_style":"default","_kad_post_vertical_padding":"default","_kad_post_feature":"","_kad_post_feature_position":"","_kad_post_header":false,"_kad_post_footer":false},"product_brand":[148],"product_cat":[28,27],"product_tag":[116],"class_list":{"0":"post-10875","1":"product","2":"type-product","3":"status-publish","4":"has-post-thumbnail","6":"product_brand-mc","7":"product_cat-ceket","8":"product_cat-sweatshirt","9":"product_tag-erkek","11":"first","12":"instock","13":"sale","14":"shipping-taxable","15":"purchasable","16":"product-type-variable","17":"entry","18":"content-bg","19":"loop-entry"},"aioseo_notices":[],"_links":{"self":[{"href":"https:\/\/mc-store.net\/ar\/wp-json\/wp\/v2\/product\/10875","targetHints":{"allow":["GET"]}}],"collection":[{"href":"https:\/\/mc-store.net\/ar\/wp-json\/wp\/v2\/product"}],"about":[{"href":"https:\/\/mc-store.net\/ar\/wp-json\/wp\/v2\/types\/product"}],"replies":[{"embeddable":true,"href":"https:\/\/mc-store.net\/ar\/wp-json\/wp\/v2\/comments?post=10875"}],"version-history":[{"count":2,"href":"https:\/\/mc-store.net\/ar\/wp-json\/wp\/v2\/product\/10875\/revisions"}],"predecessor-version":[{"id":10899,"href":"https:\/\/mc-store.net\/ar\/wp-json\/wp\/v2\/product\/10875\/revisions\/10899"}],"wp:featuredmedia":[{"embeddable":true,"href":"https:\/\/mc-store.net\/ar\/wp-json\/wp\/v2\/media\/10884"}],"wp:attachment":[{"href":"https:\/\/mc-store.net\/ar\/wp-json\/wp\/v2\/media?parent=10875"}],"wp:term":[{"taxonomy":"product_brand","embeddable":true,"href":"https:\/\/mc-store.net\/ar\/wp-json\/wp\/v2\/product_brand?post=10875"},{"taxonomy":"product_cat","embeddable":true,"href":"https:\/\/mc-store.net\/ar\/wp-json\/wp\/v2\/product_cat?post=10875"},{"taxonomy":"product_tag","embeddable":true,"href":"https:\/\/mc-store.net\/ar\/wp-json\/wp\/v2\/product_tag?post=10875"}],"curies":[{"name":"wp","href":"https:\/\/api.w.org\/{rel}","templated":true}]}}