{"id":10938,"date":"2025-12-20T17:32:31","date_gmt":"2025-12-20T15:32:31","guid":{"rendered":"https:\/\/mc-store.net\/?post_type=product&#038;p=10938"},"modified":"2025-12-20T17:32:31","modified_gmt":"2025-12-20T15:32:31","slug":"bisklet-yaka-erkek-triko-beyaz-kazak-silim-kalibi","status":"publish","type":"product","link":"https:\/\/mc-store.net\/ar\/product\/bisklet-yaka-erkek-triko-beyaz-kazak-silim-kalibi\/","title":{"rendered":"B\u0130SKLET YAKA ERKEK TR\u0130KO BEYAZ KAZAK S\u0130L\u0130M KALIBI"},"content":{"rendered":"<p>&#8211; Standart kol tasar\u0131m\u0131 ile rahat hareket etme \u00f6zg\u00fcrl\u00fc\u011f\u00fc sunar.<br \/>\n&#8211; Triko materyali, yumu\u015fak dokusuyla g\u00fcn boyu konfor sa\u011flar.<br \/>\n&#8211; Tek par\u00e7a halinde gelen bu kazak, pratik kullan\u0131m i\u00e7in idealdir.<br \/>\n&#8211; Bisiklet yaka tasar\u0131m\u0131 modern ve \u015f\u0131k bir g\u00f6r\u00fcn\u00fcm kazand\u0131r\u0131r.<br \/>\n&#8211; D\u00fcz deseniyle sade ve zamans\u0131z bir stil olu\u015fturur.<br \/>\n&#8211; Beyaz renk se\u00e7ene\u011fi, kolay kombin yapma imkan\u0131 sunar.<br \/>\n&#8211; Standart boy uzunlu\u011fu ile farkl\u0131 v\u00fccut tiplerine uyum sa\u011flar.<br \/>\n&#8211; Cepsiz tasar\u0131m\u0131 sayesinde minimalist bir g\u00f6r\u00fcn\u00fcm elde edilir.<br \/>\n&#8211; D\u00fcz dokuma kuma\u015f\u0131, dayan\u0131kl\u0131l\u0131\u011f\u0131 art\u0131r\u0131rken konforu korur.<br \/>\n&#8211; Kal\u0131n yap\u0131s\u0131 so\u011fuk havalarda ekstra s\u0131cakl\u0131k sunar.<br \/>\n&#8211; Slim kal\u0131p ile modern ve \u015f\u0131k bir siluet \u00e7izer.<br \/>\n&#8211; Uzun kollu tasar\u0131m k\u0131\u015f aylar\u0131nda bileklerinizi korur.<br \/>\n&#8211; D\u00fcz \u00fcr\u00fcn tipi, her t\u00fcrden alt giyimle kolayca e\u015fle\u015ftirilebilir.<br \/>\n&#8211; Yeti\u015fkin erkekler i\u00e7in uygun ya\u015f grubuna sahiptir.<br \/>\n&#8211; Cool &amp; Comfort<\/p>","protected":false},"excerpt":{"rendered":"<p>B\u0130SKLET YAKA ERKEK TR\u0130KO BEYAZ KAZAK S\u0130L\u0130M KALIBI<\/p>","protected":false},"featured_media":10939,"comment_status":"open","ping_status":"closed","template":"","meta":{"_surecart_dashboard_logo_width":"180px","_surecart_dashboard_show_logo":true,"_surecart_dashboard_navigation_orders":true,"_surecart_dashboard_navigation_invoices":true,"_surecart_dashboard_navigation_subscriptions":true,"_surecart_dashboard_navigation_downloads":true,"_surecart_dashboard_navigation_billing":true,"_surecart_dashboard_navigation_account":true,"_kad_post_transparent":"default","_kad_post_title":"","_kad_post_layout":"default","_kad_post_sidebar_id":"","_kad_post_content_style":"default","_kad_post_vertical_padding":"default","_kad_post_feature":"","_kad_post_feature_position":"","_kad_post_header":false,"_kad_post_footer":false},"product_brand":[148],"product_cat":[27],"product_tag":[116],"class_list":{"0":"post-10938","1":"product","2":"type-product","3":"status-publish","4":"has-post-thumbnail","6":"product_brand-mc","7":"product_cat-sweatshirt","8":"product_tag-erkek","10":"first","11":"instock","12":"sale","13":"shipping-taxable","14":"purchasable","15":"product-type-variable","16":"entry","17":"content-bg","18":"loop-entry"},"aioseo_notices":[],"_links":{"self":[{"href":"https:\/\/mc-store.net\/ar\/wp-json\/wp\/v2\/product\/10938","targetHints":{"allow":["GET"]}}],"collection":[{"href":"https:\/\/mc-store.net\/ar\/wp-json\/wp\/v2\/product"}],"about":[{"href":"https:\/\/mc-store.net\/ar\/wp-json\/wp\/v2\/types\/product"}],"replies":[{"embeddable":true,"href":"https:\/\/mc-store.net\/ar\/wp-json\/wp\/v2\/comments?post=10938"}],"version-history":[{"count":1,"href":"https:\/\/mc-store.net\/ar\/wp-json\/wp\/v2\/product\/10938\/revisions"}],"predecessor-version":[{"id":10944,"href":"https:\/\/mc-store.net\/ar\/wp-json\/wp\/v2\/product\/10938\/revisions\/10944"}],"wp:featuredmedia":[{"embeddable":true,"href":"https:\/\/mc-store.net\/ar\/wp-json\/wp\/v2\/media\/10939"}],"wp:attachment":[{"href":"https:\/\/mc-store.net\/ar\/wp-json\/wp\/v2\/media?parent=10938"}],"wp:term":[{"taxonomy":"product_brand","embeddable":true,"href":"https:\/\/mc-store.net\/ar\/wp-json\/wp\/v2\/product_brand?post=10938"},{"taxonomy":"product_cat","embeddable":true,"href":"https:\/\/mc-store.net\/ar\/wp-json\/wp\/v2\/product_cat?post=10938"},{"taxonomy":"product_tag","embeddable":true,"href":"https:\/\/mc-store.net\/ar\/wp-json\/wp\/v2\/product_tag?post=10938"}],"curies":[{"name":"wp","href":"https:\/\/api.w.org\/{rel}","templated":true}]}}