{"id":10961,"date":"2025-12-20T17:51:23","date_gmt":"2025-12-20T15:51:23","guid":{"rendered":"https:\/\/mc-store.net\/?post_type=product&#038;p=10961"},"modified":"2025-12-20T17:54:35","modified_gmt":"2025-12-20T15:54:35","slug":"premium-unisex-sardonlu-3-iplik-duz-baskisiz-kalin-kislik-11","status":"publish","type":"product","link":"https:\/\/mc-store.net\/ar\/product\/premium-unisex-sardonlu-3-iplik-duz-baskisiz-kalin-kislik-11\/","title":{"rendered":"PREM\u0130UM UN\u0130SEX \u015eARDONLU 3 \u0130PL\u0130K D\u00dcZ BASKISIZ KALIN KI\u015eLIK"},"content":{"rendered":"<p>&#8211; Rahat ve \u015f\u0131k bir g\u00f6r\u00fcn\u00fcm i\u00e7in tasarlanm\u0131\u015f, unisex siyah renkli kap\u00fc\u015fonlu sweatshirt.<br \/>\n&#8211; Standart boy ve relaxed kal\u0131p ile her bedene uyum sa\u011flayan geni\u015f beden se\u00e7ene\u011fi (5XL).<br \/>\n&#8211; G\u00fcnl\u00fck kullan\u0131m i\u00e7in ideal, basic ve cool bir stil sunan bu sweatshirt, her ortama uyum sa\u011flar.<br \/>\n&#8211; Uzun kollu ve kanguru cep detaylar\u0131 ile konforlu bir kullan\u0131m deneyimi.<br \/>\n&#8211; 3 iplik dokuma kuma\u015f\u0131 sayesinde dayan\u0131kl\u0131l\u0131k ve s\u0131cakl\u0131k sunar; so\u011fuk havalarda vazge\u00e7ilmez bir par\u00e7a.<br \/>\n&#8211; Bask\u0131s\u0131z tasar\u0131m\u0131 ile sade ve zamans\u0131z bir g\u00f6r\u00fcn\u00fcm elde edilir; kolayca kombinlenebilir.<br \/>\n&#8211; T\u00fcm sezonlar boyunca giyilebilen bu sweatshirt, mevsim ge\u00e7i\u015flerinde de idealdir.<br \/>\n&#8211; Y\u0131kama talimatlar\u0131na uygun \u015fekilde bak\u0131m yap\u0131ld\u0131\u011f\u0131nda uzun \u00f6m\u00fcrl\u00fc kullan\u0131m vaat eder.<br \/>\n&#8211; Kutu i\u00e7erisinde g\u00f6nderilmez; ambalajs\u0131z olarak teslim edilir.<br \/>\n&#8211; T\u00fcrkiye&#8217;de \u00fcretilmi\u015ftir, yerel \u00fcretim desteklenir.<\/p>","protected":false},"excerpt":{"rendered":"<p>PREM\u0130UM UN\u0130SEX \u015eARDONLU 3 \u0130PL\u0130K D\u00dcZ BASKISIZ KALIN KI\u015eLIK KAP\u015eONLU BAS\u0130C SWEATSH\u0130RT<\/p>","protected":false},"featured_media":10954,"comment_status":"open","ping_status":"closed","template":"","meta":{"_surecart_dashboard_logo_width":"180px","_surecart_dashboard_show_logo":true,"_surecart_dashboard_navigation_orders":true,"_surecart_dashboard_navigation_invoices":true,"_surecart_dashboard_navigation_subscriptions":true,"_surecart_dashboard_navigation_downloads":true,"_surecart_dashboard_navigation_billing":true,"_surecart_dashboard_navigation_account":true,"_kad_post_transparent":"default","_kad_post_title":"","_kad_post_layout":"default","_kad_post_sidebar_id":"","_kad_post_content_style":"default","_kad_post_vertical_padding":"default","_kad_post_feature":"","_kad_post_feature_position":"","_kad_post_header":false,"_kad_post_footer":false},"product_brand":[148],"product_cat":[27],"product_tag":[116],"class_list":{"0":"post-10961","1":"product","2":"type-product","3":"status-publish","4":"has-post-thumbnail","6":"product_brand-mc","7":"product_cat-sweatshirt","8":"product_tag-erkek","10":"first","11":"instock","12":"sale","13":"shipping-taxable","14":"purchasable","15":"product-type-variable","16":"entry","17":"content-bg","18":"loop-entry"},"aioseo_notices":[],"_links":{"self":[{"href":"https:\/\/mc-store.net\/ar\/wp-json\/wp\/v2\/product\/10961","targetHints":{"allow":["GET"]}}],"collection":[{"href":"https:\/\/mc-store.net\/ar\/wp-json\/wp\/v2\/product"}],"about":[{"href":"https:\/\/mc-store.net\/ar\/wp-json\/wp\/v2\/types\/product"}],"replies":[{"embeddable":true,"href":"https:\/\/mc-store.net\/ar\/wp-json\/wp\/v2\/comments?post=10961"}],"version-history":[{"count":1,"href":"https:\/\/mc-store.net\/ar\/wp-json\/wp\/v2\/product\/10961\/revisions"}],"predecessor-version":[{"id":10969,"href":"https:\/\/mc-store.net\/ar\/wp-json\/wp\/v2\/product\/10961\/revisions\/10969"}],"wp:featuredmedia":[{"embeddable":true,"href":"https:\/\/mc-store.net\/ar\/wp-json\/wp\/v2\/media\/10954"}],"wp:attachment":[{"href":"https:\/\/mc-store.net\/ar\/wp-json\/wp\/v2\/media?parent=10961"}],"wp:term":[{"taxonomy":"product_brand","embeddable":true,"href":"https:\/\/mc-store.net\/ar\/wp-json\/wp\/v2\/product_brand?post=10961"},{"taxonomy":"product_cat","embeddable":true,"href":"https:\/\/mc-store.net\/ar\/wp-json\/wp\/v2\/product_cat?post=10961"},{"taxonomy":"product_tag","embeddable":true,"href":"https:\/\/mc-store.net\/ar\/wp-json\/wp\/v2\/product_tag?post=10961"}],"curies":[{"name":"wp","href":"https:\/\/api.w.org\/{rel}","templated":true}]}}