{"id":10991,"date":"2025-12-20T18:03:29","date_gmt":"2025-12-20T16:03:29","guid":{"rendered":"https:\/\/mc-store.net\/?post_type=product&#038;p=10991"},"modified":"2025-12-20T18:07:14","modified_gmt":"2025-12-20T16:07:14","slug":"premium-sardonlu-3-iplik-dtf-baski-kalin-kislik-kapsonlu-1","status":"publish","type":"product","link":"https:\/\/mc-store.net\/ar\/product\/premium-sardonlu-3-iplik-dtf-baski-kalin-kislik-kapsonlu-1\/","title":{"rendered":"PREM\u0130UM \u015eARDONLU 3 \u0130PL\u0130K DTF BASKI KALIN KI\u015eLIK KAP\u015eONLU"},"content":{"rendered":"<p>&#8211; Uzun kollu tasar\u0131m\u0131 ile k\u0131\u015f aylar\u0131nda bileklerinizi s\u0131cak tutar ve konforlu bir kullan\u0131m sa\u011flar.<br \/>\n&#8211; Y\u00fcksek kaliteli pamuk materyali, cildinizle dost dokunu\u015fuyla g\u00fcn boyu rahatl\u0131k sunar.<br \/>\n&#8211; Tek par\u00e7a halinde gelen bu sweatshirt, minimalist gard\u0131roplar i\u00e7in idealdir.<br \/>\n&#8211; Kap\u00fc\u015fonlu yaka tipi, ba\u015f\u0131n\u0131z\u0131 so\u011fuktan korurken \u015f\u0131k bir g\u00f6r\u00fcn\u00fcm kazand\u0131r\u0131r.<br \/>\n&#8211; DTF bask\u0131 tekni\u011fi ile \u00fcretilen desen, canl\u0131 ve kal\u0131c\u0131 renklerle dikkat \u00e7eker.<br \/>\n&#8211; Siyah renk se\u00e7ene\u011fiyle her t\u00fcrden kombinle uyum sa\u011flar ve zamans\u0131z bir stil olu\u015fturur.<br \/>\n&#8211; Normal boy kesimi sayesinde v\u00fccut hatlar\u0131n\u0131za uyum sa\u011flayarak rahat bir kullan\u0131m sunar.<br \/>\n&#8211; 3 iplik dokuma tipi, dayan\u0131kl\u0131l\u0131\u011f\u0131 art\u0131r\u0131rken yumu\u015fak bir dokunu\u015f hissi verir.<br \/>\n&#8211; Comfort kal\u0131b\u0131 ile hareket \u00f6zg\u00fcrl\u00fc\u011f\u00fcn\u00fcz\u00fc k\u0131s\u0131tlamaz, g\u00fcn boyu rahat etmenizi sa\u011flar.<br \/>\n&#8211; Kapamas\u0131z tasar\u0131m\u0131 sayesinde giyip \u00e7\u0131karmas\u0131 kolayd\u0131r ve pratik kullan\u0131m imkan\u0131 tan\u0131r.<br \/>\n&#8211; Dantel kuma\u015f tipi ile<\/p>","protected":false},"excerpt":{"rendered":"<p>PREM\u0130UM UN\u0130SEX \u015eARDONLU 3 \u0130PL\u0130K DTF BASKI KALIN KI\u015eLIK KAP\u015eONLU BAS\u0130C SWEATSH\u0130RT<\/p>","protected":false},"featured_media":11000,"comment_status":"open","ping_status":"closed","template":"","meta":{"_surecart_dashboard_logo_width":"180px","_surecart_dashboard_show_logo":true,"_surecart_dashboard_navigation_orders":true,"_surecart_dashboard_navigation_invoices":true,"_surecart_dashboard_navigation_subscriptions":true,"_surecart_dashboard_navigation_downloads":true,"_surecart_dashboard_navigation_billing":true,"_surecart_dashboard_navigation_account":true,"_kad_post_transparent":"default","_kad_post_title":"","_kad_post_layout":"default","_kad_post_sidebar_id":"","_kad_post_content_style":"default","_kad_post_vertical_padding":"default","_kad_post_feature":"","_kad_post_feature_position":"","_kad_post_header":false,"_kad_post_footer":false},"product_brand":[148],"product_cat":[27],"product_tag":[116],"class_list":{"0":"post-10991","1":"product","2":"type-product","3":"status-publish","4":"has-post-thumbnail","6":"product_brand-mc","7":"product_cat-sweatshirt","8":"product_tag-erkek","10":"first","11":"instock","12":"sale","13":"shipping-taxable","14":"purchasable","15":"product-type-variable","16":"entry","17":"content-bg","18":"loop-entry"},"aioseo_notices":[],"_links":{"self":[{"href":"https:\/\/mc-store.net\/ar\/wp-json\/wp\/v2\/product\/10991","targetHints":{"allow":["GET"]}}],"collection":[{"href":"https:\/\/mc-store.net\/ar\/wp-json\/wp\/v2\/product"}],"about":[{"href":"https:\/\/mc-store.net\/ar\/wp-json\/wp\/v2\/types\/product"}],"replies":[{"embeddable":true,"href":"https:\/\/mc-store.net\/ar\/wp-json\/wp\/v2\/comments?post=10991"}],"version-history":[{"count":1,"href":"https:\/\/mc-store.net\/ar\/wp-json\/wp\/v2\/product\/10991\/revisions"}],"predecessor-version":[{"id":11005,"href":"https:\/\/mc-store.net\/ar\/wp-json\/wp\/v2\/product\/10991\/revisions\/11005"}],"wp:featuredmedia":[{"embeddable":true,"href":"https:\/\/mc-store.net\/ar\/wp-json\/wp\/v2\/media\/11000"}],"wp:attachment":[{"href":"https:\/\/mc-store.net\/ar\/wp-json\/wp\/v2\/media?parent=10991"}],"wp:term":[{"taxonomy":"product_brand","embeddable":true,"href":"https:\/\/mc-store.net\/ar\/wp-json\/wp\/v2\/product_brand?post=10991"},{"taxonomy":"product_cat","embeddable":true,"href":"https:\/\/mc-store.net\/ar\/wp-json\/wp\/v2\/product_cat?post=10991"},{"taxonomy":"product_tag","embeddable":true,"href":"https:\/\/mc-store.net\/ar\/wp-json\/wp\/v2\/product_tag?post=10991"}],"curies":[{"name":"wp","href":"https:\/\/api.w.org\/{rel}","templated":true}]}}