{"id":11047,"date":"2025-12-20T18:14:31","date_gmt":"2025-12-20T16:14:31","guid":{"rendered":"https:\/\/mc-store.net\/?post_type=product&#038;p=11047"},"modified":"2025-12-20T18:16:04","modified_gmt":"2025-12-20T16:16:04","slug":"premium-unisex-sardonlu-3-iplik-dtf-baski-kalin-kislik-kapsonlu-1-2","status":"publish","type":"product","link":"https:\/\/mc-store.net\/ar\/product\/premium-unisex-sardonlu-3-iplik-dtf-baski-kalin-kislik-kapsonlu-1-2\/","title":{"rendered":"PREM\u0130UM UN\u0130SEX \u015eARDONLU 3 \u0130PL\u0130K DTF BASKI KALIN KI\u015eLIK KAP\u015eONLU"},"content":{"rendered":"<p>&#8211; Uzun kollu tasar\u0131m\u0131 ile mevsim ge\u00e7i\u015flerinde ve so\u011fuk havalarda ideal konfor sunar.<br \/>\n&#8211; %100 pamuk materyali sayesinde yumu\u015fak dokusuyla g\u00fcn boyu rahat bir kullan\u0131m sa\u011flar.<br \/>\n&#8211; Tek par\u00e7a halinde gelen bu sweatshirt, pratik ve \u015f\u0131k bir g\u00f6r\u00fcn\u00fcm sunar.<br \/>\n&#8211; Kap\u00fc\u015fonlu yaka tipi ile hem stil sahibi bir g\u00f6r\u00fcn\u00fcm kazand\u0131r\u0131r hem de ba\u015f ve boyun b\u00f6lgesini so\u011fuktan korur.<br \/>\n&#8211; Modern DTF bask\u0131 teknolojisi ile \u00fcretilen desen, uzun \u00f6m\u00fcrl\u00fc ve canl\u0131 renkler sunar.<br \/>\n&#8211; Gri renk se\u00e7ene\u011fiyle kolayca kombinlenebilir ve zamans\u0131z bir tarz yarat\u0131r.<br \/>\n&#8211; Normal boy kesimiyle her v\u00fccut tipine uyum sa\u011flar ve rahat bir oturu\u015f sunar.<br \/>\n&#8211; 3 iplik dokuma tipi, dayan\u0131kl\u0131l\u0131\u011f\u0131 artt\u0131rarak \u00fcr\u00fcn\u00fcn formunu korumas\u0131na yard\u0131mc\u0131 olur.<br \/>\n&#8211; Comfort kal\u0131b\u0131 ile v\u00fccudu saran ancak s\u0131kmayan ideal bir yap\u0131ya sahiptir.<br \/>\n&#8211; Kapamas\u0131z tasar\u0131m\u0131 sayesinde giyip \u00e7\u0131karmas\u0131 kolayd\u0131r ve pratik kullan\u0131m imkan\u0131 tan\u0131r.<br \/>\n&#8211; Dantel kuma\u015f tipiyle<\/p>","protected":false},"excerpt":{"rendered":"<p>PREM\u0130UM UN\u0130SEX \u015eARDONLU 3 \u0130PL\u0130K DTF BASKI KALIN KI\u015eLIK KAP\u015eONLU BAS\u0130C SWEATSH\u0130RT<\/p>","protected":false},"featured_media":11056,"comment_status":"open","ping_status":"closed","template":"","meta":{"_surecart_dashboard_logo_width":"180px","_surecart_dashboard_show_logo":true,"_surecart_dashboard_navigation_orders":true,"_surecart_dashboard_navigation_invoices":true,"_surecart_dashboard_navigation_subscriptions":true,"_surecart_dashboard_navigation_downloads":true,"_surecart_dashboard_navigation_billing":true,"_surecart_dashboard_navigation_account":true,"_kad_post_transparent":"default","_kad_post_title":"","_kad_post_layout":"default","_kad_post_sidebar_id":"","_kad_post_content_style":"default","_kad_post_vertical_padding":"default","_kad_post_feature":"","_kad_post_feature_position":"","_kad_post_header":false,"_kad_post_footer":false},"product_brand":[148],"product_cat":[27],"product_tag":[116],"class_list":{"0":"post-11047","1":"product","2":"type-product","3":"status-publish","4":"has-post-thumbnail","6":"product_brand-mc","7":"product_cat-sweatshirt","8":"product_tag-erkek","10":"first","11":"instock","12":"sale","13":"shipping-taxable","14":"purchasable","15":"product-type-variable","16":"entry","17":"content-bg","18":"loop-entry"},"aioseo_notices":[],"_links":{"self":[{"href":"https:\/\/mc-store.net\/ar\/wp-json\/wp\/v2\/product\/11047","targetHints":{"allow":["GET"]}}],"collection":[{"href":"https:\/\/mc-store.net\/ar\/wp-json\/wp\/v2\/product"}],"about":[{"href":"https:\/\/mc-store.net\/ar\/wp-json\/wp\/v2\/types\/product"}],"replies":[{"embeddable":true,"href":"https:\/\/mc-store.net\/ar\/wp-json\/wp\/v2\/comments?post=11047"}],"version-history":[{"count":1,"href":"https:\/\/mc-store.net\/ar\/wp-json\/wp\/v2\/product\/11047\/revisions"}],"predecessor-version":[{"id":11057,"href":"https:\/\/mc-store.net\/ar\/wp-json\/wp\/v2\/product\/11047\/revisions\/11057"}],"wp:featuredmedia":[{"embeddable":true,"href":"https:\/\/mc-store.net\/ar\/wp-json\/wp\/v2\/media\/11056"}],"wp:attachment":[{"href":"https:\/\/mc-store.net\/ar\/wp-json\/wp\/v2\/media?parent=11047"}],"wp:term":[{"taxonomy":"product_brand","embeddable":true,"href":"https:\/\/mc-store.net\/ar\/wp-json\/wp\/v2\/product_brand?post=11047"},{"taxonomy":"product_cat","embeddable":true,"href":"https:\/\/mc-store.net\/ar\/wp-json\/wp\/v2\/product_cat?post=11047"},{"taxonomy":"product_tag","embeddable":true,"href":"https:\/\/mc-store.net\/ar\/wp-json\/wp\/v2\/product_tag?post=11047"}],"curies":[{"name":"wp","href":"https:\/\/api.w.org\/{rel}","templated":true}]}}