{"id":7543,"date":"2025-06-23T18:20:56","date_gmt":"2025-06-23T18:20:56","guid":{"rendered":"https:\/\/mc-store.net\/?post_type=product&#038;p=7543"},"modified":"2025-08-20T12:33:48","modified_gmt":"2025-08-20T10:33:48","slug":"erkek-baskili-oversize-t-shirt-6","status":"publish","type":"product","link":"https:\/\/mc-store.net\/ar\/product\/erkek-baskili-oversize-t-shirt-6\/","title":{"rendered":"ERKEK BASKILI  OVERS\u0130ZE  T-SH\u0130RT"},"content":{"rendered":"<p>&#8211; %100 pamuk kuma\u015ftan \u00fcretilmi\u015f, cildinize nefes ald\u0131ran ve g\u00fcn boyu konfor sa\u011flayan oversize t-shirt.;<\/p>\n<p>&#8211; Rahat kesimi ile hareket \u00f6zg\u00fcrl\u00fc\u011f\u00fcn\u00fcz\u00fc k\u0131s\u0131tlamayan, g\u00fcnl\u00fck kullan\u0131m i\u00e7in ideal bir spor giyim par\u00e7as\u0131.;<\/p>\n<p>&#8211; Unisex tasar\u0131m\u0131 sayesinde herkes taraf\u0131ndan rahatl\u0131kla tercih edilebilen, zamans\u0131z bir stil sunar.;<\/p>\n<p>&#8211; Standart boy uzunlu\u011fuyla farkl\u0131 v\u00fccut tiplerine uyum sa\u011flayarak \u015f\u0131k bir g\u00f6r\u00fcn\u00fcm kazand\u0131r\u0131r.;<\/p>\n<p>&#8211; Bisiklet yakas\u0131 ile modern ve minimalist bir tarz yarat\u0131rken, k\u0131sa kollu yap\u0131s\u0131 yaz aylar\u0131 i\u00e7in m\u00fckemmel bir se\u00e7imdir.;<\/p>\n<p>&#8211; G\u00fcnl\u00fck ortamlarda rahatl\u0131kla kullanabilece\u011finiz bu t-shirt, spor aktivitelerinden \u015fehir hayat\u0131na kadar geni\u015f bir kullan\u0131m alan\u0131na sahiptir.;<\/p>\n<p>&#8211; Bask\u0131l\u0131 deseniyle dikkat \u00e7ekici detaylara sahip olup, stilinizi ki\u015fiselle\u015ftirme imkan\u0131 tan\u0131r.;<\/p>\n<p>&#8211; K\u0131sa kol boyu sayesinde serin tutarken ayn\u0131 zamanda \u015f\u0131kl\u0131\u011f\u0131n\u0131zdan \u00f6d\u00fcn vermezsiniz.;<\/p>","protected":false},"excerpt":{"rendered":"<p>&#8211; %100 pamuk kuma\u015ftan \u00fcretilmi\u015f, cildinize nefes ald\u0131ran ve g\u00fcn boyu konfor sa\u011flayan oversize t-shirt.; &#8211; Rahat kesimi ile hareket \u00f6zg\u00fcrl\u00fc\u011f\u00fcn\u00fcz\u00fc k\u0131s\u0131tlamayan, g\u00fcnl\u00fck kullan\u0131m i\u00e7in ideal bir spor giyim par\u00e7as\u0131.; &#8211; Unisex tasar\u0131m\u0131 sayesinde herkes taraf\u0131ndan rahatl\u0131kla tercih edilebilen, zamans\u0131z bir stil sunar.; &#8211; Standart boy uzunlu\u011fuyla farkl\u0131 v\u00fccut tiplerine uyum sa\u011flayarak \u015f\u0131k bir g\u00f6r\u00fcn\u00fcm&#8230;<\/p>","protected":false},"featured_media":7556,"comment_status":"open","ping_status":"closed","template":"elementor_theme","meta":{"_surecart_dashboard_logo_width":"180px","_surecart_dashboard_show_logo":true,"_surecart_dashboard_navigation_orders":true,"_surecart_dashboard_navigation_invoices":true,"_surecart_dashboard_navigation_subscriptions":true,"_surecart_dashboard_navigation_downloads":true,"_surecart_dashboard_navigation_billing":true,"_surecart_dashboard_navigation_account":true,"_kad_post_transparent":"default","_kad_post_title":"","_kad_post_layout":"default","_kad_post_sidebar_id":"","_kad_post_content_style":"default","_kad_post_vertical_padding":"default","_kad_post_feature":"","_kad_post_feature_position":"","_kad_post_header":false,"_kad_post_footer":false},"product_brand":[41],"product_cat":[70],"product_tag":[116],"class_list":{"0":"post-7543","1":"product","2":"type-product","3":"status-publish","4":"has-post-thumbnail","6":"product_brand-mc-familystore","7":"product_cat-t-shirt","8":"product_tag-erkek","10":"first","11":"instock","12":"sale","13":"shipping-taxable","14":"purchasable","15":"product-type-variable","16":"entry","17":"content-bg","18":"loop-entry"},"aioseo_notices":[],"_links":{"self":[{"href":"https:\/\/mc-store.net\/ar\/wp-json\/wp\/v2\/product\/7543","targetHints":{"allow":["GET"]}}],"collection":[{"href":"https:\/\/mc-store.net\/ar\/wp-json\/wp\/v2\/product"}],"about":[{"href":"https:\/\/mc-store.net\/ar\/wp-json\/wp\/v2\/types\/product"}],"replies":[{"embeddable":true,"href":"https:\/\/mc-store.net\/ar\/wp-json\/wp\/v2\/comments?post=7543"}],"version-history":[{"count":3,"href":"https:\/\/mc-store.net\/ar\/wp-json\/wp\/v2\/product\/7543\/revisions"}],"predecessor-version":[{"id":8404,"href":"https:\/\/mc-store.net\/ar\/wp-json\/wp\/v2\/product\/7543\/revisions\/8404"}],"wp:featuredmedia":[{"embeddable":true,"href":"https:\/\/mc-store.net\/ar\/wp-json\/wp\/v2\/media\/7556"}],"wp:attachment":[{"href":"https:\/\/mc-store.net\/ar\/wp-json\/wp\/v2\/media?parent=7543"}],"wp:term":[{"taxonomy":"product_brand","embeddable":true,"href":"https:\/\/mc-store.net\/ar\/wp-json\/wp\/v2\/product_brand?post=7543"},{"taxonomy":"product_cat","embeddable":true,"href":"https:\/\/mc-store.net\/ar\/wp-json\/wp\/v2\/product_cat?post=7543"},{"taxonomy":"product_tag","embeddable":true,"href":"https:\/\/mc-store.net\/ar\/wp-json\/wp\/v2\/product_tag?post=7543"}],"curies":[{"name":"wp","href":"https:\/\/api.w.org\/{rel}","templated":true}]}}