{"id":7656,"date":"2025-06-29T15:04:35","date_gmt":"2025-06-29T15:04:35","guid":{"rendered":"https:\/\/mc-store.net\/?post_type=product&#038;p=7656"},"modified":"2025-09-05T19:00:42","modified_gmt":"2025-09-05T17:00:42","slug":"kiz-ernen-bebek-cocuk-jean-salopet","status":"publish","type":"product","link":"https:\/\/mc-store.net\/ar\/product\/kiz-ernen-bebek-cocuk-jean-salopet\/","title":{"rendered":"K\u0131z Ernen Bebek \u00c7ocuk Jean Salopet"},"content":{"rendered":"<p>&#8211; Bebeklerinize \u00f6zel tasarlanm\u0131\u015f, rahat hareket edebilme imkan\u0131 sunan regular kal\u0131p.<br \/>\n&#8211; D\u00fcz desenli ve gri renkteki bu kot tulum tak\u0131m\u0131, \u015f\u0131kl\u0131\u011f\u0131 ve konforu bir arada sunar.<br \/>\n&#8211; Unisex tasar\u0131m\u0131 sayesinde hem k\u0131z hem erkek bebekler i\u00e7in uygundur.<br \/>\n&#8211; G\u00fcnl\u00fck kullan\u0131m i\u00e7in ideal olan bu tak\u0131m, casual ortamlarda rahatl\u0131kla tercih edilebilir.<br \/>\n&#8211; K\u0131sa kol ve bisiklet yakas\u0131 detay\u0131 ile yaz aylar\u0131nda serinlik sa\u011flar.<br \/>\n&#8211; Kolay bak\u0131m avantaj\u0131 sunan y\u0131kama talimatlar\u0131na sahiptir; Type 1 olarak belirtilmi\u015ftir.<br \/>\n&#8211; Gri tonlar\u0131ndaki web color \u00f6zelli\u011fi ile modern ve zamans\u0131z bir g\u00f6r\u00fcn\u00fcm kazand\u0131r\u0131r.<br \/>\n&#8211; 24-9 ay bedeniyle yeni do\u011fanlardan k\u00fc\u00e7\u00fck \u00e7ocuklara kadar geni\u015f ya\u015f aral\u0131\u011f\u0131na hitap eder.<br \/>\n&#8211; Casual giyim tarz\u0131na uygun pa\u00e7a tipi ve regular kesimiyle g\u00fcnl\u00fck kullan\u0131m i\u00e7in m\u00fckemmeldir.<\/p>","protected":false},"excerpt":{"rendered":"<p>&#8211; Bebeklerinize \u00f6zel tasarlanm\u0131\u015f, rahat hareket edebilme imkan\u0131 sunan regular kal\u0131p. &#8211; D\u00fcz desenli ve gri renkteki bu kot tulum tak\u0131m\u0131, \u015f\u0131kl\u0131\u011f\u0131 ve konforu bir arada sunar. &#8211; Unisex tasar\u0131m\u0131 sayesinde hem k\u0131z hem erkek bebekler i\u00e7in uygundur. &#8211; G\u00fcnl\u00fck kullan\u0131m i\u00e7in ideal olan bu tak\u0131m, casual ortamlarda rahatl\u0131kla tercih edilebilir. &#8211; K\u0131sa kol ve&#8230;<\/p>","protected":false},"featured_media":9179,"comment_status":"open","ping_status":"closed","template":"","meta":{"_surecart_dashboard_logo_width":"180px","_surecart_dashboard_show_logo":true,"_surecart_dashboard_navigation_orders":true,"_surecart_dashboard_navigation_invoices":true,"_surecart_dashboard_navigation_subscriptions":true,"_surecart_dashboard_navigation_downloads":true,"_surecart_dashboard_navigation_billing":true,"_surecart_dashboard_navigation_account":true,"_kad_post_transparent":"default","_kad_post_title":"","_kad_post_layout":"default","_kad_post_sidebar_id":"","_kad_post_content_style":"default","_kad_post_vertical_padding":"default","_kad_post_feature":"","_kad_post_feature_position":"","_kad_post_header":false,"_kad_post_footer":false},"product_brand":[41],"product_cat":[63,123,30,15],"product_tag":[120,121,119,118],"class_list":{"0":"post-7656","1":"product","2":"type-product","3":"status-publish","4":"has-post-thumbnail","6":"product_brand-mc-familystore","7":"product_cat-bebek-takimi","8":"product_cat-firsat-urunleri","9":"product_cat-salopet","10":"product_cat-tulum","11":"product_tag-erkek-bebek","12":"product_tag-erkek-cocuk","13":"product_tag-kiz-bebek","14":"product_tag-cocuk","16":"first","17":"instock","18":"sale","19":"shipping-taxable","20":"purchasable","21":"product-type-variable","22":"entry","23":"content-bg","24":"loop-entry"},"aioseo_notices":[],"_links":{"self":[{"href":"https:\/\/mc-store.net\/ar\/wp-json\/wp\/v2\/product\/7656","targetHints":{"allow":["GET"]}}],"collection":[{"href":"https:\/\/mc-store.net\/ar\/wp-json\/wp\/v2\/product"}],"about":[{"href":"https:\/\/mc-store.net\/ar\/wp-json\/wp\/v2\/types\/product"}],"replies":[{"embeddable":true,"href":"https:\/\/mc-store.net\/ar\/wp-json\/wp\/v2\/comments?post=7656"}],"version-history":[{"count":4,"href":"https:\/\/mc-store.net\/ar\/wp-json\/wp\/v2\/product\/7656\/revisions"}],"predecessor-version":[{"id":8525,"href":"https:\/\/mc-store.net\/ar\/wp-json\/wp\/v2\/product\/7656\/revisions\/8525"}],"wp:featuredmedia":[{"embeddable":true,"href":"https:\/\/mc-store.net\/ar\/wp-json\/wp\/v2\/media\/9179"}],"wp:attachment":[{"href":"https:\/\/mc-store.net\/ar\/wp-json\/wp\/v2\/media?parent=7656"}],"wp:term":[{"taxonomy":"product_brand","embeddable":true,"href":"https:\/\/mc-store.net\/ar\/wp-json\/wp\/v2\/product_brand?post=7656"},{"taxonomy":"product_cat","embeddable":true,"href":"https:\/\/mc-store.net\/ar\/wp-json\/wp\/v2\/product_cat?post=7656"},{"taxonomy":"product_tag","embeddable":true,"href":"https:\/\/mc-store.net\/ar\/wp-json\/wp\/v2\/product_tag?post=7656"}],"curies":[{"name":"wp","href":"https:\/\/api.w.org\/{rel}","templated":true}]}}