{"id":7673,"date":"2025-06-29T16:45:26","date_gmt":"2025-06-29T16:45:26","guid":{"rendered":"https:\/\/mc-store.net\/?post_type=product&#038;p=7673"},"modified":"2025-09-03T21:59:51","modified_gmt":"2025-09-03T19:59:51","slug":"kiz-erkek-bebek-cocuk-2-li-kot-tulum-takim","status":"publish","type":"product","link":"https:\/\/mc-store.net\/ar\/product\/kiz-erkek-bebek-cocuk-2-li-kot-tulum-takim\/","title":{"rendered":"KIZ ERKEK BEBEK \u00c7ocuk 2&#8242; Li Kot Tulum Takim"},"content":{"rendered":"<p>&#8211; Unisex tasar\u0131m\u0131yla hem k\u0131z hem de erkek bebekler i\u00e7in uygun, \u015f\u0131k ve rahat bir se\u00e7im.;<br \/>\n&#8211; Regular kal\u0131p sayesinde v\u00fccuda tam oturan ancak s\u0131k\u0131\u015ft\u0131rmayan konforlu bir yap\u0131 sunar.;<br \/>\n&#8211; T\u00fcrkiye men\u015feli olup yerel \u00fcretim standartlar\u0131na uygun olarak \u00fcretilmi\u015ftir.;<br \/>\n&#8211; Bebeklerin cildine zarar vermeyen keten materyali ile do\u011fal bir dokunu\u015f sa\u011flar.;<br \/>\n&#8211; G\u00fcnl\u00fck kullan\u0131ma uygun casual tarz\u0131yla her ortamda rahatl\u0131kla tercih edilebilir.;<br \/>\n&#8211; \u0130ki par\u00e7adan olu\u015fan set i\u00e7eri\u011fiyle pratik ve ekonomik bir se\u00e7enek olu\u015fturur; 2&#8217;li paket avantajl\u0131d\u0131r.;<br \/>\n&#8211; K\u0131sa kollu tasar\u0131m yaz aylar\u0131 i\u00e7in idealdirken, bisiklet yakas\u0131 modern bir g\u00f6r\u00fcn\u00fcm kazand\u0131r\u0131r.;<br \/>\n&#8211; Regular pa\u00e7a tipi sayesinde hareket \u00f6zg\u00fcrl\u00fc\u011f\u00fcn\u00fc k\u0131s\u0131tlamaz ve g\u00fcn boyu rahat etmenizi sa\u011flar.;<\/p>","protected":false},"excerpt":{"rendered":"<p>&#8211; Unisex tasar\u0131m\u0131yla hem k\u0131z hem de erkek bebekler i\u00e7in uygun, \u015f\u0131k ve rahat bir se\u00e7im.; &#8211; Regular kal\u0131p sayesinde v\u00fccuda tam oturan ancak s\u0131k\u0131\u015ft\u0131rmayan konforlu bir yap\u0131 sunar.; &#8211; T\u00fcrkiye men\u015feli olup yerel \u00fcretim standartlar\u0131na uygun olarak \u00fcretilmi\u015ftir.; &#8211; Bebeklerin cildine zarar vermeyen keten materyali ile do\u011fal bir dokunu\u015f sa\u011flar.; &#8211; G\u00fcnl\u00fck kullan\u0131ma uygun&#8230;<\/p>","protected":false},"featured_media":9154,"comment_status":"open","ping_status":"closed","template":"","meta":{"_surecart_dashboard_logo_width":"180px","_surecart_dashboard_show_logo":true,"_surecart_dashboard_navigation_orders":true,"_surecart_dashboard_navigation_invoices":true,"_surecart_dashboard_navigation_subscriptions":true,"_surecart_dashboard_navigation_downloads":true,"_surecart_dashboard_navigation_billing":true,"_surecart_dashboard_navigation_account":true,"_kad_post_transparent":"default","_kad_post_title":"","_kad_post_layout":"default","_kad_post_sidebar_id":"","_kad_post_content_style":"default","_kad_post_vertical_padding":"default","_kad_post_feature":"","_kad_post_feature_position":"","_kad_post_header":false,"_kad_post_footer":false},"product_brand":[41],"product_cat":[63,123,30,15],"product_tag":[120,121],"class_list":{"0":"post-7673","1":"product","2":"type-product","3":"status-publish","4":"has-post-thumbnail","6":"product_brand-mc-familystore","7":"product_cat-bebek-takimi","8":"product_cat-firsat-urunleri","9":"product_cat-salopet","10":"product_cat-tulum","11":"product_tag-erkek-bebek","12":"product_tag-erkek-cocuk","14":"first","15":"instock","16":"sale","17":"shipping-taxable","18":"purchasable","19":"product-type-variable","20":"entry","21":"content-bg","22":"loop-entry"},"aioseo_notices":[],"_links":{"self":[{"href":"https:\/\/mc-store.net\/ar\/wp-json\/wp\/v2\/product\/7673","targetHints":{"allow":["GET"]}}],"collection":[{"href":"https:\/\/mc-store.net\/ar\/wp-json\/wp\/v2\/product"}],"about":[{"href":"https:\/\/mc-store.net\/ar\/wp-json\/wp\/v2\/types\/product"}],"replies":[{"embeddable":true,"href":"https:\/\/mc-store.net\/ar\/wp-json\/wp\/v2\/comments?post=7673"}],"version-history":[{"count":2,"href":"https:\/\/mc-store.net\/ar\/wp-json\/wp\/v2\/product\/7673\/revisions"}],"predecessor-version":[{"id":8523,"href":"https:\/\/mc-store.net\/ar\/wp-json\/wp\/v2\/product\/7673\/revisions\/8523"}],"wp:featuredmedia":[{"embeddable":true,"href":"https:\/\/mc-store.net\/ar\/wp-json\/wp\/v2\/media\/9154"}],"wp:attachment":[{"href":"https:\/\/mc-store.net\/ar\/wp-json\/wp\/v2\/media?parent=7673"}],"wp:term":[{"taxonomy":"product_brand","embeddable":true,"href":"https:\/\/mc-store.net\/ar\/wp-json\/wp\/v2\/product_brand?post=7673"},{"taxonomy":"product_cat","embeddable":true,"href":"https:\/\/mc-store.net\/ar\/wp-json\/wp\/v2\/product_cat?post=7673"},{"taxonomy":"product_tag","embeddable":true,"href":"https:\/\/mc-store.net\/ar\/wp-json\/wp\/v2\/product_tag?post=7673"}],"curies":[{"name":"wp","href":"https:\/\/api.w.org\/{rel}","templated":true}]}}