{"id":7688,"date":"2025-06-29T17:02:38","date_gmt":"2025-06-29T17:02:38","guid":{"rendered":"https:\/\/mc-store.net\/?post_type=product&#038;p=7688"},"modified":"2025-09-02T21:29:24","modified_gmt":"2025-09-02T19:29:24","slug":"kiz-erkek-bebek-salopet-tulum-zurafa-tulumu","status":"publish","type":"product","link":"https:\/\/mc-store.net\/ar\/product\/kiz-erkek-bebek-salopet-tulum-zurafa-tulumu\/","title":{"rendered":"KIZ ERKEK BEBEK SALOPET TULUM Z\u00dcRAFA TULUMU"},"content":{"rendered":"<p>&#8211; Bebeklerinize \u00f6zel tasarlanm\u0131\u015f, yaz aylar\u0131nda rahatl\u0131kla kullanabilecekleri mavi renkteki salopet tulum.<br \/>\n&#8211; %100 pamuklu kuma\u015ftan \u00fcretilmi\u015f olup, cildi tahri\u015f etmeden yumu\u015fak bir dokunu\u015f sunar.<br \/>\n&#8211; Hem k\u0131z hem de erkek bebekler i\u00e7in uygun olan bu unisex tasar\u0131m, herkesin gard\u0131robunda yerini almay\u0131 hak ediyor.<br \/>\n&#8211; G\u00f6mlek yakas\u0131 ile \u015f\u0131k bir g\u00f6r\u00fcn\u00fcm kazand\u0131r\u0131rken, \u00e7\u0131t\u00e7\u0131tl\u0131 kapama detay\u0131 pratik kullan\u0131m sa\u011flar.<br \/>\n&#8211; 9 &#8211; 24 ay aras\u0131 bedeniyle bebe\u011finizin b\u00fcy\u00fcme d\u00f6nemine uyum sa\u011flayacak \u015fekilde tasarlanm\u0131\u015ft\u0131r.<br \/>\n&#8211; G\u00fcnl\u00fck kullan\u0131m i\u00e7in ideal olan bu salopet tulum, hareket \u00f6zg\u00fcrl\u00fc\u011f\u00fcn\u00fc k\u0131s\u0131tlamadan konforlu bir deneyim sunar.<br \/>\n&#8211; S\u00fcrd\u00fcr\u00fclebilir malzemelerden \u00fcretilmi\u015f olmas\u0131yla \u00e7evre dostu bir tercih yapm\u0131\u015f olursunuz.<br \/>\n&#8211; \u00c7ift cepli yap\u0131s\u0131 sayesinde k\u00fc\u00e7\u00fck e\u015fyalar\u0131n\u0131 saklamak i\u00e7in ekstra alan sunarken, kolay giyip \u00e7\u0131karma imkan\u0131 tan\u0131r.<br \/>\n&#8211; K\u0131sa kollu ve standart kol tipi ile mevsimsel ge\u00e7i\u015flerde bile serin tutarak ideal s\u0131cakl\u0131kta kalman\u0131z\u0131 sa\u011flar.<\/p>","protected":false},"excerpt":{"rendered":"<p>&#8211; Bebeklerinize \u00f6zel tasarlanm\u0131\u015f, yaz aylar\u0131nda rahatl\u0131kla kullanabilecekleri mavi renkteki salopet tulum. &#8211; %100 pamuklu kuma\u015ftan \u00fcretilmi\u015f olup, cildi tahri\u015f etmeden yumu\u015fak bir dokunu\u015f sunar. &#8211; Hem k\u0131z hem de erkek bebekler i\u00e7in uygun olan bu unisex tasar\u0131m, herkesin gard\u0131robunda yerini almay\u0131 hak ediyor. &#8211; G\u00f6mlek yakas\u0131 ile \u015f\u0131k bir g\u00f6r\u00fcn\u00fcm kazand\u0131r\u0131rken, \u00e7\u0131t\u00e7\u0131tl\u0131 kapama detay\u0131&#8230;<\/p>","protected":false},"featured_media":9112,"comment_status":"open","ping_status":"closed","template":"","meta":{"_surecart_dashboard_logo_width":"180px","_surecart_dashboard_show_logo":true,"_surecart_dashboard_navigation_orders":true,"_surecart_dashboard_navigation_invoices":true,"_surecart_dashboard_navigation_subscriptions":true,"_surecart_dashboard_navigation_downloads":true,"_surecart_dashboard_navigation_billing":true,"_surecart_dashboard_navigation_account":true,"_kad_post_transparent":"default","_kad_post_title":"","_kad_post_layout":"default","_kad_post_sidebar_id":"","_kad_post_content_style":"default","_kad_post_vertical_padding":"default","_kad_post_feature":"","_kad_post_feature_position":"","_kad_post_header":false,"_kad_post_footer":false},"product_brand":[41],"product_cat":[15],"product_tag":[120,119],"class_list":{"0":"post-7688","1":"product","2":"type-product","3":"status-publish","4":"has-post-thumbnail","6":"product_brand-mc-familystore","7":"product_cat-tulum","8":"product_tag-erkek-bebek","9":"product_tag-kiz-bebek","11":"first","12":"instock","13":"sale","14":"shipping-taxable","15":"purchasable","16":"product-type-variable","17":"entry","18":"content-bg","19":"loop-entry"},"aioseo_notices":[],"_links":{"self":[{"href":"https:\/\/mc-store.net\/ar\/wp-json\/wp\/v2\/product\/7688","targetHints":{"allow":["GET"]}}],"collection":[{"href":"https:\/\/mc-store.net\/ar\/wp-json\/wp\/v2\/product"}],"about":[{"href":"https:\/\/mc-store.net\/ar\/wp-json\/wp\/v2\/types\/product"}],"replies":[{"embeddable":true,"href":"https:\/\/mc-store.net\/ar\/wp-json\/wp\/v2\/comments?post=7688"}],"version-history":[{"count":3,"href":"https:\/\/mc-store.net\/ar\/wp-json\/wp\/v2\/product\/7688\/revisions"}],"predecessor-version":[{"id":8522,"href":"https:\/\/mc-store.net\/ar\/wp-json\/wp\/v2\/product\/7688\/revisions\/8522"}],"wp:featuredmedia":[{"embeddable":true,"href":"https:\/\/mc-store.net\/ar\/wp-json\/wp\/v2\/media\/9112"}],"wp:attachment":[{"href":"https:\/\/mc-store.net\/ar\/wp-json\/wp\/v2\/media?parent=7688"}],"wp:term":[{"taxonomy":"product_brand","embeddable":true,"href":"https:\/\/mc-store.net\/ar\/wp-json\/wp\/v2\/product_brand?post=7688"},{"taxonomy":"product_cat","embeddable":true,"href":"https:\/\/mc-store.net\/ar\/wp-json\/wp\/v2\/product_cat?post=7688"},{"taxonomy":"product_tag","embeddable":true,"href":"https:\/\/mc-store.net\/ar\/wp-json\/wp\/v2\/product_tag?post=7688"}],"curies":[{"name":"wp","href":"https:\/\/api.w.org\/{rel}","templated":true}]}}