{"id":7743,"date":"2025-06-30T14:27:40","date_gmt":"2025-06-30T14:27:40","guid":{"rendered":"https:\/\/mc-store.net\/?post_type=product&#038;p=7743"},"modified":"2025-09-03T21:45:30","modified_gmt":"2025-09-03T19:45:30","slug":"kiz-erkek-bebek-cocuk-salopet-tulum","status":"publish","type":"product","link":"https:\/\/mc-store.net\/ar\/product\/kiz-erkek-bebek-cocuk-salopet-tulum\/","title":{"rendered":"K\u0131z Erkek Bebek \u00c7ocuk Salopet Tulum"},"content":{"rendered":"<p>&#8211; Bebeklerin rahat hareket etmesini sa\u011flayan regular kal\u0131p tasar\u0131m\u0131yla g\u00fcnl\u00fck kullan\u0131m i\u00e7in idealdir.<br \/>\n&#8211; 9 &#8211; 24 ay aras\u0131 bebekler i\u00e7in uygun bedeniyle, miniklerinize konforlu bir deneyim sunar.<br \/>\n&#8211; K\u0131sa kollu ve bisiklet yakal\u0131 yap\u0131s\u0131 ile s\u0131cak g\u00fcnlerde serinlik sa\u011flar.<br \/>\n&#8211; Unisex koleksiyon par\u00e7as\u0131 olarak hem k\u0131z hem de erkek bebekler i\u00e7in uygundur; herkes taraf\u0131ndan tercih edilebilir.<br \/>\n&#8211; Gri havas\u0131yla \u015f\u0131kl\u0131\u011f\u0131 ve sadeli\u011fi bir arada sunan bu tulum tak\u0131m\u0131, g\u00fcnl\u00fck giyimde kolayca kombinlenebilir.<br \/>\n&#8211; Pa\u00e7a tipinin regular olmas\u0131 sayesinde bebe\u011finizin bacaklar\u0131n\u0131 s\u0131k\u0131\u015ft\u0131rmadan \u00f6zg\u00fcrce hareket etmesine olanak tan\u0131r.<br \/>\n&#8211; Casual ortamlarda rahatl\u0131kla kullan\u0131labilen bu tak\u0131m, g\u00fcnl\u00fck aktiviteler i\u00e7in m\u00fckemmel bir se\u00e7enektir.<br \/>\n&#8211; 2&#8217;li paket i\u00e7eri\u011fi ile ekonomik ve pratik bir al\u0131\u015fveri\u015f deneyimi ya\u015fat\u0131r.<\/p>","protected":false},"excerpt":{"rendered":"<p>&#8211; Bebeklerin rahat hareket etmesini sa\u011flayan regular kal\u0131p tasar\u0131m\u0131yla g\u00fcnl\u00fck kullan\u0131m i\u00e7in idealdir. &#8211; 9 &#8211; 24 ay aras\u0131 bebekler i\u00e7in uygun bedeniyle, miniklerinize konforlu bir deneyim sunar. &#8211; K\u0131sa kollu ve bisiklet yakal\u0131 yap\u0131s\u0131 ile s\u0131cak g\u00fcnlerde serinlik sa\u011flar. &#8211; Unisex koleksiyon par\u00e7as\u0131 olarak hem k\u0131z hem de erkek bebekler i\u00e7in uygundur; herkes taraf\u0131ndan&#8230;<\/p>","protected":false},"featured_media":9138,"comment_status":"open","ping_status":"closed","template":"","meta":{"_surecart_dashboard_logo_width":"180px","_surecart_dashboard_show_logo":true,"_surecart_dashboard_navigation_orders":true,"_surecart_dashboard_navigation_invoices":true,"_surecart_dashboard_navigation_subscriptions":true,"_surecart_dashboard_navigation_downloads":true,"_surecart_dashboard_navigation_billing":true,"_surecart_dashboard_navigation_account":true,"_kad_post_transparent":"default","_kad_post_title":"","_kad_post_layout":"default","_kad_post_sidebar_id":"","_kad_post_content_style":"default","_kad_post_vertical_padding":"default","_kad_post_feature":"","_kad_post_feature_position":"","_kad_post_header":false,"_kad_post_footer":false},"product_brand":[41],"product_cat":[63,123,30,15],"product_tag":[120,121,119,118],"class_list":{"0":"post-7743","1":"product","2":"type-product","3":"status-publish","4":"has-post-thumbnail","6":"product_brand-mc-familystore","7":"product_cat-bebek-takimi","8":"product_cat-firsat-urunleri","9":"product_cat-salopet","10":"product_cat-tulum","11":"product_tag-erkek-bebek","12":"product_tag-erkek-cocuk","13":"product_tag-kiz-bebek","14":"product_tag-cocuk","16":"first","17":"instock","18":"sale","19":"shipping-taxable","20":"purchasable","21":"product-type-variable","22":"entry","23":"content-bg","24":"loop-entry"},"aioseo_notices":[],"_links":{"self":[{"href":"https:\/\/mc-store.net\/ar\/wp-json\/wp\/v2\/product\/7743","targetHints":{"allow":["GET"]}}],"collection":[{"href":"https:\/\/mc-store.net\/ar\/wp-json\/wp\/v2\/product"}],"about":[{"href":"https:\/\/mc-store.net\/ar\/wp-json\/wp\/v2\/types\/product"}],"replies":[{"embeddable":true,"href":"https:\/\/mc-store.net\/ar\/wp-json\/wp\/v2\/comments?post=7743"}],"version-history":[{"count":3,"href":"https:\/\/mc-store.net\/ar\/wp-json\/wp\/v2\/product\/7743\/revisions"}],"predecessor-version":[{"id":8516,"href":"https:\/\/mc-store.net\/ar\/wp-json\/wp\/v2\/product\/7743\/revisions\/8516"}],"wp:featuredmedia":[{"embeddable":true,"href":"https:\/\/mc-store.net\/ar\/wp-json\/wp\/v2\/media\/9138"}],"wp:attachment":[{"href":"https:\/\/mc-store.net\/ar\/wp-json\/wp\/v2\/media?parent=7743"}],"wp:term":[{"taxonomy":"product_brand","embeddable":true,"href":"https:\/\/mc-store.net\/ar\/wp-json\/wp\/v2\/product_brand?post=7743"},{"taxonomy":"product_cat","embeddable":true,"href":"https:\/\/mc-store.net\/ar\/wp-json\/wp\/v2\/product_cat?post=7743"},{"taxonomy":"product_tag","embeddable":true,"href":"https:\/\/mc-store.net\/ar\/wp-json\/wp\/v2\/product_tag?post=7743"}],"curies":[{"name":"wp","href":"https:\/\/api.w.org\/{rel}","templated":true}]}}