{"id":7753,"date":"2025-07-04T17:33:15","date_gmt":"2025-07-04T17:33:15","guid":{"rendered":"https:\/\/mc-store.net\/?post_type=product&#038;p=7753"},"modified":"2025-08-22T18:41:35","modified_gmt":"2025-08-22T16:41:35","slug":"kadin-kot-denim-ceket-kahve","status":"publish","type":"product","link":"https:\/\/mc-store.net\/ar\/product\/kadin-kot-denim-ceket-kahve\/","title":{"rendered":"KADIN KOT DEN\u0130M CEKET KAHVE"},"content":{"rendered":"<p>&#8211; Rahat kesimi ile g\u00fcnl\u00fck kullan\u0131m i\u00e7in ideal, metalik kahve tonlar\u0131nda denim ceket.<br \/>\n&#8211; G\u00f6mlek yaka tasar\u0131m\u0131yla \u015f\u0131kl\u0131\u011f\u0131 ve rahatl\u0131\u011f\u0131 bir arada sunar.<br \/>\n&#8211; Uzun kollu yap\u0131s\u0131 sayesinde mevsim ge\u00e7i\u015flerinde de tercih edilebilir.<br \/>\n&#8211; D\u00fcz deseniyle kolayca kombinlenebilir; farkl\u0131 aksesuarlarla zenginle\u015ftirilebilir.<br \/>\n&#8211; D\u00fc\u011fmeli kapama \u015fekli pratik kullan\u0131m sa\u011flar ve \u015f\u0131k g\u00f6r\u00fcn\u00fcm kazand\u0131r\u0131r.<br \/>\n&#8211; Astars\u0131z yap\u0131s\u0131yla hafif ve konforlu bir deneyim sunar.<br \/>\n&#8211; Metalik renk se\u00e7ene\u011fiyle dikkat \u00e7ekici ve modern bir stil olu\u015fturur.<br \/>\n&#8211; S beden se\u00e7ene\u011fiyle v\u00fccut hatlar\u0131n\u0131za uyum sa\u011flayarak zarif bir siluet \u00e7izer.<br \/>\n&#8211; Type 2 y\u0131kama talimat\u0131na uygun \u015fekilde bak\u0131m\u0131 yap\u0131labilir; b\u00f6ylece uzun s\u00fcre ilk g\u00fcnk\u00fc gibi kal\u0131r.<br \/>\n&#8211; Blazer silueti ile hem casual hem de resmi ortamlarda rahatl\u0131kla tercih edilebilir.<\/p>","protected":false},"excerpt":{"rendered":"<p>&#8211; Rahat kesimi ile g\u00fcnl\u00fck kullan\u0131m i\u00e7in ideal, metalik kahve tonlar\u0131nda denim ceket. &#8211; G\u00f6mlek yaka tasar\u0131m\u0131yla \u015f\u0131kl\u0131\u011f\u0131 ve rahatl\u0131\u011f\u0131 bir arada sunar. &#8211; Uzun kollu yap\u0131s\u0131 sayesinde mevsim ge\u00e7i\u015flerinde de tercih edilebilir. &#8211; D\u00fcz deseniyle kolayca kombinlenebilir; farkl\u0131 aksesuarlarla zenginle\u015ftirilebilir. &#8211; D\u00fc\u011fmeli kapama \u015fekli pratik kullan\u0131m sa\u011flar ve \u015f\u0131k g\u00f6r\u00fcn\u00fcm kazand\u0131r\u0131r. &#8211; Astars\u0131z yap\u0131s\u0131yla&#8230;<\/p>","protected":false},"featured_media":7754,"comment_status":"open","ping_status":"closed","template":"","meta":{"_surecart_dashboard_logo_width":"180px","_surecart_dashboard_show_logo":true,"_surecart_dashboard_navigation_orders":true,"_surecart_dashboard_navigation_invoices":true,"_surecart_dashboard_navigation_subscriptions":true,"_surecart_dashboard_navigation_downloads":true,"_surecart_dashboard_navigation_billing":true,"_surecart_dashboard_navigation_account":true,"_kad_post_transparent":"default","_kad_post_title":"","_kad_post_layout":"default","_kad_post_sidebar_id":"","_kad_post_content_style":"default","_kad_post_vertical_padding":"default","_kad_post_feature":"","_kad_post_feature_position":"","_kad_post_header":false,"_kad_post_footer":false},"product_brand":[41],"product_cat":[28],"product_tag":[117],"class_list":{"0":"post-7753","1":"product","2":"type-product","3":"status-publish","4":"has-post-thumbnail","6":"product_brand-mc-familystore","7":"product_cat-ceket","8":"product_tag-kadin","10":"first","11":"instock","12":"sale","13":"shipping-taxable","14":"purchasable","15":"product-type-variable","16":"entry","17":"content-bg","18":"loop-entry"},"aioseo_notices":[],"_links":{"self":[{"href":"https:\/\/mc-store.net\/ar\/wp-json\/wp\/v2\/product\/7753","targetHints":{"allow":["GET"]}}],"collection":[{"href":"https:\/\/mc-store.net\/ar\/wp-json\/wp\/v2\/product"}],"about":[{"href":"https:\/\/mc-store.net\/ar\/wp-json\/wp\/v2\/types\/product"}],"replies":[{"embeddable":true,"href":"https:\/\/mc-store.net\/ar\/wp-json\/wp\/v2\/comments?post=7753"}],"version-history":[{"count":3,"href":"https:\/\/mc-store.net\/ar\/wp-json\/wp\/v2\/product\/7753\/revisions"}],"predecessor-version":[{"id":8514,"href":"https:\/\/mc-store.net\/ar\/wp-json\/wp\/v2\/product\/7753\/revisions\/8514"}],"wp:featuredmedia":[{"embeddable":true,"href":"https:\/\/mc-store.net\/ar\/wp-json\/wp\/v2\/media\/7754"}],"wp:attachment":[{"href":"https:\/\/mc-store.net\/ar\/wp-json\/wp\/v2\/media?parent=7753"}],"wp:term":[{"taxonomy":"product_brand","embeddable":true,"href":"https:\/\/mc-store.net\/ar\/wp-json\/wp\/v2\/product_brand?post=7753"},{"taxonomy":"product_cat","embeddable":true,"href":"https:\/\/mc-store.net\/ar\/wp-json\/wp\/v2\/product_cat?post=7753"},{"taxonomy":"product_tag","embeddable":true,"href":"https:\/\/mc-store.net\/ar\/wp-json\/wp\/v2\/product_tag?post=7753"}],"curies":[{"name":"wp","href":"https:\/\/api.w.org\/{rel}","templated":true}]}}