{"id":7761,"date":"2025-07-04T17:40:13","date_gmt":"2025-07-04T17:40:13","guid":{"rendered":"https:\/\/mc-store.net\/?post_type=product&#038;p=7761"},"modified":"2025-08-22T18:37:44","modified_gmt":"2025-08-22T16:37:44","slug":"crop-dugmeli-jean-ceket-kadin","status":"publish","type":"product","link":"https:\/\/mc-store.net\/ar\/product\/crop-dugmeli-jean-ceket-kadin\/","title":{"rendered":"Crop D\u00fc\u011fmeli Jean Ceket KADIN"},"content":{"rendered":"<p>&#8211; Rahat kesimiyle g\u00fcnl\u00fck kullan\u0131m i\u00e7in ideal, crop boyutundaki bu jean ceket, modern ve \u015f\u0131k bir g\u00f6r\u00fcn\u00fcm sunar.<br \/>\n&#8211; Mavi ve siyah renk se\u00e7enekleriyle her gard\u0131ropta kolayca kombinlenebilecek \u00e7ok y\u00f6nl\u00fc bir par\u00e7a olarak \u00f6ne \u00e7\u0131kar.<br \/>\n&#8211; Pamuklu kuma\u015f\u0131 sayesinde g\u00fcn boyu konfor sa\u011flar ve nefes alabilir yap\u0131s\u0131yla rahat bir deneyim sunar.<br \/>\n&#8211; D\u00fc\u011fmeli kapama \u015fekli ile &#8211; Crop kesimi ile modern ve \u015f\u0131k bir g\u00f6r\u00fcn\u00fcm sunar.<br \/>\n&#8211; G\u00f6mlek yaka tasar\u0131m\u0131, klasik ve zamans\u0131z bir stil olu\u015fturur.<br \/>\n&#8211; Pamuklu materyali sayesinde g\u00fcn boyu konfor sa\u011flar.<br \/>\n&#8211; D\u00fcz deseniyle kolayca kombinlenebilir ve her ortama uyum sa\u011flar.<br \/>\n&#8211; Uzun kollu yap\u0131s\u0131 ile mevsim ge\u00e7i\u015flerinde ideal koruma sunar.<br \/>\n&#8211; D\u00fc\u011fmeli kapama \u015fekli pratik kullan\u0131m imkan\u0131 tan\u0131r.<br \/>\n&#8211; Astars\u0131z olmas\u0131 hafifli\u011fi ve rahatl\u0131\u011f\u0131 \u00f6n plana \u00e7\u0131kar\u0131r.<br \/>\n&#8211; Basic koleksiyonun par\u00e7as\u0131 olarak g\u00fcnl\u00fck giyime uygunluk g\u00f6sterir.<br \/>\n&#8211; Tek ebat bedeniyle standart \u00f6l\u00e7\u00fclere sahiptir; v\u00fccut hatlar\u0131n\u0131za uygun bir oturu\u015fa sahiptir.<br \/>\n&#8211; Mavi rengiyle dikkat \u00e7ekici ve canl\u0131 bir tarz yaratman\u0131z\u0131 sa\u011flar.<br \/>\n&#8211; \u00c7ift cepli tasar\u0131m fonksiyonellik kazand\u0131r\u0131rken k\u00fc\u00e7\u00fck e\u015fyalar\u0131n\u0131z i\u00e7in pratik saklama alanlar\u0131 sunar.<br \/>\n&#8211; G\u00fcnl\u00fck kullan\u0131m i\u00e7in ideal olan bu ceket, rahatl\u0131\u011f\u0131 ve \u015f\u0131kl\u0131\u011f\u0131 bir arada arayanlar\u0131n tercihi olacak.kullan\u0131m imkan\u0131 tan\u0131rken, \u00e7ift cepli tasar\u0131m\u0131 k\u00fc\u00e7\u00fck e\u015fyalar\u0131n\u0131z i\u00e7in ekstra alan sunar.<br \/>\n&#8211; Uzun kollu ve g\u00f6mlek yakas\u0131 detay\u0131 ile mevsim ge\u00e7i\u015flerinde de tercih edebilece\u011finiz bir stil olu\u015fturur.<br \/>\n&#8211; Astars\u0131z yap\u0131s\u0131yla hafif ve ferah hissettiren bu ceket, basic koleksiyonun sadelikten yana olanlar\u0131na hitap eder.<br \/>\n&#8211; G\u00fcnl\u00fck ortamlarda rahatl\u0131kla tercih edebilece\u011finiz bu jean ceket, casual tarza sahip ki\u015filer i\u00e7in m\u00fckemmel bir se\u00e7enektir.<\/p>","protected":false},"excerpt":{"rendered":"<p>&#8211; Rahat kesimiyle g\u00fcnl\u00fck kullan\u0131m i\u00e7in ideal, crop boyutundaki bu jean ceket, modern ve \u015f\u0131k bir g\u00f6r\u00fcn\u00fcm sunar. &#8211; Mavi ve siyah renk se\u00e7enekleriyle her gard\u0131ropta kolayca kombinlenebilecek \u00e7ok y\u00f6nl\u00fc bir par\u00e7a olarak \u00f6ne \u00e7\u0131kar. &#8211; Pamuklu kuma\u015f\u0131 sayesinde g\u00fcn boyu konfor sa\u011flar ve nefes alabilir yap\u0131s\u0131yla rahat bir deneyim sunar. &#8211; D\u00fc\u011fmeli kapama \u015fekli&#8230;<\/p>","protected":false},"featured_media":7762,"comment_status":"open","ping_status":"closed","template":"","meta":{"_surecart_dashboard_logo_width":"180px","_surecart_dashboard_show_logo":true,"_surecart_dashboard_navigation_orders":true,"_surecart_dashboard_navigation_invoices":true,"_surecart_dashboard_navigation_subscriptions":true,"_surecart_dashboard_navigation_downloads":true,"_surecart_dashboard_navigation_billing":true,"_surecart_dashboard_navigation_account":true,"_kad_post_transparent":"default","_kad_post_title":"","_kad_post_layout":"default","_kad_post_sidebar_id":"","_kad_post_content_style":"default","_kad_post_vertical_padding":"default","_kad_post_feature":"","_kad_post_feature_position":"","_kad_post_header":false,"_kad_post_footer":false},"product_brand":[],"product_cat":[28],"product_tag":[117],"class_list":{"0":"post-7761","1":"product","2":"type-product","3":"status-publish","4":"has-post-thumbnail","6":"product_cat-ceket","7":"product_tag-kadin","9":"first","10":"instock","11":"sale","12":"shipping-taxable","13":"purchasable","14":"product-type-variable","15":"entry","16":"content-bg","17":"loop-entry"},"aioseo_notices":[],"_links":{"self":[{"href":"https:\/\/mc-store.net\/ar\/wp-json\/wp\/v2\/product\/7761","targetHints":{"allow":["GET"]}}],"collection":[{"href":"https:\/\/mc-store.net\/ar\/wp-json\/wp\/v2\/product"}],"about":[{"href":"https:\/\/mc-store.net\/ar\/wp-json\/wp\/v2\/types\/product"}],"replies":[{"embeddable":true,"href":"https:\/\/mc-store.net\/ar\/wp-json\/wp\/v2\/comments?post=7761"}],"version-history":[{"count":3,"href":"https:\/\/mc-store.net\/ar\/wp-json\/wp\/v2\/product\/7761\/revisions"}],"predecessor-version":[{"id":8512,"href":"https:\/\/mc-store.net\/ar\/wp-json\/wp\/v2\/product\/7761\/revisions\/8512"}],"wp:featuredmedia":[{"embeddable":true,"href":"https:\/\/mc-store.net\/ar\/wp-json\/wp\/v2\/media\/7762"}],"wp:attachment":[{"href":"https:\/\/mc-store.net\/ar\/wp-json\/wp\/v2\/media?parent=7761"}],"wp:term":[{"taxonomy":"product_brand","embeddable":true,"href":"https:\/\/mc-store.net\/ar\/wp-json\/wp\/v2\/product_brand?post=7761"},{"taxonomy":"product_cat","embeddable":true,"href":"https:\/\/mc-store.net\/ar\/wp-json\/wp\/v2\/product_cat?post=7761"},{"taxonomy":"product_tag","embeddable":true,"href":"https:\/\/mc-store.net\/ar\/wp-json\/wp\/v2\/product_tag?post=7761"}],"curies":[{"name":"wp","href":"https:\/\/api.w.org\/{rel}","templated":true}]}}