{"id":7767,"date":"2025-07-04T17:40:38","date_gmt":"2025-07-04T17:40:38","guid":{"rendered":"https:\/\/mc-store.net\/?post_type=product&#038;p=7767"},"modified":"2025-11-08T19:57:53","modified_gmt":"2025-11-08T17:57:53","slug":"crop-dugmeli-jean-ceket-kadin-2","status":"publish","type":"product","link":"https:\/\/mc-store.net\/ar\/product\/crop-dugmeli-jean-ceket-kadin-2\/","title":{"rendered":"Crop D\u00fc\u011fmeli Jean Ceket KADIN"},"content":{"rendered":"<p>&#8211; Crop kesimi ile modern ve \u015f\u0131k bir g\u00f6r\u00fcn\u00fcm sunar.<br \/>\n&#8211; Mavi ve siyah renk kombinasyonu, kolayca kombinlenebilirli\u011fi art\u0131r\u0131r.<br \/>\n&#8211; Pamuklu kuma\u015f\u0131 sayesinde g\u00fcn boyu rahatl\u0131k sa\u011flar.<br \/>\n&#8211; D\u00fcz deseniyle zamans\u0131z bir stil olu\u015fturur.<br \/>\n&#8211; Uzun kollu tasar\u0131m\u0131 mevsim ge\u00e7i\u015flerinde ideal koruma sunar.<br \/>\n&#8211; G\u00f6mlek yakas\u0131 detay\u0131 ile sofistike bir hava katarken, d\u00fc\u011fmeli kapama pratik kullan\u0131m imkan\u0131 tan\u0131r.<br \/>\n&#8211; Tek ebat bedeniyle her v\u00fccut tipine uyum sa\u011flar.<br \/>\n&#8211; Basic koleksiyonun sadeli\u011fi g\u00fcnl\u00fck kullan\u0131m i\u00e7in m\u00fckemmeldir.<br \/>\n&#8211; Astars\u0131z yap\u0131s\u0131yla hafif ve konforlu bir deneyim sunar.<br \/>\n&#8211; \u00c7ift cepli tasar\u0131m fonksiyonellik kazand\u0131r\u0131rken, g\u00f6rsel zenginlik katmaktad\u0131r.<br \/>\n&#8211; G\u00fcnl\u00fck ortamlarda rahatl\u0131kla tercih edilebilecek tarzdad\u0131r.<\/p>","protected":false},"excerpt":{"rendered":"<p>&#8211; Crop kesimi ile modern ve \u015f\u0131k bir g\u00f6r\u00fcn\u00fcm sunar. &#8211; Mavi ve siyah renk kombinasyonu, kolayca kombinlenebilirli\u011fi art\u0131r\u0131r. &#8211; Pamuklu kuma\u015f\u0131 sayesinde g\u00fcn boyu rahatl\u0131k sa\u011flar. &#8211; D\u00fcz deseniyle zamans\u0131z bir stil olu\u015fturur. &#8211; Uzun kollu tasar\u0131m\u0131 mevsim ge\u00e7i\u015flerinde ideal koruma sunar. &#8211; G\u00f6mlek yakas\u0131 detay\u0131 ile sofistike bir hava katarken, d\u00fc\u011fmeli kapama pratik&#8230;<\/p>","protected":false},"featured_media":7769,"comment_status":"open","ping_status":"closed","template":"","meta":{"_surecart_dashboard_logo_width":"180px","_surecart_dashboard_show_logo":true,"_surecart_dashboard_navigation_orders":true,"_surecart_dashboard_navigation_invoices":true,"_surecart_dashboard_navigation_subscriptions":true,"_surecart_dashboard_navigation_downloads":true,"_surecart_dashboard_navigation_billing":true,"_surecart_dashboard_navigation_account":true,"_kad_post_transparent":"default","_kad_post_title":"","_kad_post_layout":"default","_kad_post_sidebar_id":"","_kad_post_content_style":"default","_kad_post_vertical_padding":"default","_kad_post_feature":"","_kad_post_feature_position":"","_kad_post_header":false,"_kad_post_footer":false},"product_brand":[],"product_cat":[28],"product_tag":[117],"class_list":{"0":"post-7767","1":"product","2":"type-product","3":"status-publish","4":"has-post-thumbnail","6":"product_cat-ceket","7":"product_tag-kadin","9":"first","10":"instock","11":"sale","12":"shipping-taxable","13":"purchasable","14":"product-type-variable","15":"entry","16":"content-bg","17":"loop-entry"},"aioseo_notices":[],"_links":{"self":[{"href":"https:\/\/mc-store.net\/ar\/wp-json\/wp\/v2\/product\/7767","targetHints":{"allow":["GET"]}}],"collection":[{"href":"https:\/\/mc-store.net\/ar\/wp-json\/wp\/v2\/product"}],"about":[{"href":"https:\/\/mc-store.net\/ar\/wp-json\/wp\/v2\/types\/product"}],"replies":[{"embeddable":true,"href":"https:\/\/mc-store.net\/ar\/wp-json\/wp\/v2\/comments?post=7767"}],"version-history":[{"count":3,"href":"https:\/\/mc-store.net\/ar\/wp-json\/wp\/v2\/product\/7767\/revisions"}],"predecessor-version":[{"id":8510,"href":"https:\/\/mc-store.net\/ar\/wp-json\/wp\/v2\/product\/7767\/revisions\/8510"}],"wp:featuredmedia":[{"embeddable":true,"href":"https:\/\/mc-store.net\/ar\/wp-json\/wp\/v2\/media\/7769"}],"wp:attachment":[{"href":"https:\/\/mc-store.net\/ar\/wp-json\/wp\/v2\/media?parent=7767"}],"wp:term":[{"taxonomy":"product_brand","embeddable":true,"href":"https:\/\/mc-store.net\/ar\/wp-json\/wp\/v2\/product_brand?post=7767"},{"taxonomy":"product_cat","embeddable":true,"href":"https:\/\/mc-store.net\/ar\/wp-json\/wp\/v2\/product_cat?post=7767"},{"taxonomy":"product_tag","embeddable":true,"href":"https:\/\/mc-store.net\/ar\/wp-json\/wp\/v2\/product_tag?post=7767"}],"curies":[{"name":"wp","href":"https:\/\/api.w.org\/{rel}","templated":true}]}}