{"id":7773,"date":"2025-07-04T18:42:44","date_gmt":"2025-07-04T18:42:44","guid":{"rendered":"https:\/\/mc-store.net\/?post_type=product&#038;p=7773"},"modified":"2025-12-20T18:48:13","modified_gmt":"2025-12-20T16:48:13","slug":"kadin-kar-yikama-ispanyol-paca-kot-pantolon","status":"publish","type":"product","link":"https:\/\/mc-store.net\/ar\/product\/kadin-kar-yikama-ispanyol-paca-kot-pantolon\/","title":{"rendered":"Kad\u0131n KAR YIKAMA  Ispanyol Pa\u00e7a Kot Pantolon"},"content":{"rendered":"<p>&#8211; Y\u00fcksek bel tasar\u0131m\u0131 ile modern ve \u015f\u0131k bir g\u00f6r\u00fcn\u00fcm sunar.<br \/>\n&#8211; \u0130spanyol pa\u00e7a kesimi sayesinde feminen hatlar\u0131 \u00f6n plana \u00e7\u0131kar\u0131r.<br \/>\n&#8211; Pamuklu kuma\u015f\u0131, g\u00fcn boyu konfor sa\u011flarken nefes alabilirli\u011fi korur.<br \/>\n&#8211; Kar y\u0131kama mavi rengiyle zamans\u0131z bir stil olu\u015fturur.<br \/>\n&#8211; Uzun boyu ile bacaklar\u0131 oldu\u011fundan daha uzun g\u00f6sterir.<br \/>\n&#8211; Kemersiz yap\u0131s\u0131 rahat kullan\u0131m imkan\u0131 tan\u0131rken, d\u00fcz deseniyle kolay kombinlenebilirli\u011fi artt\u0131r\u0131r.<br \/>\n&#8211; G\u00fcnl\u00fck kullan\u0131m i\u00e7in ideal olan bu pantolon, her ortama uyum sa\u011flar.<br \/>\n&#8211; 38 bedeniyle geni\u015f beden skalas\u0131na hitap eder; farkl\u0131 v\u00fccut tiplerine uygunluk g\u00f6sterir.<br \/>\n&#8211; Y\u0131kama talimatlar\u0131na uygun bak\u0131m yap\u0131ld\u0131\u011f\u0131nda uzun s\u00fcre ilk g\u00fcnk\u00fc gibi kal\u0131r.<br \/>\n&#8211; Kutusuz ambalaj se\u00e7ene\u011fiyle minimalist bir yakla\u015f\u0131m\u0131 tercih edenler i\u00e7in uygundur.<br \/>\n&#8211; Be\u015f cep detay\u0131 pratik depolama alan\u0131 sunarak g\u00fcnl\u00fck e\u015fyalar\u0131n\u0131z i\u00e7in kolay eri\u015fim imkan\u0131 tan\u0131r.<\/p>","protected":false},"excerpt":{"rendered":"<p>&#8211; Y\u00fcksek bel tasar\u0131m\u0131 ile modern ve \u015f\u0131k bir g\u00f6r\u00fcn\u00fcm sunar. &#8211; \u0130spanyol pa\u00e7a kesimi sayesinde feminen hatlar\u0131 \u00f6n plana \u00e7\u0131kar\u0131r. &#8211; Pamuklu kuma\u015f\u0131, g\u00fcn boyu konfor sa\u011flarken nefes alabilirli\u011fi korur. &#8211; Kar y\u0131kama mavi rengiyle zamans\u0131z bir stil olu\u015fturur. &#8211; Uzun boyu ile bacaklar\u0131 oldu\u011fundan daha uzun g\u00f6sterir. &#8211; Kemersiz yap\u0131s\u0131 rahat kullan\u0131m imkan\u0131&#8230;<\/p>","protected":false},"featured_media":11216,"comment_status":"open","ping_status":"closed","template":"","meta":{"_surecart_dashboard_logo_width":"180px","_surecart_dashboard_show_logo":true,"_surecart_dashboard_navigation_orders":true,"_surecart_dashboard_navigation_invoices":true,"_surecart_dashboard_navigation_subscriptions":true,"_surecart_dashboard_navigation_downloads":true,"_surecart_dashboard_navigation_billing":true,"_surecart_dashboard_navigation_account":true,"_kad_post_transparent":"default","_kad_post_title":"","_kad_post_layout":"default","_kad_post_sidebar_id":"","_kad_post_content_style":"default","_kad_post_vertical_padding":"default","_kad_post_feature":"","_kad_post_feature_position":"","_kad_post_header":false,"_kad_post_footer":false},"product_brand":[148],"product_cat":[98],"product_tag":[117],"class_list":{"0":"post-7773","1":"product","2":"type-product","3":"status-publish","4":"has-post-thumbnail","6":"product_brand-mc","7":"product_cat-kot-pantolon","8":"product_tag-kadin","10":"first","11":"instock","12":"sale","13":"shipping-taxable","14":"purchasable","15":"product-type-variable","16":"entry","17":"content-bg","18":"loop-entry"},"aioseo_notices":[],"_links":{"self":[{"href":"https:\/\/mc-store.net\/ar\/wp-json\/wp\/v2\/product\/7773","targetHints":{"allow":["GET"]}}],"collection":[{"href":"https:\/\/mc-store.net\/ar\/wp-json\/wp\/v2\/product"}],"about":[{"href":"https:\/\/mc-store.net\/ar\/wp-json\/wp\/v2\/types\/product"}],"replies":[{"embeddable":true,"href":"https:\/\/mc-store.net\/ar\/wp-json\/wp\/v2\/comments?post=7773"}],"version-history":[{"count":2,"href":"https:\/\/mc-store.net\/ar\/wp-json\/wp\/v2\/product\/7773\/revisions"}],"predecessor-version":[{"id":8508,"href":"https:\/\/mc-store.net\/ar\/wp-json\/wp\/v2\/product\/7773\/revisions\/8508"}],"wp:featuredmedia":[{"embeddable":true,"href":"https:\/\/mc-store.net\/ar\/wp-json\/wp\/v2\/media\/11216"}],"wp:attachment":[{"href":"https:\/\/mc-store.net\/ar\/wp-json\/wp\/v2\/media?parent=7773"}],"wp:term":[{"taxonomy":"product_brand","embeddable":true,"href":"https:\/\/mc-store.net\/ar\/wp-json\/wp\/v2\/product_brand?post=7773"},{"taxonomy":"product_cat","embeddable":true,"href":"https:\/\/mc-store.net\/ar\/wp-json\/wp\/v2\/product_cat?post=7773"},{"taxonomy":"product_tag","embeddable":true,"href":"https:\/\/mc-store.net\/ar\/wp-json\/wp\/v2\/product_tag?post=7773"}],"curies":[{"name":"wp","href":"https:\/\/api.w.org\/{rel}","templated":true}]}}