{"id":7788,"date":"2025-07-04T19:21:41","date_gmt":"2025-07-04T19:21:41","guid":{"rendered":"https:\/\/mc-store.net\/?post_type=product&#038;p=7788"},"modified":"2025-12-20T18:55:13","modified_gmt":"2025-12-20T16:55:13","slug":"mom-boyfriend-jean-kadin-kot-pantolon-kadin","status":"publish","type":"product","link":"https:\/\/mc-store.net\/ar\/product\/mom-boyfriend-jean-kadin-kot-pantolon-kadin\/","title":{"rendered":"Mom Boyfriend Jean Kad\u0131n KOT PANTOLON  KADIN"},"content":{"rendered":"<p>&#8211; Y\u00fcksek bel tasar\u0131m\u0131 ile modern ve \u015f\u0131k bir g\u00f6r\u00fcn\u00fcm sunar.<br \/>\n&#8211; Rahat kesimi sayesinde g\u00fcn boyu konfor sa\u011flar.<br \/>\n&#8211; G\u00fcnl\u00fck kullan\u0131m i\u00e7in ideal, casual tarz\u0131yla her ortama uyum sa\u011flar.<br \/>\n&#8211; Esnek yap\u0131s\u0131yla hareket \u00f6zg\u00fcrl\u00fc\u011f\u00fc tan\u0131r.<br \/>\n&#8211; 5 cep detay\u0131 pratik depolama alanlar\u0131 sunarak g\u00fcnl\u00fck e\u015fyalar\u0131n\u0131z i\u00e7in kolay eri\u015fim imkan\u0131 verir.<br \/>\n&#8211; Comfort dokuma tipi, yumu\u015fak dokusuyla cildinize nazik\u00e7e dokunur.<br \/>\n&#8211; Kolay bak\u0131m avantaj\u0131 sa\u011flayan y\u0131kama talimatlar\u0131na sahiptir; Type 1 y\u0131kama talimat\u0131na g\u00f6re temizlenebilir.<br \/>\n&#8211; Esnek yap\u0131s\u0131 sayesinde v\u00fccut hatlar\u0131n\u0131za m\u00fckemmel uyum sa\u011flayarak rahat bir oturu\u015f sunar.<br \/>\n&#8211; Mavi renk se\u00e7ene\u011fiyle zamans\u0131z bir stil olu\u015fturman\u0131zda yard\u0131mc\u0131 olur.<br \/>\n&#8211; D\u00fc\u011fmeli kapama \u015fekli hem fonksiyonel hem de estetik bir detay olarak \u00f6ne \u00e7\u0131kar.<br \/>\n&#8211; D\u00fcz deseniyle sadelikten yana olanlar\u0131n tercihi olacak \u015fekilde tasarlanm\u0131\u015ft\u0131r.<br \/>\n&#8211; Mom kal\u0131b\u0131 ile retro esintili bir siluet \u00e7izerken, boru pa\u00e7a detaylar\u0131yla trendleri takip eder.<br \/>\n&#8211; Pamuklu materyali sayesinde nefes alabilir yap\u0131da konforlu bir deneyim ya\u015fat\u0131r.<br \/>\n&#8211; 44 bedeniyle geni\u015f beden skalas\u0131 aras\u0131nda yer alan bu jean pantolon, farkl\u0131 v\u00fccut tiplerine hitap eder.<br \/>\n&#8211; S\u00fcrd\u00fcr\u00fclebilirlik detay\u0131n\u0131n bulunmamas\u0131 ise \u00e7evreye duyarl\u0131l\u0131k g\u00f6stermek isteyenler i\u00e7in alternatif bir se\u00e7enek sunar.<br \/>\n&#8211; Kemersiz tasar\u0131m, minimalist yakla\u015f\u0131mlar\u0131 benimseyenler i\u00e7in idealdir.<br \/>\n&#8211; Boru pa\u00e7a kesimiyle klasik jean modellerinden ayr\u0131\u015farak modern bir hava katmaktad\u0131r.<\/p>","protected":false},"excerpt":{"rendered":"<p>&#8211; Y\u00fcksek bel tasar\u0131m\u0131 ile modern ve \u015f\u0131k bir g\u00f6r\u00fcn\u00fcm sunar. &#8211; Rahat kesimi sayesinde g\u00fcn boyu konfor sa\u011flar. &#8211; G\u00fcnl\u00fck kullan\u0131m i\u00e7in ideal, casual tarz\u0131yla her ortama uyum sa\u011flar. &#8211; Esnek yap\u0131s\u0131yla hareket \u00f6zg\u00fcrl\u00fc\u011f\u00fc tan\u0131r. &#8211; 5 cep detay\u0131 pratik depolama alanlar\u0131 sunarak g\u00fcnl\u00fck e\u015fyalar\u0131n\u0131z i\u00e7in kolay eri\u015fim imkan\u0131 verir. &#8211; Comfort dokuma tipi,&#8230;<\/p>","protected":false},"featured_media":11218,"comment_status":"open","ping_status":"closed","template":"","meta":{"_surecart_dashboard_logo_width":"180px","_surecart_dashboard_show_logo":true,"_surecart_dashboard_navigation_orders":true,"_surecart_dashboard_navigation_invoices":true,"_surecart_dashboard_navigation_subscriptions":true,"_surecart_dashboard_navigation_downloads":true,"_surecart_dashboard_navigation_billing":true,"_surecart_dashboard_navigation_account":true,"_kad_post_transparent":"default","_kad_post_title":"","_kad_post_layout":"default","_kad_post_sidebar_id":"","_kad_post_content_style":"default","_kad_post_vertical_padding":"default","_kad_post_feature":"","_kad_post_feature_position":"","_kad_post_header":false,"_kad_post_footer":false},"product_brand":[41],"product_cat":[98],"product_tag":[117],"class_list":{"0":"post-7788","1":"product","2":"type-product","3":"status-publish","4":"has-post-thumbnail","6":"product_brand-mc-familystore","7":"product_cat-kot-pantolon","8":"product_tag-kadin","10":"first","11":"instock","12":"sale","13":"shipping-taxable","14":"purchasable","15":"product-type-variable","16":"entry","17":"content-bg","18":"loop-entry"},"aioseo_notices":[],"_links":{"self":[{"href":"https:\/\/mc-store.net\/ar\/wp-json\/wp\/v2\/product\/7788","targetHints":{"allow":["GET"]}}],"collection":[{"href":"https:\/\/mc-store.net\/ar\/wp-json\/wp\/v2\/product"}],"about":[{"href":"https:\/\/mc-store.net\/ar\/wp-json\/wp\/v2\/types\/product"}],"replies":[{"embeddable":true,"href":"https:\/\/mc-store.net\/ar\/wp-json\/wp\/v2\/comments?post=7788"}],"version-history":[{"count":3,"href":"https:\/\/mc-store.net\/ar\/wp-json\/wp\/v2\/product\/7788\/revisions"}],"predecessor-version":[{"id":8506,"href":"https:\/\/mc-store.net\/ar\/wp-json\/wp\/v2\/product\/7788\/revisions\/8506"}],"wp:featuredmedia":[{"embeddable":true,"href":"https:\/\/mc-store.net\/ar\/wp-json\/wp\/v2\/media\/11218"}],"wp:attachment":[{"href":"https:\/\/mc-store.net\/ar\/wp-json\/wp\/v2\/media?parent=7788"}],"wp:term":[{"taxonomy":"product_brand","embeddable":true,"href":"https:\/\/mc-store.net\/ar\/wp-json\/wp\/v2\/product_brand?post=7788"},{"taxonomy":"product_cat","embeddable":true,"href":"https:\/\/mc-store.net\/ar\/wp-json\/wp\/v2\/product_cat?post=7788"},{"taxonomy":"product_tag","embeddable":true,"href":"https:\/\/mc-store.net\/ar\/wp-json\/wp\/v2\/product_tag?post=7788"}],"curies":[{"name":"wp","href":"https:\/\/api.w.org\/{rel}","templated":true}]}}