{"id":7796,"date":"2025-07-04T19:22:18","date_gmt":"2025-07-04T19:22:18","guid":{"rendered":"https:\/\/mc-store.net\/?post_type=product&#038;p=7796"},"modified":"2025-12-20T19:20:09","modified_gmt":"2025-12-20T17:20:09","slug":"mom-boyfriend-jean-kadin-kot-pantolon-kadin-2","status":"publish","type":"product","link":"https:\/\/mc-store.net\/ar\/product\/mom-boyfriend-jean-kadin-kot-pantolon-kadin-2\/","title":{"rendered":"Mom Boyfriend Jean Kad\u0131n KOT PANTOLON  KADIN"},"content":{"rendered":"<p>&#8211; Y\u00fcksek bel tasar\u0131m\u0131 ile modern ve \u015f\u0131k bir g\u00f6r\u00fcn\u00fcm sunar.<br \/>\n&#8211; Gen\u00e7lerin enerjisine hitap eden rahat kesimiyle g\u00fcnl\u00fck kullan\u0131m i\u00e7in idealdir.<br \/>\n&#8211; %100 pamuklu kuma\u015f\u0131 sayesinde g\u00fcn boyu konfor sa\u011flar.<br \/>\n&#8211; 5 cepli yap\u0131s\u0131, pratik depolama alanlar\u0131 sunarak g\u00fcnl\u00fck e\u015fyalar\u0131n\u0131z i\u00e7in kolay eri\u015fim imkan\u0131 tan\u0131r.<br \/>\n&#8211; Comfort dokuma tipi, yumu\u015fak dokusuyla cildinizde rahats\u0131zl\u0131k hissi yaratmaz.<br \/>\n&#8211; Esnek yap\u0131s\u0131 sayesinde hareket \u00f6zg\u00fcrl\u00fc\u011f\u00fc art\u0131r\u0131rken v\u00fccut hatlar\u0131n\u0131za uyum sa\u011flar.<br \/>\n&#8211; Mavi renk se\u00e7ene\u011fiyle zamans\u0131z bir tarz yaratman\u0131z\u0131 sa\u011flar.<br \/>\n&#8211; 44 bedeniyle geni\u015f beden skalas\u0131, herkesin rahat\u00e7a tercih etmesine olanak tan\u0131r.<br \/>\n&#8211; Esnek kuma\u015f\u0131 sayesinde uzun s\u00fcreli giyimde bile formunu korur.<br \/>\n&#8211; D\u00fcz deseniyle kolayca kombinlenebilir; farkl\u0131 \u00fcst giyim par\u00e7alar\u0131yla uyum i\u00e7inde olur.<br \/>\n&#8211; D\u00fc\u011fmeli kapama \u015fekli hem fonksiyonel hem de estetik bir detay olarak \u00f6ne \u00e7\u0131kar.<br \/>\n&#8211; Dar pa\u00e7a tasar\u0131m\u0131 modern silueti tamamlarken ayakkab\u0131lara yer a\u00e7ar.<br \/>\n&#8211; Pamuklu materyali sayesinde nefes alabilir yap\u0131da olup t\u00fcm mevsimlerde kullan\u0131labilir.<br \/>\n&#8211; Mom kal\u0131b\u0131 ile retro esintili bir stil sunarken ayn\u0131 zamanda g\u00fcncel trendleri takip eder.<br \/>\n&#8211; Kar y\u0131kama rengiyle hafif gri tonlar\u0131ndaki jean severler i\u00e7in m\u00fckemmel se\u00e7imdir.<\/p>","protected":false},"excerpt":{"rendered":"<p>&#8211; Y\u00fcksek bel tasar\u0131m\u0131 ile modern ve \u015f\u0131k bir g\u00f6r\u00fcn\u00fcm sunar. &#8211; Gen\u00e7lerin enerjisine hitap eden rahat kesimiyle g\u00fcnl\u00fck kullan\u0131m i\u00e7in idealdir. &#8211; %100 pamuklu kuma\u015f\u0131 sayesinde g\u00fcn boyu konfor sa\u011flar. &#8211; 5 cepli yap\u0131s\u0131, pratik depolama alanlar\u0131 sunarak g\u00fcnl\u00fck e\u015fyalar\u0131n\u0131z i\u00e7in kolay eri\u015fim imkan\u0131 tan\u0131r. &#8211; Comfort dokuma tipi, yumu\u015fak dokusuyla cildinizde rahats\u0131zl\u0131k hissi&#8230;<\/p>","protected":false},"featured_media":11222,"comment_status":"open","ping_status":"closed","template":"","meta":{"_surecart_dashboard_logo_width":"180px","_surecart_dashboard_show_logo":true,"_surecart_dashboard_navigation_orders":true,"_surecart_dashboard_navigation_invoices":true,"_surecart_dashboard_navigation_subscriptions":true,"_surecart_dashboard_navigation_downloads":true,"_surecart_dashboard_navigation_billing":true,"_surecart_dashboard_navigation_account":true,"_kad_post_transparent":"default","_kad_post_title":"","_kad_post_layout":"default","_kad_post_sidebar_id":"","_kad_post_content_style":"default","_kad_post_vertical_padding":"default","_kad_post_feature":"","_kad_post_feature_position":"","_kad_post_header":false,"_kad_post_footer":false},"product_brand":[41],"product_cat":[98],"product_tag":[117],"class_list":{"0":"post-7796","1":"product","2":"type-product","3":"status-publish","4":"has-post-thumbnail","6":"product_brand-mc-familystore","7":"product_cat-kot-pantolon","8":"product_tag-kadin","10":"first","11":"instock","12":"sale","13":"shipping-taxable","14":"purchasable","15":"product-type-variable","16":"entry","17":"content-bg","18":"loop-entry"},"aioseo_notices":[],"_links":{"self":[{"href":"https:\/\/mc-store.net\/ar\/wp-json\/wp\/v2\/product\/7796","targetHints":{"allow":["GET"]}}],"collection":[{"href":"https:\/\/mc-store.net\/ar\/wp-json\/wp\/v2\/product"}],"about":[{"href":"https:\/\/mc-store.net\/ar\/wp-json\/wp\/v2\/types\/product"}],"replies":[{"embeddable":true,"href":"https:\/\/mc-store.net\/ar\/wp-json\/wp\/v2\/comments?post=7796"}],"version-history":[{"count":2,"href":"https:\/\/mc-store.net\/ar\/wp-json\/wp\/v2\/product\/7796\/revisions"}],"predecessor-version":[{"id":8504,"href":"https:\/\/mc-store.net\/ar\/wp-json\/wp\/v2\/product\/7796\/revisions\/8504"}],"wp:featuredmedia":[{"embeddable":true,"href":"https:\/\/mc-store.net\/ar\/wp-json\/wp\/v2\/media\/11222"}],"wp:attachment":[{"href":"https:\/\/mc-store.net\/ar\/wp-json\/wp\/v2\/media?parent=7796"}],"wp:term":[{"taxonomy":"product_brand","embeddable":true,"href":"https:\/\/mc-store.net\/ar\/wp-json\/wp\/v2\/product_brand?post=7796"},{"taxonomy":"product_cat","embeddable":true,"href":"https:\/\/mc-store.net\/ar\/wp-json\/wp\/v2\/product_cat?post=7796"},{"taxonomy":"product_tag","embeddable":true,"href":"https:\/\/mc-store.net\/ar\/wp-json\/wp\/v2\/product_tag?post=7796"}],"curies":[{"name":"wp","href":"https:\/\/api.w.org\/{rel}","templated":true}]}}