{"id":7806,"date":"2025-07-04T19:28:18","date_gmt":"2025-07-04T19:28:18","guid":{"rendered":"https:\/\/mc-store.net\/?post_type=product&#038;p=7806"},"modified":"2025-12-20T19:02:44","modified_gmt":"2025-12-20T17:02:44","slug":"mom-boyfriend-jean-kadin-kot-pantolon-kadin-3","status":"publish","type":"product","link":"https:\/\/mc-store.net\/ar\/product\/mom-boyfriend-jean-kadin-kot-pantolon-kadin-3\/","title":{"rendered":"Mom Boyfriend Jean Kad\u0131n KOT PANTOLON  KADIN"},"content":{"rendered":"<p>&#8211; Y\u00fcksek bel tasar\u0131m\u0131 ile modern ve \u015f\u0131k bir g\u00f6r\u00fcn\u00fcm sunar.<br \/>\n&#8211; Rahat kesimi sayesinde g\u00fcn boyu konfor sa\u011flar.<br \/>\n&#8211; G\u00fcnl\u00fck kullan\u0131m i\u00e7in ideal, casual tarz\u0131yla dikkat \u00e7eker.<br \/>\n&#8211; Esnek yap\u0131s\u0131yla hareket \u00f6zg\u00fcrl\u00fc\u011f\u00fc tan\u0131r.<br \/>\n&#8211; Siyah rengiyle kolayca kombinlenebilir ve her ortama uyum sa\u011flar.<br \/>\n&#8211; D\u00fc\u011fmeli kapama detay\u0131 pratik kullan\u0131m imkan\u0131 sunar.<br \/>\n&#8211; D\u00fcz deseniyle zamans\u0131z bir stil olu\u015fturur.<br \/>\n&#8211; Pamuklu kuma\u015f\u0131 cildinizle dost dokunu\u015flar vaat eder.<br \/>\n&#8211; Esnek yap\u0131s\u0131 sayesinde v\u00fccut hatlar\u0131n\u0131za m\u00fckemmel uyum sa\u011flar.<br \/>\n&#8211; Boru pa\u00e7a tasar\u0131m\u0131 ile retro esintili bir hava katarken, modern \u00e7izgilere sahiptir.<br \/>\n&#8211; D\u00fcz kesimiyle basit ama etkileyici bir siluet sergiler.<\/p>","protected":false},"excerpt":{"rendered":"<p>&#8211; Y\u00fcksek bel tasar\u0131m\u0131 ile modern ve \u015f\u0131k bir g\u00f6r\u00fcn\u00fcm sunar. &#8211; Rahat kesimi sayesinde g\u00fcn boyu konfor sa\u011flar. &#8211; G\u00fcnl\u00fck kullan\u0131m i\u00e7in ideal, casual tarz\u0131yla dikkat \u00e7eker. &#8211; Esnek yap\u0131s\u0131yla hareket \u00f6zg\u00fcrl\u00fc\u011f\u00fc tan\u0131r. &#8211; Siyah rengiyle kolayca kombinlenebilir ve her ortama uyum sa\u011flar. &#8211; D\u00fc\u011fmeli kapama detay\u0131 pratik kullan\u0131m imkan\u0131 sunar. &#8211; D\u00fcz deseniyle&#8230;<\/p>","protected":false},"featured_media":11223,"comment_status":"open","ping_status":"closed","template":"","meta":{"_surecart_dashboard_logo_width":"180px","_surecart_dashboard_show_logo":true,"_surecart_dashboard_navigation_orders":true,"_surecart_dashboard_navigation_invoices":true,"_surecart_dashboard_navigation_subscriptions":true,"_surecart_dashboard_navigation_downloads":true,"_surecart_dashboard_navigation_billing":true,"_surecart_dashboard_navigation_account":true,"_kad_post_transparent":"default","_kad_post_title":"","_kad_post_layout":"default","_kad_post_sidebar_id":"","_kad_post_content_style":"default","_kad_post_vertical_padding":"default","_kad_post_feature":"","_kad_post_feature_position":"","_kad_post_header":false,"_kad_post_footer":false},"product_brand":[41],"product_cat":[98],"product_tag":[117],"class_list":{"0":"post-7806","1":"product","2":"type-product","3":"status-publish","4":"has-post-thumbnail","6":"product_brand-mc-familystore","7":"product_cat-kot-pantolon","8":"product_tag-kadin","10":"first","11":"instock","12":"sale","13":"shipping-taxable","14":"purchasable","15":"product-type-variable","16":"entry","17":"content-bg","18":"loop-entry"},"aioseo_notices":[],"_links":{"self":[{"href":"https:\/\/mc-store.net\/ar\/wp-json\/wp\/v2\/product\/7806","targetHints":{"allow":["GET"]}}],"collection":[{"href":"https:\/\/mc-store.net\/ar\/wp-json\/wp\/v2\/product"}],"about":[{"href":"https:\/\/mc-store.net\/ar\/wp-json\/wp\/v2\/types\/product"}],"replies":[{"embeddable":true,"href":"https:\/\/mc-store.net\/ar\/wp-json\/wp\/v2\/comments?post=7806"}],"version-history":[{"count":3,"href":"https:\/\/mc-store.net\/ar\/wp-json\/wp\/v2\/product\/7806\/revisions"}],"predecessor-version":[{"id":8502,"href":"https:\/\/mc-store.net\/ar\/wp-json\/wp\/v2\/product\/7806\/revisions\/8502"}],"wp:featuredmedia":[{"embeddable":true,"href":"https:\/\/mc-store.net\/ar\/wp-json\/wp\/v2\/media\/11223"}],"wp:attachment":[{"href":"https:\/\/mc-store.net\/ar\/wp-json\/wp\/v2\/media?parent=7806"}],"wp:term":[{"taxonomy":"product_brand","embeddable":true,"href":"https:\/\/mc-store.net\/ar\/wp-json\/wp\/v2\/product_brand?post=7806"},{"taxonomy":"product_cat","embeddable":true,"href":"https:\/\/mc-store.net\/ar\/wp-json\/wp\/v2\/product_cat?post=7806"},{"taxonomy":"product_tag","embeddable":true,"href":"https:\/\/mc-store.net\/ar\/wp-json\/wp\/v2\/product_tag?post=7806"}],"curies":[{"name":"wp","href":"https:\/\/api.w.org\/{rel}","templated":true}]}}