{"id":7825,"date":"2025-07-05T17:22:32","date_gmt":"2025-07-05T17:22:32","guid":{"rendered":"https:\/\/mc-store.net\/?post_type=product&#038;p=7825"},"modified":"2025-12-20T19:05:47","modified_gmt":"2025-12-20T17:05:47","slug":"kadin-soluk-efekt-vintage-yuksek-bel-wide-leg-jeans-2","status":"publish","type":"product","link":"https:\/\/mc-store.net\/ar\/product\/kadin-soluk-efekt-vintage-yuksek-bel-wide-leg-jeans-2\/","title":{"rendered":"Kad\u0131n Soluk Efekt Vintage Y\u00fcksek Bel Wide Leg Jeans"},"content":{"rendered":"<p>&#8211; Vintage esintili soluk efekt detaylar\u0131yla dikkat \u00e7eken bu y\u00fcksek bel wide leg jeans, g\u00fcnl\u00fck kullan\u0131m i\u00e7in idealdir.<br \/>\n&#8211; Rahat kesimi sayesinde g\u00fcn boyu konfor sunan bu pantolon, normal bel tasar\u0131m\u0131yla her v\u00fccut tipine uyum sa\u011flar.<br \/>\n&#8211; G\u00fcnl\u00fck ortamlarda rahatl\u0131kla tercih edebilece\u011finiz casual tarzda tasarlanm\u0131\u015ft\u0131r; kutusuz ambalaj\u0131yla pratik bir se\u00e7imdir.<br \/>\n&#8211; Be\u015f cepli yap\u0131s\u0131 ile fonksiyonellikten \u00f6d\u00fcn vermeyen bu jean, g\u00fcnl\u00fck e\u015fyalar\u0131n\u0131z i\u00e7in geni\u015f saklama alanlar\u0131 sunar.<br \/>\n&#8211; Comfort dokuma tipiyle yumu\u015fak bir dokunu\u015fa sahip olan bu pantolon, hareket \u00f6zg\u00fcrl\u00fc\u011f\u00fc sa\u011flar.<br \/>\n&#8211; Esnek yap\u0131s\u0131 sayesinde v\u00fccuda m\u00fckemmel uyum sa\u011flayan bu wide leg jeans, gri rengiyle kolayca kombinlenebilir.<br \/>\n&#8211; D\u00fc\u011fmeli kapama \u015fekliyle pratik kullan\u0131m imkan\u0131 tan\u0131rken d\u00fcz deseniyle zamans\u0131z bir \u015f\u0131kl\u0131k sunar.<br \/>\n&#8211; Wide leg kal\u0131b\u0131 modern ve trend bir g\u00f6r\u00fcn\u00fcm kazand\u0131rarak stilinizi \u00f6n plana \u00e7\u0131kar\u0131r.<br \/>\n&#8211; Denim materyali dayan\u0131kl\u0131l\u0131\u011f\u0131 artt\u0131rarak uzun s\u00fcreli kullan\u0131m vaat ederken bol pa\u00e7a tasar\u0131m\u0131n\u0131n sundu\u011fu rahatl\u0131kla \u00f6ne \u00e7\u0131kars\u0131n\u0131z.<\/p>","protected":false},"excerpt":{"rendered":"<p>&#8211; Vintage esintili soluk efekt detaylar\u0131yla dikkat \u00e7eken bu y\u00fcksek bel wide leg jeans, g\u00fcnl\u00fck kullan\u0131m i\u00e7in idealdir. &#8211; Rahat kesimi sayesinde g\u00fcn boyu konfor sunan bu pantolon, normal bel tasar\u0131m\u0131yla her v\u00fccut tipine uyum sa\u011flar. &#8211; G\u00fcnl\u00fck ortamlarda rahatl\u0131kla tercih edebilece\u011finiz casual tarzda tasarlanm\u0131\u015ft\u0131r; kutusuz ambalaj\u0131yla pratik bir se\u00e7imdir. &#8211; Be\u015f cepli yap\u0131s\u0131 ile&#8230;<\/p>","protected":false},"featured_media":11226,"comment_status":"open","ping_status":"closed","template":"","meta":{"_surecart_dashboard_logo_width":"180px","_surecart_dashboard_show_logo":true,"_surecart_dashboard_navigation_orders":true,"_surecart_dashboard_navigation_invoices":true,"_surecart_dashboard_navigation_subscriptions":true,"_surecart_dashboard_navigation_downloads":true,"_surecart_dashboard_navigation_billing":true,"_surecart_dashboard_navigation_account":true,"_kad_post_transparent":"default","_kad_post_title":"","_kad_post_layout":"default","_kad_post_sidebar_id":"","_kad_post_content_style":"default","_kad_post_vertical_padding":"default","_kad_post_feature":"","_kad_post_feature_position":"","_kad_post_header":false,"_kad_post_footer":false},"product_brand":[],"product_cat":[98],"product_tag":[117],"class_list":{"0":"post-7825","1":"product","2":"type-product","3":"status-publish","4":"has-post-thumbnail","6":"product_cat-kot-pantolon","7":"product_tag-kadin","9":"first","10":"instock","11":"sale","12":"shipping-taxable","13":"purchasable","14":"product-type-variable","15":"entry","16":"content-bg","17":"loop-entry"},"aioseo_notices":[],"_links":{"self":[{"href":"https:\/\/mc-store.net\/ar\/wp-json\/wp\/v2\/product\/7825","targetHints":{"allow":["GET"]}}],"collection":[{"href":"https:\/\/mc-store.net\/ar\/wp-json\/wp\/v2\/product"}],"about":[{"href":"https:\/\/mc-store.net\/ar\/wp-json\/wp\/v2\/types\/product"}],"replies":[{"embeddable":true,"href":"https:\/\/mc-store.net\/ar\/wp-json\/wp\/v2\/comments?post=7825"}],"version-history":[{"count":3,"href":"https:\/\/mc-store.net\/ar\/wp-json\/wp\/v2\/product\/7825\/revisions"}],"predecessor-version":[{"id":8498,"href":"https:\/\/mc-store.net\/ar\/wp-json\/wp\/v2\/product\/7825\/revisions\/8498"}],"wp:featuredmedia":[{"embeddable":true,"href":"https:\/\/mc-store.net\/ar\/wp-json\/wp\/v2\/media\/11226"}],"wp:attachment":[{"href":"https:\/\/mc-store.net\/ar\/wp-json\/wp\/v2\/media?parent=7825"}],"wp:term":[{"taxonomy":"product_brand","embeddable":true,"href":"https:\/\/mc-store.net\/ar\/wp-json\/wp\/v2\/product_brand?post=7825"},{"taxonomy":"product_cat","embeddable":true,"href":"https:\/\/mc-store.net\/ar\/wp-json\/wp\/v2\/product_cat?post=7825"},{"taxonomy":"product_tag","embeddable":true,"href":"https:\/\/mc-store.net\/ar\/wp-json\/wp\/v2\/product_tag?post=7825"}],"curies":[{"name":"wp","href":"https:\/\/api.w.org\/{rel}","templated":true}]}}