{"id":7844,"date":"2025-07-05T17:41:11","date_gmt":"2025-07-05T17:41:11","guid":{"rendered":"https:\/\/mc-store.net\/?post_type=product&#038;p=7844"},"modified":"2025-12-20T19:14:26","modified_gmt":"2025-12-20T17:14:26","slug":"kadin-bol-paca-kot-pantolon-mavi","status":"publish","type":"product","link":"https:\/\/mc-store.net\/ar\/product\/kadin-bol-paca-kot-pantolon-mavi\/","title":{"rendered":"KADIN BOL PA\u00c7A KOT PANTOLON MAV\u0130"},"content":{"rendered":"<p>&#8211; Y\u00fcksek bel tasar\u0131m\u0131 ile modern ve \u015f\u0131k bir g\u00f6r\u00fcn\u00fcm sunar.<br \/>\n&#8211; Rahat kesimi sayesinde g\u00fcn boyu konfor sa\u011flar, hareket \u00f6zg\u00fcrl\u00fc\u011f\u00fc tan\u0131r.<br \/>\n&#8211; G\u00fcnl\u00fck kullan\u0131m i\u00e7in idealdir; casual tarz\u0131n\u0131za kolayca uyum sa\u011flar.<br \/>\n&#8211; 5 cep detay\u0131 pratik depolama alanlar\u0131 sunarak g\u00fcnl\u00fck e\u015fyalar\u0131n\u0131z i\u00e7in rahatl\u0131k sa\u011flar.<br \/>\n&#8211; Comfort dokuma tipi, yumu\u015fak dokusuyla cildinizi rahats\u0131z etmez.<br \/>\n&#8211; Kolay bak\u0131m imkan\u0131 sunan y\u0131kama talimatlar\u0131na sahiptir (Type 1).<br \/>\n&#8211; Esnek yap\u0131s\u0131 sayesinde v\u00fccut hatlar\u0131n\u0131za m\u00fckemmel uyum sa\u011flar.<br \/>\n&#8211; Mavi renk se\u00e7ene\u011fiyle zamans\u0131z bir stil olu\u015ftururken, koyu tonu dikkat \u00e7ekici bir hava kat\u0131yor.<br \/>\n&#8211; D\u00fc\u011fme ve fermuar kapama \u015fekli ile g\u00fcvenilir kullan\u0131m sunar.<br \/>\n&#8211; Sade deseni ve d\u00fcz tasar\u0131m detaylar\u0131yla her t\u00fcrl\u00fc \u00fcst giyimle kombinlenebilir.<br \/>\n&#8211; Oversize kal\u0131b\u0131yla trendleri takip ederken kendine has bir tarz yaratman\u0131z\u0131 sa\u011flar.<\/p>","protected":false},"excerpt":{"rendered":"<p>&#8211; Y\u00fcksek bel tasar\u0131m\u0131 ile modern ve \u015f\u0131k bir g\u00f6r\u00fcn\u00fcm sunar. &#8211; Rahat kesimi sayesinde g\u00fcn boyu konfor sa\u011flar, hareket \u00f6zg\u00fcrl\u00fc\u011f\u00fc tan\u0131r. &#8211; G\u00fcnl\u00fck kullan\u0131m i\u00e7in idealdir; casual tarz\u0131n\u0131za kolayca uyum sa\u011flar. &#8211; 5 cep detay\u0131 pratik depolama alanlar\u0131 sunarak g\u00fcnl\u00fck e\u015fyalar\u0131n\u0131z i\u00e7in rahatl\u0131k sa\u011flar. &#8211; Comfort dokuma tipi, yumu\u015fak dokusuyla cildinizi rahats\u0131z etmez. &#8211;&#8230;<\/p>","protected":false},"featured_media":11230,"comment_status":"open","ping_status":"closed","template":"","meta":{"_surecart_dashboard_logo_width":"180px","_surecart_dashboard_show_logo":true,"_surecart_dashboard_navigation_orders":true,"_surecart_dashboard_navigation_invoices":true,"_surecart_dashboard_navigation_subscriptions":true,"_surecart_dashboard_navigation_downloads":true,"_surecart_dashboard_navigation_billing":true,"_surecart_dashboard_navigation_account":true,"_kad_post_transparent":"default","_kad_post_title":"","_kad_post_layout":"default","_kad_post_sidebar_id":"","_kad_post_content_style":"default","_kad_post_vertical_padding":"default","_kad_post_feature":"","_kad_post_feature_position":"","_kad_post_header":false,"_kad_post_footer":false},"product_brand":[41],"product_cat":[98],"product_tag":[117],"class_list":{"0":"post-7844","1":"product","2":"type-product","3":"status-publish","4":"has-post-thumbnail","6":"product_brand-mc-familystore","7":"product_cat-kot-pantolon","8":"product_tag-kadin","10":"first","11":"instock","12":"sale","13":"shipping-taxable","14":"purchasable","15":"product-type-variable","16":"entry","17":"content-bg","18":"loop-entry"},"aioseo_notices":[],"_links":{"self":[{"href":"https:\/\/mc-store.net\/ar\/wp-json\/wp\/v2\/product\/7844","targetHints":{"allow":["GET"]}}],"collection":[{"href":"https:\/\/mc-store.net\/ar\/wp-json\/wp\/v2\/product"}],"about":[{"href":"https:\/\/mc-store.net\/ar\/wp-json\/wp\/v2\/types\/product"}],"replies":[{"embeddable":true,"href":"https:\/\/mc-store.net\/ar\/wp-json\/wp\/v2\/comments?post=7844"}],"version-history":[{"count":2,"href":"https:\/\/mc-store.net\/ar\/wp-json\/wp\/v2\/product\/7844\/revisions"}],"predecessor-version":[{"id":8496,"href":"https:\/\/mc-store.net\/ar\/wp-json\/wp\/v2\/product\/7844\/revisions\/8496"}],"wp:featuredmedia":[{"embeddable":true,"href":"https:\/\/mc-store.net\/ar\/wp-json\/wp\/v2\/media\/11230"}],"wp:attachment":[{"href":"https:\/\/mc-store.net\/ar\/wp-json\/wp\/v2\/media?parent=7844"}],"wp:term":[{"taxonomy":"product_brand","embeddable":true,"href":"https:\/\/mc-store.net\/ar\/wp-json\/wp\/v2\/product_brand?post=7844"},{"taxonomy":"product_cat","embeddable":true,"href":"https:\/\/mc-store.net\/ar\/wp-json\/wp\/v2\/product_cat?post=7844"},{"taxonomy":"product_tag","embeddable":true,"href":"https:\/\/mc-store.net\/ar\/wp-json\/wp\/v2\/product_tag?post=7844"}],"curies":[{"name":"wp","href":"https:\/\/api.w.org\/{rel}","templated":true}]}}