{"id":7877,"date":"2025-07-05T19:07:33","date_gmt":"2025-07-05T19:07:33","guid":{"rendered":"https:\/\/mc-store.net\/?post_type=product&#038;p=7877"},"modified":"2025-09-02T21:21:39","modified_gmt":"2025-09-02T19:21:39","slug":"kanavice-muslin-takim-elbise-kiz-cocuk-bebek-elbise","status":"publish","type":"product","link":"https:\/\/mc-store.net\/ar\/product\/kanavice-muslin-takim-elbise-kiz-cocuk-bebek-elbise\/","title":{"rendered":"KANAV\u0130\u00c7E MUSL\u0130N TAKIM ELB\u0130SE KIZ \u00c7OCUK BEBEK ELB\u0130SE"},"content":{"rendered":"<p>&#8211; Rahat kesimi ile bebe\u011finizin hareket \u00f6zg\u00fcrl\u00fc\u011f\u00fcn\u00fc k\u0131s\u0131tlamayan, g\u00fcnl\u00fck kullan\u0131m i\u00e7in ideal bir se\u00e7enek.<br \/>\n&#8211; Pamuklu kuma\u015f\u0131 sayesinde cildi tahri\u015f etmeden yumu\u015fak bir dokunu\u015f sunar ve konfor sa\u011flar.<br \/>\n&#8211; D\u00fcz deseniyle sade ve \u015f\u0131k bir g\u00f6r\u00fcn\u00fcm elde edilirken, her t\u00fcrl\u00fc aksesuarla kolayca kombinlenebilir.<br \/>\n&#8211; Relaxed kal\u0131b\u0131 sayesinde bebeklerinize rahatl\u0131kla giydirilebilir ve uzun s\u00fcreli kullan\u0131m imkan\u0131 tan\u0131r.<br \/>\n&#8211; Boyutlar\u0131 12 ay olan bu tak\u0131m elbise, k\u00fc\u00e7\u00fck bedenlere uygun olarak tasarlanm\u0131\u015ft\u0131r; b\u00f6ylece b\u00fcy\u00fcme d\u00f6nemlerinde de kullan\u0131\u015fl\u0131l\u0131\u011f\u0131n\u0131 korur.<br \/>\n&#8211; G\u00fcnl\u00fck ortamlarda tercih edebilece\u011finiz bu tak\u0131m elbise, hem ev i\u00e7inde hem d\u0131\u015far\u0131da keyifle giyilebilir.<br \/>\n&#8211; 2&#8217;li paketi ile ihtiyac\u0131n\u0131z olan pratikli\u011fi sa\u011flayarak ekstra al\u0131\u015fveri\u015f yapma zahmetinden kurtar\u0131r.<br \/>\n&#8211; A\u00e7\u0131k pembe rengiyle ne\u015feli ve canl\u0131 bir stil olu\u015ftururken, web renk se\u00e7ene\u011fiyle modern bir g\u00f6r\u00fcn\u00fcm kazand\u0131r\u0131r.<br \/>\n&#8211; Kolay bak\u0131m avantaj\u0131na sahip olan bu \u00fcr\u00fcn, y\u0131kama talimatlar\u0131na uyuldu\u011funda formunu koruyarak uzun s\u00fcre ilk g\u00fcnk\u00fc gibi kalmas\u0131n\u0131 sa\u011flar.<br \/>\n&#8211; S\u00fcrd\u00fcr\u00fclebilirlik detay\u0131n\u0131n bulunmamas\u0131 ise \u00e7evreye duyarl\u0131 olmayan bir \u00fcretim s\u00fcrecine i\u015faret eder ancak bu durum \u00fcr\u00fcn\u00fcn genel kalitesini d\u00fc\u015f\u00fcrmez.<\/p>","protected":false},"excerpt":{"rendered":"<p>&#8211; Rahat kesimi ile bebe\u011finizin hareket \u00f6zg\u00fcrl\u00fc\u011f\u00fcn\u00fc k\u0131s\u0131tlamayan, g\u00fcnl\u00fck kullan\u0131m i\u00e7in ideal bir se\u00e7enek. &#8211; Pamuklu kuma\u015f\u0131 sayesinde cildi tahri\u015f etmeden yumu\u015fak bir dokunu\u015f sunar ve konfor sa\u011flar. &#8211; D\u00fcz deseniyle sade ve \u015f\u0131k bir g\u00f6r\u00fcn\u00fcm elde edilirken, her t\u00fcrl\u00fc aksesuarla kolayca kombinlenebilir. &#8211; Relaxed kal\u0131b\u0131 sayesinde bebeklerinize rahatl\u0131kla giydirilebilir ve uzun s\u00fcreli kullan\u0131m imkan\u0131&#8230;<\/p>","protected":false},"featured_media":9106,"comment_status":"open","ping_status":"closed","template":"","meta":{"_surecart_dashboard_logo_width":"180px","_surecart_dashboard_show_logo":true,"_surecart_dashboard_navigation_orders":true,"_surecart_dashboard_navigation_invoices":true,"_surecart_dashboard_navigation_subscriptions":true,"_surecart_dashboard_navigation_downloads":true,"_surecart_dashboard_navigation_billing":true,"_surecart_dashboard_navigation_account":true,"_kad_post_transparent":"default","_kad_post_title":"","_kad_post_layout":"default","_kad_post_sidebar_id":"","_kad_post_content_style":"default","_kad_post_vertical_padding":"default","_kad_post_feature":"","_kad_post_feature_position":"","_kad_post_header":false,"_kad_post_footer":false},"product_brand":[],"product_cat":[25,63,123,32],"product_tag":[119,118],"class_list":{"0":"post-7877","1":"product","2":"type-product","3":"status-publish","4":"has-post-thumbnail","6":"product_cat-alt-ust-takim","7":"product_cat-bebek-takimi","8":"product_cat-firsat-urunleri","9":"product_cat-takim-elbise","10":"product_tag-kiz-bebek","11":"product_tag-cocuk","13":"first","14":"instock","15":"sale","16":"shipping-taxable","17":"purchasable","18":"product-type-variable","19":"entry","20":"content-bg","21":"loop-entry"},"aioseo_notices":[],"_links":{"self":[{"href":"https:\/\/mc-store.net\/ar\/wp-json\/wp\/v2\/product\/7877","targetHints":{"allow":["GET"]}}],"collection":[{"href":"https:\/\/mc-store.net\/ar\/wp-json\/wp\/v2\/product"}],"about":[{"href":"https:\/\/mc-store.net\/ar\/wp-json\/wp\/v2\/types\/product"}],"replies":[{"embeddable":true,"href":"https:\/\/mc-store.net\/ar\/wp-json\/wp\/v2\/comments?post=7877"}],"version-history":[{"count":2,"href":"https:\/\/mc-store.net\/ar\/wp-json\/wp\/v2\/product\/7877\/revisions"}],"predecessor-version":[{"id":8577,"href":"https:\/\/mc-store.net\/ar\/wp-json\/wp\/v2\/product\/7877\/revisions\/8577"}],"wp:featuredmedia":[{"embeddable":true,"href":"https:\/\/mc-store.net\/ar\/wp-json\/wp\/v2\/media\/9106"}],"wp:attachment":[{"href":"https:\/\/mc-store.net\/ar\/wp-json\/wp\/v2\/media?parent=7877"}],"wp:term":[{"taxonomy":"product_brand","embeddable":true,"href":"https:\/\/mc-store.net\/ar\/wp-json\/wp\/v2\/product_brand?post=7877"},{"taxonomy":"product_cat","embeddable":true,"href":"https:\/\/mc-store.net\/ar\/wp-json\/wp\/v2\/product_cat?post=7877"},{"taxonomy":"product_tag","embeddable":true,"href":"https:\/\/mc-store.net\/ar\/wp-json\/wp\/v2\/product_tag?post=7877"}],"curies":[{"name":"wp","href":"https:\/\/api.w.org\/{rel}","templated":true}]}}