{"id":7903,"date":"2025-07-05T19:23:49","date_gmt":"2025-07-05T19:23:49","guid":{"rendered":"https:\/\/mc-store.net\/?post_type=product&#038;p=7903"},"modified":"2025-09-02T21:20:16","modified_gmt":"2025-09-02T19:20:16","slug":"erkek-bebek-gomlek-muslin-ayicik-cocuk-takim-2li","status":"publish","type":"product","link":"https:\/\/mc-store.net\/ar\/product\/erkek-bebek-gomlek-muslin-ayicik-cocuk-takim-2li\/","title":{"rendered":"Erkek Bebek G\u00f6mlek M\u00fcsl\u0131n Ay\u0131c\u0131k \u00c7ocuk Tak\u0131m 2li"},"content":{"rendered":"<p>&#8211; M\u00fcslin kuma\u015ftan \u00fcretilmi\u015f olup, hafif ve nefes alabilen yap\u0131s\u0131yla bebe\u011finizin cildine nazik\u00e7e dokunur.<br \/>\n&#8211; Rahat kesimi sayesinde hareket \u00f6zg\u00fcrl\u00fc\u011f\u00fcn\u00fc k\u0131s\u0131tlamaz ve g\u00fcn boyu konfor sa\u011flar.<br \/>\n&#8211; Slogan deseniyle \u015f\u0131k bir g\u00f6r\u00fcn\u00fcm sunarken, gri-beyaz renk kombinasyonu kolayca kombinlenebilir.<br \/>\n&#8211; Lastikli pa\u00e7a tasar\u0131m\u0131 ile pratik kullan\u0131m imkan\u0131 sunar; ayakkab\u0131s\u0131z y\u00fcr\u00fcrken bile rahatl\u0131k sa\u011flar.<br \/>\n&#8211; K\u0131sa kollu bisiklet yakas\u0131, s\u0131cak yaz g\u00fcnlerinde serinlik hissi verirken g\u00fcnl\u00fck kullan\u0131m i\u00e7in idealdir.<br \/>\n&#8211; 12-18 ay bedeniyle bebeklerinize uygunluk g\u00f6stererek b\u00fcy\u00fcme d\u00f6nemlerinde de rahatl\u0131kla tercih edilebilir.<br \/>\n&#8211; G\u00fcnl\u00fck kullan\u0131m i\u00e7in uygundur; evde veya d\u0131\u015far\u0131da keyifle giyilebilir.<br \/>\n&#8211; Y\u0131kama talimatlar\u0131na uyarak uzun s\u00fcre ilk g\u00fcnk\u00fc gibi kalmas\u0131n\u0131 sa\u011flayabilirsiniz.<br \/>\n&#8211; S\u00fcrd\u00fcr\u00fclebilirlik detay\u0131na \u00f6nem verilmemi\u015ftir ancak bu tarz \u00fcr\u00fcnler genellikle \u00e7evre dostudur.<\/p>","protected":false},"excerpt":{"rendered":"<p>&#8211; M\u00fcslin kuma\u015ftan \u00fcretilmi\u015f olup, hafif ve nefes alabilen yap\u0131s\u0131yla bebe\u011finizin cildine nazik\u00e7e dokunur. &#8211; Rahat kesimi sayesinde hareket \u00f6zg\u00fcrl\u00fc\u011f\u00fcn\u00fc k\u0131s\u0131tlamaz ve g\u00fcn boyu konfor sa\u011flar. &#8211; Slogan deseniyle \u015f\u0131k bir g\u00f6r\u00fcn\u00fcm sunarken, gri-beyaz renk kombinasyonu kolayca kombinlenebilir. &#8211; Lastikli pa\u00e7a tasar\u0131m\u0131 ile pratik kullan\u0131m imkan\u0131 sunar; ayakkab\u0131s\u0131z y\u00fcr\u00fcrken bile rahatl\u0131k sa\u011flar. &#8211; K\u0131sa kollu&#8230;<\/p>","protected":false},"featured_media":9105,"comment_status":"open","ping_status":"closed","template":"","meta":{"_surecart_dashboard_logo_width":"180px","_surecart_dashboard_show_logo":true,"_surecart_dashboard_navigation_orders":true,"_surecart_dashboard_navigation_invoices":true,"_surecart_dashboard_navigation_subscriptions":true,"_surecart_dashboard_navigation_downloads":true,"_surecart_dashboard_navigation_billing":true,"_surecart_dashboard_navigation_account":true,"_kad_post_transparent":"default","_kad_post_title":"","_kad_post_layout":"default","_kad_post_sidebar_id":"","_kad_post_content_style":"default","_kad_post_vertical_padding":"default","_kad_post_feature":"","_kad_post_feature_position":"","_kad_post_header":false,"_kad_post_footer":false},"product_brand":[41],"product_cat":[25,63,123],"product_tag":[120,121],"class_list":{"0":"post-7903","1":"product","2":"type-product","3":"status-publish","4":"has-post-thumbnail","6":"product_brand-mc-familystore","7":"product_cat-alt-ust-takim","8":"product_cat-bebek-takimi","9":"product_cat-firsat-urunleri","10":"product_tag-erkek-bebek","11":"product_tag-erkek-cocuk","13":"first","14":"instock","15":"sale","16":"shipping-taxable","17":"purchasable","18":"product-type-variable","19":"entry","20":"content-bg","21":"loop-entry"},"aioseo_notices":[],"_links":{"self":[{"href":"https:\/\/mc-store.net\/ar\/wp-json\/wp\/v2\/product\/7903","targetHints":{"allow":["GET"]}}],"collection":[{"href":"https:\/\/mc-store.net\/ar\/wp-json\/wp\/v2\/product"}],"about":[{"href":"https:\/\/mc-store.net\/ar\/wp-json\/wp\/v2\/types\/product"}],"replies":[{"embeddable":true,"href":"https:\/\/mc-store.net\/ar\/wp-json\/wp\/v2\/comments?post=7903"}],"version-history":[{"count":2,"href":"https:\/\/mc-store.net\/ar\/wp-json\/wp\/v2\/product\/7903\/revisions"}],"predecessor-version":[{"id":8575,"href":"https:\/\/mc-store.net\/ar\/wp-json\/wp\/v2\/product\/7903\/revisions\/8575"}],"wp:featuredmedia":[{"embeddable":true,"href":"https:\/\/mc-store.net\/ar\/wp-json\/wp\/v2\/media\/9105"}],"wp:attachment":[{"href":"https:\/\/mc-store.net\/ar\/wp-json\/wp\/v2\/media?parent=7903"}],"wp:term":[{"taxonomy":"product_brand","embeddable":true,"href":"https:\/\/mc-store.net\/ar\/wp-json\/wp\/v2\/product_brand?post=7903"},{"taxonomy":"product_cat","embeddable":true,"href":"https:\/\/mc-store.net\/ar\/wp-json\/wp\/v2\/product_cat?post=7903"},{"taxonomy":"product_tag","embeddable":true,"href":"https:\/\/mc-store.net\/ar\/wp-json\/wp\/v2\/product_tag?post=7903"}],"curies":[{"name":"wp","href":"https:\/\/api.w.org\/{rel}","templated":true}]}}