{"id":7913,"date":"2025-07-05T19:41:52","date_gmt":"2025-07-05T19:41:52","guid":{"rendered":"https:\/\/mc-store.net\/?post_type=product&#038;p=7913"},"modified":"2025-09-03T21:48:21","modified_gmt":"2025-09-03T19:48:21","slug":"kiz-bebek-yazilik-takim-sortlu-pamuk-3li-takim","status":"publish","type":"product","link":"https:\/\/mc-store.net\/ar\/product\/kiz-bebek-yazilik-takim-sortlu-pamuk-3li-takim\/","title":{"rendered":"KIZ BEBEK YAZILIK TAKIM \u015eORTLU PAMUK 3L\u0130 TAKIM"},"content":{"rendered":"<p>&#8211; Bebe\u011finizin cildine nazik dokunu\u015fuyla pamuklu kuma\u015ftan \u00fcretilmi\u015ftir, g\u00fcn boyu rahatl\u0131k sa\u011flar.<br \/>\n&#8211; Yaz aylar\u0131n\u0131n vazge\u00e7ilmezi olan \u015fortlu tak\u0131m, s\u0131cak havalarda serinlik sunar.<br \/>\n&#8211; Canl\u0131 mor rengiyle dikkat \u00e7eken bu tak\u0131m, bebe\u011finizin enerjisini yans\u0131t\u0131r.<br \/>\n&#8211; Lastikli pa\u00e7a tasar\u0131m\u0131 sayesinde kolay giydirip \u00e7\u0131kar\u0131labilir ve hareket \u00f6zg\u00fcrl\u00fc\u011f\u00fc tan\u0131r.<br \/>\n&#8211; K\u0131sa kollu bisiklet yakas\u0131 ile yaz mevsiminde ideal konforu sunarken, k\u0131sa kol boyu rahat hareket etmeyi m\u00fcmk\u00fcn k\u0131lar.<br \/>\n&#8211; G\u00fcnl\u00fck kullan\u0131m i\u00e7in uygun olan bu tak\u0131m, bebe\u011finizin g\u00fcnl\u00fck aktivitelerinde \u015f\u0131kl\u0131\u011f\u0131ndan \u00f6d\u00fcn vermez.<br \/>\n&#8211; Organik malzemelerden \u00fcretilmi\u015f olmas\u0131, s\u00fcrd\u00fcr\u00fclebilir moda anlay\u0131\u015f\u0131na katk\u0131da bulunurken ayn\u0131 zamanda bebe\u011finizin sa\u011fl\u0131\u011f\u0131n\u0131 korur.<br \/>\n&#8211; 3&#8217;l\u00fc paket i\u00e7eri\u011fiyle hem \u00fcst hem alt par\u00e7aya sahip olman\u0131z\u0131 sa\u011flar; b\u00f6ylece kombin yapma derdi ortadan kalkar.<\/p>","protected":false},"excerpt":{"rendered":"<p>&#8211; Bebe\u011finizin cildine nazik dokunu\u015fuyla pamuklu kuma\u015ftan \u00fcretilmi\u015ftir, g\u00fcn boyu rahatl\u0131k sa\u011flar. &#8211; Yaz aylar\u0131n\u0131n vazge\u00e7ilmezi olan \u015fortlu tak\u0131m, s\u0131cak havalarda serinlik sunar. &#8211; Canl\u0131 mor rengiyle dikkat \u00e7eken bu tak\u0131m, bebe\u011finizin enerjisini yans\u0131t\u0131r. &#8211; Lastikli pa\u00e7a tasar\u0131m\u0131 sayesinde kolay giydirip \u00e7\u0131kar\u0131labilir ve hareket \u00f6zg\u00fcrl\u00fc\u011f\u00fc tan\u0131r. &#8211; K\u0131sa kollu bisiklet yakas\u0131 ile yaz mevsiminde ideal&#8230;<\/p>","protected":false},"featured_media":9141,"comment_status":"open","ping_status":"closed","template":"","meta":{"_surecart_dashboard_logo_width":"180px","_surecart_dashboard_show_logo":true,"_surecart_dashboard_navigation_orders":true,"_surecart_dashboard_navigation_invoices":true,"_surecart_dashboard_navigation_subscriptions":true,"_surecart_dashboard_navigation_downloads":true,"_surecart_dashboard_navigation_billing":true,"_surecart_dashboard_navigation_account":true,"_kad_post_transparent":"default","_kad_post_title":"","_kad_post_layout":"default","_kad_post_sidebar_id":"","_kad_post_content_style":"default","_kad_post_vertical_padding":"default","_kad_post_feature":"","_kad_post_feature_position":"","_kad_post_header":false,"_kad_post_footer":false},"product_brand":[41],"product_cat":[25,63,123],"product_tag":[119,118],"class_list":{"0":"post-7913","1":"product","2":"type-product","3":"status-publish","4":"has-post-thumbnail","6":"product_brand-mc-familystore","7":"product_cat-alt-ust-takim","8":"product_cat-bebek-takimi","9":"product_cat-firsat-urunleri","10":"product_tag-kiz-bebek","11":"product_tag-cocuk","13":"first","14":"instock","15":"sale","16":"shipping-taxable","17":"purchasable","18":"product-type-variable","19":"entry","20":"content-bg","21":"loop-entry"},"aioseo_notices":[],"_links":{"self":[{"href":"https:\/\/mc-store.net\/ar\/wp-json\/wp\/v2\/product\/7913","targetHints":{"allow":["GET"]}}],"collection":[{"href":"https:\/\/mc-store.net\/ar\/wp-json\/wp\/v2\/product"}],"about":[{"href":"https:\/\/mc-store.net\/ar\/wp-json\/wp\/v2\/types\/product"}],"replies":[{"embeddable":true,"href":"https:\/\/mc-store.net\/ar\/wp-json\/wp\/v2\/comments?post=7913"}],"version-history":[{"count":2,"href":"https:\/\/mc-store.net\/ar\/wp-json\/wp\/v2\/product\/7913\/revisions"}],"predecessor-version":[{"id":8574,"href":"https:\/\/mc-store.net\/ar\/wp-json\/wp\/v2\/product\/7913\/revisions\/8574"}],"wp:featuredmedia":[{"embeddable":true,"href":"https:\/\/mc-store.net\/ar\/wp-json\/wp\/v2\/media\/9141"}],"wp:attachment":[{"href":"https:\/\/mc-store.net\/ar\/wp-json\/wp\/v2\/media?parent=7913"}],"wp:term":[{"taxonomy":"product_brand","embeddable":true,"href":"https:\/\/mc-store.net\/ar\/wp-json\/wp\/v2\/product_brand?post=7913"},{"taxonomy":"product_cat","embeddable":true,"href":"https:\/\/mc-store.net\/ar\/wp-json\/wp\/v2\/product_cat?post=7913"},{"taxonomy":"product_tag","embeddable":true,"href":"https:\/\/mc-store.net\/ar\/wp-json\/wp\/v2\/product_tag?post=7913"}],"curies":[{"name":"wp","href":"https:\/\/api.w.org\/{rel}","templated":true}]}}