{"id":8452,"date":"2025-08-20T20:58:08","date_gmt":"2025-08-20T18:58:08","guid":{"rendered":"https:\/\/mc-store.net\/?post_type=product&#038;p=8452"},"modified":"2025-10-05T12:51:12","modified_gmt":"2025-10-05T10:51:12","slug":"kiz-cocuk-hirkali-kazayagi-3lu-elbise-takim","status":"publish","type":"product","link":"https:\/\/mc-store.net\/ar\/product\/kiz-cocuk-hirkali-kazayagi-3lu-elbise-takim\/","title":{"rendered":"KIZ \u00c7OCUK HIRKALI KAZAYA\u011eI 3L\u00dc ELB\u0130SE TAKIM"},"content":{"rendered":"<p>&#8211; Rahat hareket edebilme imkan\u0131 sunan regular kal\u0131p, \u00e7ocuklar\u0131n g\u00fcn boyu konforunu sa\u011flar.<br \/>\n&#8211; Desensiz d\u00fcz tasar\u0131m\u0131 ile her t\u00fcrl\u00fc kombinle uyumlu, zamans\u0131z bir g\u00f6r\u00fcn\u00fcm sunar.<br \/>\n&#8211; G\u00fcnl\u00fck kullan\u0131m i\u00e7in ideal olan bu elbise tak\u0131m\u0131, casual ortamlarda \u015f\u0131kl\u0131\u011f\u0131 yakalaman\u0131z\u0131 sa\u011flar.<br \/>\n&#8211; Normal bel kesimi sayesinde rahat bir oturu\u015f sunarken, krem rengi ekru tonlar\u0131yla zarif bir dokunu\u015f katmaktad\u0131r.<br \/>\n&#8211; Uzun kol boyu mevsim ge\u00e7i\u015flerinde ideal koruma sa\u011flarken, orta kal\u0131nl\u0131kta kuma\u015f\u0131 mevsim ko\u015fullar\u0131na uyum g\u00f6sterir.<br \/>\n&#8211; Bisiklet yaka detay\u0131 hem modern hem de pratik bir stil olu\u015ftururken, yumo\u015f dokusu yumu\u015fakl\u0131k hissi verir.<br \/>\n&#8211; 3&#8217;l\u00fc paket i\u00e7eri\u011fiyle birden fazla ihtiya\u00e7 i\u00e7in tek seferde al\u0131\u015fveri\u015f yapma avantaj\u0131n\u0131 ya\u015fat\u0131r.<br \/>\n&#8211; S\u00fcrd\u00fcr\u00fclebilirlik detay\u0131n\u0131n bulunmamas\u0131 ise \u00fcr\u00fcn\u00fcn \u00e7evreye duyarl\u0131 olmayabilece\u011fini g\u00f6stermektedir.<br \/>\n&#8211; Yaz aylar\u0131 i\u00e7in uygundur; hafif ve nefes alabilen materyaliyle s\u0131cak g\u00fcnlerde bile serin tutar.<br \/>\n&#8211; Kutusuz ambalaj se\u00e7ene\u011fiyle minimalist bir yakla\u015f\u0131m sergileyerek \u00e7evre dostu bir tercih yapman\u0131zda yard\u0131mc\u0131 olur.<br \/>\n&#8211; Astars\u0131z olu\u015fuyla hafiflik kazand\u0131rarak \u00e7ocu\u011funuzun hareket \u00f6zg\u00fcrl\u00fc\u011f\u00fcn\u00fc k\u0131s\u0131tlamaz.<br \/>\n&#8211; Type 1 y\u0131kama talimat\u0131na uygun \u015fekilde temizlenmesi kolayd\u0131r; b\u00f6ylece bak\u0131m s\u00fcrecini basitle\u015ftirir.<br \/>\n&#8211; Kemer detay\u0131 ile bel b\u00f6lgesine ekstra destek vererek v\u00fccut hatlar\u0131n\u0131 nazik\u00e7e sarar.<\/p>","protected":false},"excerpt":{"rendered":"<p>&#8211; Rahat hareket edebilme imkan\u0131 sunan regular kal\u0131p, \u00e7ocuklar\u0131n g\u00fcn boyu konforunu sa\u011flar. &#8211; Desensiz d\u00fcz tasar\u0131m\u0131 ile her t\u00fcrl\u00fc kombinle uyumlu, zamans\u0131z bir g\u00f6r\u00fcn\u00fcm sunar. &#8211; G\u00fcnl\u00fck kullan\u0131m i\u00e7in ideal olan bu elbise tak\u0131m\u0131, casual ortamlarda \u015f\u0131kl\u0131\u011f\u0131 yakalaman\u0131z\u0131 sa\u011flar. &#8211; Normal bel kesimi sayesinde rahat bir oturu\u015f sunarken, krem rengi ekru tonlar\u0131yla zarif bir&#8230;<\/p>","protected":false},"featured_media":9174,"comment_status":"open","ping_status":"closed","template":"","meta":{"_surecart_dashboard_logo_width":"180px","_surecart_dashboard_show_logo":true,"_surecart_dashboard_navigation_orders":true,"_surecart_dashboard_navigation_invoices":true,"_surecart_dashboard_navigation_subscriptions":true,"_surecart_dashboard_navigation_downloads":true,"_surecart_dashboard_navigation_billing":true,"_surecart_dashboard_navigation_account":true,"_kad_post_transparent":"default","_kad_post_title":"","_kad_post_layout":"default","_kad_post_sidebar_id":"","_kad_post_content_style":"default","_kad_post_vertical_padding":"default","_kad_post_feature":"","_kad_post_feature_position":"","_kad_post_header":false,"_kad_post_footer":false},"product_brand":[41],"product_cat":[25,32],"product_tag":[119,118,141],"class_list":{"0":"post-8452","1":"product","2":"type-product","3":"status-publish","4":"has-post-thumbnail","6":"product_brand-mc-familystore","7":"product_cat-alt-ust-takim","8":"product_cat-takim-elbise","9":"product_tag-kiz-bebek","10":"product_tag-cocuk","11":"product_tag-sonbahar-kis","13":"first","14":"instock","15":"sale","16":"shipping-taxable","17":"purchasable","18":"product-type-variable","19":"entry","20":"content-bg","21":"loop-entry"},"aioseo_notices":[],"_links":{"self":[{"href":"https:\/\/mc-store.net\/ar\/wp-json\/wp\/v2\/product\/8452","targetHints":{"allow":["GET"]}}],"collection":[{"href":"https:\/\/mc-store.net\/ar\/wp-json\/wp\/v2\/product"}],"about":[{"href":"https:\/\/mc-store.net\/ar\/wp-json\/wp\/v2\/types\/product"}],"replies":[{"embeddable":true,"href":"https:\/\/mc-store.net\/ar\/wp-json\/wp\/v2\/comments?post=8452"}],"version-history":[{"count":1,"href":"https:\/\/mc-store.net\/ar\/wp-json\/wp\/v2\/product\/8452\/revisions"}],"predecessor-version":[{"id":8457,"href":"https:\/\/mc-store.net\/ar\/wp-json\/wp\/v2\/product\/8452\/revisions\/8457"}],"wp:featuredmedia":[{"embeddable":true,"href":"https:\/\/mc-store.net\/ar\/wp-json\/wp\/v2\/media\/9174"}],"wp:attachment":[{"href":"https:\/\/mc-store.net\/ar\/wp-json\/wp\/v2\/media?parent=8452"}],"wp:term":[{"taxonomy":"product_brand","embeddable":true,"href":"https:\/\/mc-store.net\/ar\/wp-json\/wp\/v2\/product_brand?post=8452"},{"taxonomy":"product_cat","embeddable":true,"href":"https:\/\/mc-store.net\/ar\/wp-json\/wp\/v2\/product_cat?post=8452"},{"taxonomy":"product_tag","embeddable":true,"href":"https:\/\/mc-store.net\/ar\/wp-json\/wp\/v2\/product_tag?post=8452"}],"curies":[{"name":"wp","href":"https:\/\/api.w.org\/{rel}","templated":true}]}}