{"id":8458,"date":"2025-08-20T21:11:40","date_gmt":"2025-08-20T19:11:40","guid":{"rendered":"https:\/\/mc-store.net\/?post_type=product&#038;p=8458"},"modified":"2025-09-03T21:51:31","modified_gmt":"2025-09-03T19:51:31","slug":"alt-ust-kot-jeans-mavi-takim-2-3-4-5-yas","status":"publish","type":"product","link":"https:\/\/mc-store.net\/ar\/product\/alt-ust-kot-jeans-mavi-takim-2-3-4-5-yas\/","title":{"rendered":"ALT \u00dcST KOT JEANS MAV\u0130 TAKIM 2-3-4-5 YA\u015e"},"content":{"rendered":"<p>&#8211; Rahat hareket edebilme imkan\u0131 sunan regular kal\u0131p tasar\u0131m\u0131yla \u00e7ocuklar\u0131n g\u00fcn boyu konforunu sa\u011flar.<br \/>\n&#8211; Mavi renkteki kot pantolon ve \u00fcst kombinasyonu ile \u015f\u0131k ve zamans\u0131z bir g\u00f6r\u00fcn\u00fcm elde edilir.<br \/>\n&#8211; Bebe yaka detaylar\u0131, hem rahatl\u0131k hem de stil a\u00e7\u0131s\u0131ndan idealdir; \u00e7ocuklar\u0131n y\u00fczlerini s\u0131cak tutarken ayn\u0131 zamanda sevimli bir dokunu\u015f katar.<br \/>\n&#8211; \u0130ki par\u00e7adan olu\u015fan set, kolay kombin yapma avantaj\u0131 sunarak ebeveynlere pratiklik kazand\u0131r\u0131r.<br \/>\n&#8211; S\u00fcrd\u00fcr\u00fclebilirlik detay\u0131n\u0131n bulunmamas\u0131, \u00fcr\u00fcn\u00fcn \u00e7evreye duyarl\u0131 olmaktan ziyade temel ihtiya\u00e7lara y\u00f6nelik oldu\u011funu g\u00f6sterir.<br \/>\n&#8211; Astars\u0131z yap\u0131s\u0131 sayesinde hafif ve nefes alabilen bir kullan\u0131m sunar; s\u0131cak yaz g\u00fcnlerinde bile serin kalman\u0131z\u0131 sa\u011flar.<br \/>\n&#8211; Cepsiz tasar\u0131m, modern bir g\u00f6r\u00fcn\u00fcm kazand\u0131r\u0131rken ayn\u0131 zamanda pratiklikten \u00f6d\u00fcn vermez.<br \/>\n&#8211; Type 1 y\u0131kama talimat\u0131na uygun \u015fekilde kolayca temizlenebilir; b\u00f6ylece ebeveynler i\u00e7in bak\u0131m konusunda ekstra rahatl\u0131k sa\u011flanm\u0131\u015f olur.<\/p>","protected":false},"excerpt":{"rendered":"<p>&#8211; Rahat hareket edebilme imkan\u0131 sunan regular kal\u0131p tasar\u0131m\u0131yla \u00e7ocuklar\u0131n g\u00fcn boyu konforunu sa\u011flar. &#8211; Mavi renkteki kot pantolon ve \u00fcst kombinasyonu ile \u015f\u0131k ve zamans\u0131z bir g\u00f6r\u00fcn\u00fcm elde edilir. &#8211; Bebe yaka detaylar\u0131, hem rahatl\u0131k hem de stil a\u00e7\u0131s\u0131ndan idealdir; \u00e7ocuklar\u0131n y\u00fczlerini s\u0131cak tutarken ayn\u0131 zamanda sevimli bir dokunu\u015f katar. &#8211; \u0130ki par\u00e7adan olu\u015fan&#8230;<\/p>","protected":false},"featured_media":9145,"comment_status":"open","ping_status":"closed","template":"","meta":{"_surecart_dashboard_logo_width":"180px","_surecart_dashboard_show_logo":true,"_surecart_dashboard_navigation_orders":true,"_surecart_dashboard_navigation_invoices":true,"_surecart_dashboard_navigation_subscriptions":true,"_surecart_dashboard_navigation_downloads":true,"_surecart_dashboard_navigation_billing":true,"_surecart_dashboard_navigation_account":true,"_kad_post_transparent":"default","_kad_post_title":"","_kad_post_layout":"default","_kad_post_sidebar_id":"","_kad_post_content_style":"default","_kad_post_vertical_padding":"default","_kad_post_feature":"","_kad_post_feature_position":"","_kad_post_header":false,"_kad_post_footer":false},"product_brand":[41],"product_cat":[25,123],"product_tag":[118],"class_list":{"0":"post-8458","1":"product","2":"type-product","3":"status-publish","4":"has-post-thumbnail","6":"product_brand-mc-familystore","7":"product_cat-alt-ust-takim","8":"product_cat-firsat-urunleri","9":"product_tag-cocuk","11":"first","12":"instock","13":"sale","14":"shipping-taxable","15":"purchasable","16":"product-type-variable","17":"entry","18":"content-bg","19":"loop-entry"},"aioseo_notices":[],"_links":{"self":[{"href":"https:\/\/mc-store.net\/ar\/wp-json\/wp\/v2\/product\/8458","targetHints":{"allow":["GET"]}}],"collection":[{"href":"https:\/\/mc-store.net\/ar\/wp-json\/wp\/v2\/product"}],"about":[{"href":"https:\/\/mc-store.net\/ar\/wp-json\/wp\/v2\/types\/product"}],"replies":[{"embeddable":true,"href":"https:\/\/mc-store.net\/ar\/wp-json\/wp\/v2\/comments?post=8458"}],"version-history":[{"count":1,"href":"https:\/\/mc-store.net\/ar\/wp-json\/wp\/v2\/product\/8458\/revisions"}],"predecessor-version":[{"id":8466,"href":"https:\/\/mc-store.net\/ar\/wp-json\/wp\/v2\/product\/8458\/revisions\/8466"}],"wp:featuredmedia":[{"embeddable":true,"href":"https:\/\/mc-store.net\/ar\/wp-json\/wp\/v2\/media\/9145"}],"wp:attachment":[{"href":"https:\/\/mc-store.net\/ar\/wp-json\/wp\/v2\/media?parent=8458"}],"wp:term":[{"taxonomy":"product_brand","embeddable":true,"href":"https:\/\/mc-store.net\/ar\/wp-json\/wp\/v2\/product_brand?post=8458"},{"taxonomy":"product_cat","embeddable":true,"href":"https:\/\/mc-store.net\/ar\/wp-json\/wp\/v2\/product_cat?post=8458"},{"taxonomy":"product_tag","embeddable":true,"href":"https:\/\/mc-store.net\/ar\/wp-json\/wp\/v2\/product_tag?post=8458"}],"curies":[{"name":"wp","href":"https:\/\/api.w.org\/{rel}","templated":true}]}}