{"id":8479,"date":"2025-08-20T21:30:52","date_gmt":"2025-08-20T19:30:52","guid":{"rendered":"https:\/\/mc-store.net\/?post_type=product&#038;p=8479"},"modified":"2025-10-05T12:50:53","modified_gmt":"2025-10-05T10:50:53","slug":"kiz-cocuk-esofman-takim-kiz-welcome-girl","status":"publish","type":"product","link":"https:\/\/mc-store.net\/ar\/product\/kiz-cocuk-esofman-takim-kiz-welcome-girl\/","title":{"rendered":"KIZ \u00c7OCUK E\u015eOFMAN TAKIM KIZ WELCOME G\u0130RL"},"content":{"rendered":"<p>&#8211; Rahat ve \u015f\u0131k bir g\u00f6r\u00fcn\u00fcm sunan, k\u0131\u015f aylar\u0131nda s\u0131cak tutacak pamuklu kuma\u015ftan \u00fcretilmi\u015ftir.<br \/>\n&#8211; Desenli tasar\u0131m\u0131 ile \u00e7ocuklar\u0131n enerjisini yans\u0131tan ve onlara \u00f6zg\u00fcven kazand\u0131ran bir stil sunar.<br \/>\n&#8211; Regular kal\u0131p sayesinde rahat hareket etme olana\u011f\u0131 sa\u011flar; ne \u00e7ok dar ne de \u00e7ok bol bir yap\u0131ya sahiptir.<br \/>\n&#8211; Uzun kollu ve bisiklet yakas\u0131 ile mevsim ko\u015fullar\u0131na uygun koruma sa\u011flar.<br \/>\n&#8211; Lastikli pa\u00e7a detaylar\u0131 hem konforlu hem de modern bir siluet olu\u015ftururken, normal bel kesimiyle g\u00fcn boyu rahatl\u0131k sunar.<br \/>\n&#8211; Mor renk se\u00e7ene\u011fiyle dikkat \u00e7ekici ve canl\u0131 bir tarz yarat\u0131rken, 9 &#8211; 12 ay bedeniyle bebeklerin b\u00fcy\u00fcme d\u00f6nemine uyum sa\u011flar.<br \/>\n&#8211; Sadece 2 par\u00e7adan olu\u015fan set, kolay kombin yapma imkan\u0131 tan\u0131rken, kutusuz paketiyle ekstra depolama alan\u0131ndan tasarruf edilmesini sa\u011flar.<br \/>\n&#8211; G\u00fcnl\u00fck kullan\u0131m i\u00e7in ideal olan bu e\u015fofman tak\u0131m\u0131, casual giyimin vazge\u00e7ilmez par\u00e7as\u0131d\u0131r.<br \/>\n&#8211; Y\u0131kama talimatlar\u0131na uyuldu\u011funda uzun s\u00fcre ilk g\u00fcnk\u00fc gibi kalmas\u0131n\u0131 garanti eder.<\/p>","protected":false},"excerpt":{"rendered":"<p>&#8211; Rahat ve \u015f\u0131k bir g\u00f6r\u00fcn\u00fcm sunan, k\u0131\u015f aylar\u0131nda s\u0131cak tutacak pamuklu kuma\u015ftan \u00fcretilmi\u015ftir. &#8211; Desenli tasar\u0131m\u0131 ile \u00e7ocuklar\u0131n enerjisini yans\u0131tan ve onlara \u00f6zg\u00fcven kazand\u0131ran bir stil sunar. &#8211; Regular kal\u0131p sayesinde rahat hareket etme olana\u011f\u0131 sa\u011flar; ne \u00e7ok dar ne de \u00e7ok bol bir yap\u0131ya sahiptir. &#8211; Uzun kollu ve bisiklet yakas\u0131 ile mevsim&#8230;<\/p>","protected":false},"featured_media":9173,"comment_status":"open","ping_status":"closed","template":"","meta":{"_surecart_dashboard_logo_width":"180px","_surecart_dashboard_show_logo":true,"_surecart_dashboard_navigation_orders":true,"_surecart_dashboard_navigation_invoices":true,"_surecart_dashboard_navigation_subscriptions":true,"_surecart_dashboard_navigation_downloads":true,"_surecart_dashboard_navigation_billing":true,"_surecart_dashboard_navigation_account":true,"_kad_post_transparent":"default","_kad_post_title":"","_kad_post_layout":"default","_kad_post_sidebar_id":"","_kad_post_content_style":"default","_kad_post_vertical_padding":"default","_kad_post_feature":"","_kad_post_feature_position":"","_kad_post_header":false,"_kad_post_footer":false},"product_brand":[41],"product_cat":[25,97],"product_tag":[122,119,118,141],"class_list":{"0":"post-8479","1":"product","2":"type-product","3":"status-publish","4":"has-post-thumbnail","6":"product_brand-mc-familystore","7":"product_cat-alt-ust-takim","8":"product_cat-esofman-takimi","9":"product_tag-bebek","10":"product_tag-kiz-bebek","11":"product_tag-cocuk","12":"product_tag-sonbahar-kis","14":"first","15":"instock","16":"sale","17":"shipping-taxable","18":"purchasable","19":"product-type-variable","20":"entry","21":"content-bg","22":"loop-entry"},"aioseo_notices":[],"_links":{"self":[{"href":"https:\/\/mc-store.net\/ar\/wp-json\/wp\/v2\/product\/8479","targetHints":{"allow":["GET"]}}],"collection":[{"href":"https:\/\/mc-store.net\/ar\/wp-json\/wp\/v2\/product"}],"about":[{"href":"https:\/\/mc-store.net\/ar\/wp-json\/wp\/v2\/types\/product"}],"replies":[{"embeddable":true,"href":"https:\/\/mc-store.net\/ar\/wp-json\/wp\/v2\/comments?post=8479"}],"version-history":[{"count":1,"href":"https:\/\/mc-store.net\/ar\/wp-json\/wp\/v2\/product\/8479\/revisions"}],"predecessor-version":[{"id":8486,"href":"https:\/\/mc-store.net\/ar\/wp-json\/wp\/v2\/product\/8479\/revisions\/8486"}],"wp:featuredmedia":[{"embeddable":true,"href":"https:\/\/mc-store.net\/ar\/wp-json\/wp\/v2\/media\/9173"}],"wp:attachment":[{"href":"https:\/\/mc-store.net\/ar\/wp-json\/wp\/v2\/media?parent=8479"}],"wp:term":[{"taxonomy":"product_brand","embeddable":true,"href":"https:\/\/mc-store.net\/ar\/wp-json\/wp\/v2\/product_brand?post=8479"},{"taxonomy":"product_cat","embeddable":true,"href":"https:\/\/mc-store.net\/ar\/wp-json\/wp\/v2\/product_cat?post=8479"},{"taxonomy":"product_tag","embeddable":true,"href":"https:\/\/mc-store.net\/ar\/wp-json\/wp\/v2\/product_tag?post=8479"}],"curies":[{"name":"wp","href":"https:\/\/api.w.org\/{rel}","templated":true}]}}