{"id":8537,"date":"2025-08-22T20:05:22","date_gmt":"2025-08-22T18:05:22","guid":{"rendered":"https:\/\/mc-store.net\/?post_type=product&#038;p=8537"},"modified":"2025-09-05T21:44:13","modified_gmt":"2025-09-05T19:44:13","slug":"organik-5li-hastane-cikis-takimi-ayicik-bebek-lux-set","status":"publish","type":"product","link":"https:\/\/mc-store.net\/ar\/product\/organik-5li-hastane-cikis-takimi-ayicik-bebek-lux-set\/","title":{"rendered":"ORGAN\u0130K 5L\u0130 HASTANE \u00c7IKI\u015e TAKIMI AY\u0130C\u0130K BEBEK L\u00dcX SET"},"content":{"rendered":"<p>&#8211; Bebe\u011finizin cildine zarar vermeyen organik pamuk materyalden \u00fcretilmi\u015ftir, b\u00f6ylece bebe\u011finizin hassas cildi i\u00e7in g\u00fcvenle kullanabilirsiniz.<br \/>\n&#8211; Ay\u0131c\u0131k deseniyle sevimli ve e\u011flenceli bir g\u00f6r\u00fcn\u00fcm sunan bu set, bebe\u011finizin odas\u0131na ne\u015fe katar.<br \/>\n&#8211; Unisex tasar\u0131m\u0131 sayesinde hem k\u0131z hem de erkek bebekler i\u00e7in uygundur; herkesin be\u011fenisini kazan\u0131r.<br \/>\n&#8211; G\u00fcnl\u00fck kullan\u0131m i\u00e7in ideal olan casual tarz\u0131yla rahatl\u0131kla tercih edilebilir; evde ya da d\u0131\u015far\u0131da keyifle giydirilebilir.<br \/>\n&#8211; Kolay bak\u0131m imkan\u0131 sa\u011flayan y\u0131kama talimatlar\u0131 ile pratik kullan\u0131m sunar; s\u0131k y\u0131kama gerektirmez.<br \/>\n&#8211; Canl\u0131 ye\u015fil rengiyle dikkat \u00e7eken bu set, bebe\u011finizin gard\u0131robuna renk katarken ayn\u0131 zamanda \u015f\u0131k bir g\u00f6r\u00fcn\u00fcm sa\u011flar.<br \/>\n&#8211; Organik malzemeden \u00fcretilmi\u015f olmas\u0131 sayesinde s\u00fcrd\u00fcr\u00fclebilir moda anlay\u0131\u015f\u0131na katk\u0131da bulunurken do\u011faya duyarl\u0131 bir se\u00e7im yapm\u0131\u015f olursunuz.<\/p>","protected":false},"excerpt":{"rendered":"<p>&#8211; Bebe\u011finizin cildine zarar vermeyen organik pamuk materyalden \u00fcretilmi\u015ftir, b\u00f6ylece bebe\u011finizin hassas cildi i\u00e7in g\u00fcvenle kullanabilirsiniz. &#8211; Ay\u0131c\u0131k deseniyle sevimli ve e\u011flenceli bir g\u00f6r\u00fcn\u00fcm sunan bu set, bebe\u011finizin odas\u0131na ne\u015fe katar. &#8211; Unisex tasar\u0131m\u0131 sayesinde hem k\u0131z hem de erkek bebekler i\u00e7in uygundur; herkesin be\u011fenisini kazan\u0131r. &#8211; G\u00fcnl\u00fck kullan\u0131m i\u00e7in ideal olan casual tarz\u0131yla rahatl\u0131kla&#8230;<\/p>","protected":false},"featured_media":9119,"comment_status":"open","ping_status":"closed","template":"","meta":{"_surecart_dashboard_logo_width":"180px","_surecart_dashboard_show_logo":true,"_surecart_dashboard_navigation_orders":true,"_surecart_dashboard_navigation_invoices":true,"_surecart_dashboard_navigation_subscriptions":true,"_surecart_dashboard_navigation_downloads":true,"_surecart_dashboard_navigation_billing":true,"_surecart_dashboard_navigation_account":true,"_kad_post_transparent":"default","_kad_post_title":"","_kad_post_layout":"default","_kad_post_sidebar_id":"","_kad_post_content_style":"default","_kad_post_vertical_padding":"default","_kad_post_feature":"","_kad_post_feature_position":"","_kad_post_header":false,"_kad_post_footer":false},"product_brand":[69],"product_cat":[123,68],"product_tag":[122],"class_list":{"0":"post-8537","1":"product","2":"type-product","3":"status-publish","4":"has-post-thumbnail","6":"product_brand-by-con-con","7":"product_cat-firsat-urunleri","8":"product_cat-hastane-cikisi","9":"product_tag-bebek","11":"first","12":"instock","13":"sale","14":"shipping-taxable","15":"purchasable","16":"product-type-variable","17":"entry","18":"content-bg","19":"loop-entry"},"aioseo_notices":[],"_links":{"self":[{"href":"https:\/\/mc-store.net\/ar\/wp-json\/wp\/v2\/product\/8537","targetHints":{"allow":["GET"]}}],"collection":[{"href":"https:\/\/mc-store.net\/ar\/wp-json\/wp\/v2\/product"}],"about":[{"href":"https:\/\/mc-store.net\/ar\/wp-json\/wp\/v2\/types\/product"}],"replies":[{"embeddable":true,"href":"https:\/\/mc-store.net\/ar\/wp-json\/wp\/v2\/comments?post=8537"}],"version-history":[{"count":1,"href":"https:\/\/mc-store.net\/ar\/wp-json\/wp\/v2\/product\/8537\/revisions"}],"predecessor-version":[{"id":8546,"href":"https:\/\/mc-store.net\/ar\/wp-json\/wp\/v2\/product\/8537\/revisions\/8546"}],"wp:featuredmedia":[{"embeddable":true,"href":"https:\/\/mc-store.net\/ar\/wp-json\/wp\/v2\/media\/9119"}],"wp:attachment":[{"href":"https:\/\/mc-store.net\/ar\/wp-json\/wp\/v2\/media?parent=8537"}],"wp:term":[{"taxonomy":"product_brand","embeddable":true,"href":"https:\/\/mc-store.net\/ar\/wp-json\/wp\/v2\/product_brand?post=8537"},{"taxonomy":"product_cat","embeddable":true,"href":"https:\/\/mc-store.net\/ar\/wp-json\/wp\/v2\/product_cat?post=8537"},{"taxonomy":"product_tag","embeddable":true,"href":"https:\/\/mc-store.net\/ar\/wp-json\/wp\/v2\/product_tag?post=8537"}],"curies":[{"name":"wp","href":"https:\/\/api.w.org\/{rel}","templated":true}]}}