{"id":8547,"date":"2025-08-22T20:21:49","date_gmt":"2025-08-22T18:21:49","guid":{"rendered":"https:\/\/mc-store.net\/?post_type=product&#038;p=8547"},"modified":"2025-09-05T21:51:45","modified_gmt":"2025-09-05T19:51:45","slug":"10-lu-luks-organik-pamuklu-hastane-cikis-set","status":"publish","type":"product","link":"https:\/\/mc-store.net\/ar\/product\/10-lu-luks-organik-pamuklu-hastane-cikis-set\/","title":{"rendered":"10 LU L\u00dcKS ORGAN\u0130K PAMUKLU  HASTANE \u00c7\u0130K\u0130\u015e SET"},"content":{"rendered":"<p>&#8211; Bebe\u011finizin cildine zarar vermeyen organik pamuklu kuma\u015ftan \u00fcretilmi\u015ftir, bu sayede bebe\u011finizin hassas cildini korur.<br \/>\n&#8211; \u00c7i\u00e7ek desenleriyle s\u00fcslenmi\u015f \u015f\u0131k tasar\u0131m\u0131, bebe\u011finizin ilk g\u00fcnlerindeki sevimli g\u00f6r\u00fcn\u00fcm\u00fcn\u00fc tamamlar.<br \/>\n&#8211; Hem k\u0131z hem de erkek bebekler i\u00e7in uygun olan unisex modeli ile herkesin be\u011fenisine hitap eder.<br \/>\n&#8211; Kolay bak\u0131m imkan\u0131 sunan y\u0131kama talimatlar\u0131 sayesinde, bebe\u011finizin giysilerini uzun s\u00fcre temiz ve yeni gibi tutabilirsiniz.<br \/>\n&#8211; G\u00fcnl\u00fck kullan\u0131m i\u00e7in ideal olan bu set, bebe\u011finizin konforunu \u00f6n planda tutarak rahat hareket etmesine olanak tan\u0131r.<br \/>\n&#8211; 0-3 ay aras\u0131 bebekler i\u00e7in \u00f6zel olarak tasarlanm\u0131\u015f bedeni ile bebe\u011finizin geli\u015fimine uyum sa\u011flar.<br \/>\n&#8211; Canl\u0131 pembe-somon renk kombinasyonuyla g\u00f6z al\u0131c\u0131 bir stil olu\u015ftururken ayn\u0131 zamanda yumu\u015fak dokusuyla bebe\u011finizin cildine nazik davran\u0131r.<br \/>\n&#8211; Paket i\u00e7eri\u011finde yer alan 10 par\u00e7adan fazla \u00fcr\u00fcn sayesinde hastane \u00e7\u0131k\u0131\u015f\u0131nda ihtiyac\u0131n\u0131z olacak t\u00fcm temel e\u015fyalar haz\u0131r bulunur.<br \/>\n&#8211; \u00d6rme kuma\u015f\u0131 sayesinde esnek yap\u0131da olup, bebe\u011finizin hareket \u00f6zg\u00fcrl\u00fc\u011f\u00fcn\u00fc k\u0131s\u0131tlamaz.<br \/>\n&#8211; S\u00fcrd\u00fcr\u00fclebilirlik detay\u0131na sahip organik malzemeler kullan\u0131larak \u00e7evre dostu bir tercih yapm\u0131\u015f olursunuz.<\/p>","protected":false},"excerpt":{"rendered":"<p>&#8211; Bebe\u011finizin cildine zarar vermeyen organik pamuklu kuma\u015ftan \u00fcretilmi\u015ftir, bu sayede bebe\u011finizin hassas cildini korur. &#8211; \u00c7i\u00e7ek desenleriyle s\u00fcslenmi\u015f \u015f\u0131k tasar\u0131m\u0131, bebe\u011finizin ilk g\u00fcnlerindeki sevimli g\u00f6r\u00fcn\u00fcm\u00fcn\u00fc tamamlar. &#8211; Hem k\u0131z hem de erkek bebekler i\u00e7in uygun olan unisex modeli ile herkesin be\u011fenisine hitap eder. &#8211; Kolay bak\u0131m imkan\u0131 sunan y\u0131kama talimatlar\u0131 sayesinde, bebe\u011finizin giysilerini uzun&#8230;<\/p>","protected":false},"featured_media":9172,"comment_status":"open","ping_status":"closed","template":"","meta":{"_surecart_dashboard_logo_width":"180px","_surecart_dashboard_show_logo":true,"_surecart_dashboard_navigation_orders":true,"_surecart_dashboard_navigation_invoices":true,"_surecart_dashboard_navigation_subscriptions":true,"_surecart_dashboard_navigation_downloads":true,"_surecart_dashboard_navigation_billing":true,"_surecart_dashboard_navigation_account":true,"_kad_post_transparent":"default","_kad_post_title":"","_kad_post_layout":"default","_kad_post_sidebar_id":"","_kad_post_content_style":"default","_kad_post_vertical_padding":"default","_kad_post_feature":"","_kad_post_feature_position":"","_kad_post_header":false,"_kad_post_footer":false},"product_brand":[69],"product_cat":[123,68],"product_tag":[122],"class_list":{"0":"post-8547","1":"product","2":"type-product","3":"status-publish","4":"has-post-thumbnail","6":"product_brand-by-con-con","7":"product_cat-firsat-urunleri","8":"product_cat-hastane-cikisi","9":"product_tag-bebek","11":"first","12":"instock","13":"sale","14":"shipping-taxable","15":"purchasable","16":"product-type-variable","17":"entry","18":"content-bg","19":"loop-entry"},"aioseo_notices":[],"_links":{"self":[{"href":"https:\/\/mc-store.net\/ar\/wp-json\/wp\/v2\/product\/8547","targetHints":{"allow":["GET"]}}],"collection":[{"href":"https:\/\/mc-store.net\/ar\/wp-json\/wp\/v2\/product"}],"about":[{"href":"https:\/\/mc-store.net\/ar\/wp-json\/wp\/v2\/types\/product"}],"replies":[{"embeddable":true,"href":"https:\/\/mc-store.net\/ar\/wp-json\/wp\/v2\/comments?post=8547"}],"version-history":[{"count":1,"href":"https:\/\/mc-store.net\/ar\/wp-json\/wp\/v2\/product\/8547\/revisions"}],"predecessor-version":[{"id":8555,"href":"https:\/\/mc-store.net\/ar\/wp-json\/wp\/v2\/product\/8547\/revisions\/8555"}],"wp:featuredmedia":[{"embeddable":true,"href":"https:\/\/mc-store.net\/ar\/wp-json\/wp\/v2\/media\/9172"}],"wp:attachment":[{"href":"https:\/\/mc-store.net\/ar\/wp-json\/wp\/v2\/media?parent=8547"}],"wp:term":[{"taxonomy":"product_brand","embeddable":true,"href":"https:\/\/mc-store.net\/ar\/wp-json\/wp\/v2\/product_brand?post=8547"},{"taxonomy":"product_cat","embeddable":true,"href":"https:\/\/mc-store.net\/ar\/wp-json\/wp\/v2\/product_cat?post=8547"},{"taxonomy":"product_tag","embeddable":true,"href":"https:\/\/mc-store.net\/ar\/wp-json\/wp\/v2\/product_tag?post=8547"}],"curies":[{"name":"wp","href":"https:\/\/api.w.org\/{rel}","templated":true}]}}