{"id":8563,"date":"2025-08-22T20:29:47","date_gmt":"2025-08-22T18:29:47","guid":{"rendered":"https:\/\/mc-store.net\/?post_type=product&#038;p=8563"},"modified":"2025-09-05T18:55:02","modified_gmt":"2025-09-05T16:55:02","slug":"10-lu-luks-organik-pamuklu-hastane-cikis-set-3","status":"publish","type":"product","link":"https:\/\/mc-store.net\/ar\/product\/10-lu-luks-organik-pamuklu-hastane-cikis-set-3\/","title":{"rendered":"10 LU L\u00dcKS ORGAN\u0130K PAMUKLU  HASTANE \u00c7\u0130K\u0130\u015e SET"},"content":{"rendered":"<p>&#8211; Bebe\u011finizin cildine zarar vermeyen %100 pamuklu kuma\u015ftan \u00fcretilmi\u015ftir, yumu\u015fak dokusuyla bebe\u011finizin hassas tenini korur.<br \/>\n&#8211; Organik malzemeden yap\u0131lm\u0131\u015f olmas\u0131 sayesinde bebekleriniz i\u00e7in daha sa\u011fl\u0131kl\u0131 bir se\u00e7im sunar; do\u011faya duyarl\u0131 bir tercih yapm\u0131\u015f olursunuz.<br \/>\n&#8211; Animal desenleriyle \u015f\u0131k ve e\u011flenceli tasar\u0131mlar, minik prensler ve prensesler i\u00e7in idealdir.<br \/>\n&#8211; Unisex tasar\u0131m\u0131 ile hem k\u0131z hem de erkek bebekler i\u00e7in uygundur; her iki cinsiyet i\u00e7in de ayn\u0131 kalitede ve tarzda \u00fcr\u00fcnler sunar.<br \/>\n&#8211; Mavi renk se\u00e7ene\u011fiyle kolayca kombinlenebilir ve zamans\u0131z bir g\u00f6r\u00fcn\u00fcm sa\u011flar.<br \/>\n&#8211; G\u00fcnl\u00fck kullan\u0131m i\u00e7in uygundur; evde ya da d\u0131\u015far\u0131da rahatl\u0131kla giyilebilir.<br \/>\n&#8211; 0-3 ay aras\u0131 bebekler i\u00e7in \u00f6zel olarak tasarlanm\u0131\u015ft\u0131r; yeni do\u011fan d\u00f6neminden itibaren konforlu bir kullan\u0131m sunar.<br \/>\n&#8211; Y\u0131kama talimatlar\u0131na uygun bak\u0131m ile uzun s\u00fcre ilk g\u00fcnk\u00fc gibi kal\u0131r.<\/p>","protected":false},"excerpt":{"rendered":"<p>&#8211; Bebe\u011finizin cildine zarar vermeyen %100 pamuklu kuma\u015ftan \u00fcretilmi\u015ftir, yumu\u015fak dokusuyla bebe\u011finizin hassas tenini korur. &#8211; Organik malzemeden yap\u0131lm\u0131\u015f olmas\u0131 sayesinde bebekleriniz i\u00e7in daha sa\u011fl\u0131kl\u0131 bir se\u00e7im sunar; do\u011faya duyarl\u0131 bir tercih yapm\u0131\u015f olursunuz. &#8211; Animal desenleriyle \u015f\u0131k ve e\u011flenceli tasar\u0131mlar, minik prensler ve prensesler i\u00e7in idealdir. &#8211; Unisex tasar\u0131m\u0131 ile hem k\u0131z hem de&#8230;<\/p>","protected":false},"featured_media":9171,"comment_status":"open","ping_status":"closed","template":"","meta":{"_surecart_dashboard_logo_width":"180px","_surecart_dashboard_show_logo":true,"_surecart_dashboard_navigation_orders":true,"_surecart_dashboard_navigation_invoices":true,"_surecart_dashboard_navigation_subscriptions":true,"_surecart_dashboard_navigation_downloads":true,"_surecart_dashboard_navigation_billing":true,"_surecart_dashboard_navigation_account":true,"_kad_post_transparent":"default","_kad_post_title":"","_kad_post_layout":"default","_kad_post_sidebar_id":"","_kad_post_content_style":"default","_kad_post_vertical_padding":"default","_kad_post_feature":"","_kad_post_feature_position":"","_kad_post_header":false,"_kad_post_footer":false},"product_brand":[69],"product_cat":[123,68],"product_tag":[122],"class_list":{"0":"post-8563","1":"product","2":"type-product","3":"status-publish","4":"has-post-thumbnail","6":"product_brand-by-con-con","7":"product_cat-firsat-urunleri","8":"product_cat-hastane-cikisi","9":"product_tag-bebek","11":"first","12":"instock","13":"sale","14":"shipping-taxable","15":"purchasable","16":"product-type-variable","17":"entry","18":"content-bg","19":"loop-entry"},"aioseo_notices":[],"_links":{"self":[{"href":"https:\/\/mc-store.net\/ar\/wp-json\/wp\/v2\/product\/8563","targetHints":{"allow":["GET"]}}],"collection":[{"href":"https:\/\/mc-store.net\/ar\/wp-json\/wp\/v2\/product"}],"about":[{"href":"https:\/\/mc-store.net\/ar\/wp-json\/wp\/v2\/types\/product"}],"replies":[{"embeddable":true,"href":"https:\/\/mc-store.net\/ar\/wp-json\/wp\/v2\/comments?post=8563"}],"version-history":[{"count":1,"href":"https:\/\/mc-store.net\/ar\/wp-json\/wp\/v2\/product\/8563\/revisions"}],"predecessor-version":[{"id":8569,"href":"https:\/\/mc-store.net\/ar\/wp-json\/wp\/v2\/product\/8563\/revisions\/8569"}],"wp:featuredmedia":[{"embeddable":true,"href":"https:\/\/mc-store.net\/ar\/wp-json\/wp\/v2\/media\/9171"}],"wp:attachment":[{"href":"https:\/\/mc-store.net\/ar\/wp-json\/wp\/v2\/media?parent=8563"}],"wp:term":[{"taxonomy":"product_brand","embeddable":true,"href":"https:\/\/mc-store.net\/ar\/wp-json\/wp\/v2\/product_brand?post=8563"},{"taxonomy":"product_cat","embeddable":true,"href":"https:\/\/mc-store.net\/ar\/wp-json\/wp\/v2\/product_cat?post=8563"},{"taxonomy":"product_tag","embeddable":true,"href":"https:\/\/mc-store.net\/ar\/wp-json\/wp\/v2\/product_tag?post=8563"}],"curies":[{"name":"wp","href":"https:\/\/api.w.org\/{rel}","templated":true}]}}