{"id":8578,"date":"2025-08-23T10:54:57","date_gmt":"2025-08-23T08:54:57","guid":{"rendered":"https:\/\/mc-store.net\/?post_type=product&#038;p=8578"},"modified":"2025-10-05T12:55:56","modified_gmt":"2025-10-05T10:55:56","slug":"kiz-erkek-bebek-pamuklu-tulum-2li","status":"publish","type":"product","link":"https:\/\/mc-store.net\/ar\/product\/kiz-erkek-bebek-pamuklu-tulum-2li\/","title":{"rendered":"KIZ ERKEK BEBEK  PAMUKLU TULUM 2L\u0130"},"content":{"rendered":"<p>&#8211; Bebe\u011finizin cildine nazik dokunu\u015fuyla pamuklu kuma\u015ftan \u00fcretilmi\u015ftir, hassas ciltler i\u00e7in idealdir.<br \/>\n&#8211; Hem k\u0131z hem de erkek bebekler i\u00e7in uygun olan bu salopet, unisex tasar\u0131m\u0131yla herkes taraf\u0131ndan tercih edilebilir.<br \/>\n&#8211; Sade ve \u015f\u0131k g\u00f6r\u00fcn\u00fcm\u00fcyle dikkat \u00e7eken d\u00fcz deseni sayesinde, bebe\u011finizin hareket \u00f6zg\u00fcrl\u00fc\u011f\u00fcn\u00fc k\u0131s\u0131tlamaz.<br \/>\n&#8211; Standart boy kesimi ile farkl\u0131 v\u00fccut tiplerine uyum sa\u011flayarak rahat bir kullan\u0131m sunar.<br \/>\n&#8211; Basic koleksiyonun par\u00e7as\u0131 olarak, zamans\u0131z tasar\u0131mlar\u0131yla gard\u0131robunuzda yerini alacak.<br \/>\n&#8211; Uzun kol tipi ile mevsim ge\u00e7i\u015flerinde ideal koruma sa\u011flarken, a\u00e7\u0131k mavi rengiyle ne\u015feli bir stil olu\u015fturur.<br \/>\n&#8211; G\u00fcnl\u00fck kullan\u0131m i\u00e7in uygundur; casual ortamlarda bebe\u011finizin konforunu \u00f6n planda tutar.<br \/>\n&#8211; Y\u0131kama talimatlar\u0131na uygun \u015fekilde bak\u0131m yap\u0131ld\u0131\u011f\u0131nda uzun s\u00fcreli kullan\u0131m vaad eder.<\/p>","protected":false},"excerpt":{"rendered":"<p>&#8211; Bebe\u011finizin cildine nazik dokunu\u015fuyla pamuklu kuma\u015ftan \u00fcretilmi\u015ftir, hassas ciltler i\u00e7in idealdir. &#8211; Hem k\u0131z hem de erkek bebekler i\u00e7in uygun olan bu salopet, unisex tasar\u0131m\u0131yla herkes taraf\u0131ndan tercih edilebilir. &#8211; Sade ve \u015f\u0131k g\u00f6r\u00fcn\u00fcm\u00fcyle dikkat \u00e7eken d\u00fcz deseni sayesinde, bebe\u011finizin hareket \u00f6zg\u00fcrl\u00fc\u011f\u00fcn\u00fc k\u0131s\u0131tlamaz. &#8211; Standart boy kesimi ile farkl\u0131 v\u00fccut tiplerine uyum sa\u011flayarak rahat&#8230;<\/p>","protected":false},"featured_media":9102,"comment_status":"open","ping_status":"closed","template":"","meta":{"_surecart_dashboard_logo_width":"180px","_surecart_dashboard_show_logo":true,"_surecart_dashboard_navigation_orders":true,"_surecart_dashboard_navigation_invoices":true,"_surecart_dashboard_navigation_subscriptions":true,"_surecart_dashboard_navigation_downloads":true,"_surecart_dashboard_navigation_billing":true,"_surecart_dashboard_navigation_account":true,"_kad_post_transparent":"default","_kad_post_title":"","_kad_post_layout":"default","_kad_post_sidebar_id":"","_kad_post_content_style":"default","_kad_post_vertical_padding":"default","_kad_post_feature":"","_kad_post_feature_position":"","_kad_post_header":false,"_kad_post_footer":false},"product_brand":[41],"product_cat":[30,15],"product_tag":[122,120,121,119,141],"class_list":{"0":"post-8578","1":"product","2":"type-product","3":"status-publish","4":"has-post-thumbnail","6":"product_brand-mc-familystore","7":"product_cat-salopet","8":"product_cat-tulum","9":"product_tag-bebek","10":"product_tag-erkek-bebek","11":"product_tag-erkek-cocuk","12":"product_tag-kiz-bebek","13":"product_tag-sonbahar-kis","15":"first","16":"instock","17":"sale","18":"shipping-taxable","19":"purchasable","20":"product-type-variable","21":"entry","22":"content-bg","23":"loop-entry"},"aioseo_notices":[],"_links":{"self":[{"href":"https:\/\/mc-store.net\/ar\/wp-json\/wp\/v2\/product\/8578","targetHints":{"allow":["GET"]}}],"collection":[{"href":"https:\/\/mc-store.net\/ar\/wp-json\/wp\/v2\/product"}],"about":[{"href":"https:\/\/mc-store.net\/ar\/wp-json\/wp\/v2\/types\/product"}],"replies":[{"embeddable":true,"href":"https:\/\/mc-store.net\/ar\/wp-json\/wp\/v2\/comments?post=8578"}],"version-history":[{"count":2,"href":"https:\/\/mc-store.net\/ar\/wp-json\/wp\/v2\/product\/8578\/revisions"}],"predecessor-version":[{"id":8585,"href":"https:\/\/mc-store.net\/ar\/wp-json\/wp\/v2\/product\/8578\/revisions\/8585"}],"wp:featuredmedia":[{"embeddable":true,"href":"https:\/\/mc-store.net\/ar\/wp-json\/wp\/v2\/media\/9102"}],"wp:attachment":[{"href":"https:\/\/mc-store.net\/ar\/wp-json\/wp\/v2\/media?parent=8578"}],"wp:term":[{"taxonomy":"product_brand","embeddable":true,"href":"https:\/\/mc-store.net\/ar\/wp-json\/wp\/v2\/product_brand?post=8578"},{"taxonomy":"product_cat","embeddable":true,"href":"https:\/\/mc-store.net\/ar\/wp-json\/wp\/v2\/product_cat?post=8578"},{"taxonomy":"product_tag","embeddable":true,"href":"https:\/\/mc-store.net\/ar\/wp-json\/wp\/v2\/product_tag?post=8578"}],"curies":[{"name":"wp","href":"https:\/\/api.w.org\/{rel}","templated":true}]}}