{"id":8594,"date":"2025-08-23T18:23:48","date_gmt":"2025-08-23T16:23:48","guid":{"rendered":"https:\/\/mc-store.net\/?post_type=product&#038;p=8594"},"modified":"2025-10-05T12:55:21","modified_gmt":"2025-10-05T10:55:21","slug":"kiz-cocuk-muslin-2li-takim","status":"publish","type":"product","link":"https:\/\/mc-store.net\/ar\/product\/kiz-cocuk-muslin-2li-takim\/","title":{"rendered":"KIZ \u00c7OCUK MUSL\u0130N 2L\u0130 TAKIM"},"content":{"rendered":"<p>&#8211; Rahat hareket edebilme imkan\u0131 sunan regular kal\u0131p tasar\u0131m\u0131yla bebe\u011finizin g\u00fcn boyu konforunu art\u0131r\u0131r.<br \/>\n&#8211; D\u00fcz deseni sayesinde kolayca kombinlenebilir ve \u015f\u0131kl\u0131\u011f\u0131 basit detaylarda bulur.<br \/>\n&#8211; Uzun boy kesimi ile bebe\u011finizin bacaklar\u0131n\u0131 s\u0131cak tutarken, salopet tarz\u0131 modern bir g\u00f6r\u00fcn\u00fcm sa\u011flar.<br \/>\n&#8211; Kad\u0131n\/k\u0131z bebek koleksiyonuna \u00f6zel olarak tasarlanm\u0131\u015ft\u0131r; hem k\u0131zlar\u0131n hem de erkeklerin tercihine uygun esneklikte bir tasar\u0131ma sahiptir.<br \/>\n&#8211; Men\u015fei T\u00fcrkiye olan bu \u00fcr\u00fcn, yerel \u00fcretim avantajlar\u0131yla ekonomimize katk\u0131da bulunurken ayn\u0131 zamanda y\u00fcksek kalite standartlar\u0131na sahiptir.<br \/>\n&#8211; Basic silueti sayesinde zamans\u0131z par\u00e7alar aras\u0131nda yer al\u0131r; her sezon gard\u0131robunuzda vazge\u00e7ilmez bir par\u00e7a haline gelir.<br \/>\n&#8211; Uzun kollu tasar\u0131m so\u011fuk havalarda ekstra koruma sa\u011flarken, lacivert rengiyle kolayca di\u011fer renklerle e\u015fle\u015ftirilebilir.<br \/>\n&#8211; Pamuklu materyali cildi tahri\u015f etmeden yumu\u015fak bir dokunu\u015f sunarken nefes alabilir yap\u0131da olmas\u0131 da avantaj sa\u011flar.<br \/>\n&#8211; Casual\/g\u00fcnl\u00fck ortamlarda rahatl\u0131kla tercih edilebilecek tarzda \u00fcretilmi\u015ftir; okuldan parka kadar her an yan\u0131n\u0131zda olacak ideal se\u00e7imdir.<br \/>\n&#8211; Type 1 y\u0131kama talimat\u0131na sahip olmas\u0131 bak\u0131m\u0131n\u0131 kolayla\u015ft\u0131r\u0131r ve \u00fcr\u00fcn\u00fcn ilk g\u00fcnk\u00fc formunu korumas\u0131na yard\u0131mc\u0131 olur.<\/p>","protected":false},"excerpt":{"rendered":"<p>&#8211; Rahat hareket edebilme imkan\u0131 sunan regular kal\u0131p tasar\u0131m\u0131yla bebe\u011finizin g\u00fcn boyu konforunu art\u0131r\u0131r. &#8211; D\u00fcz deseni sayesinde kolayca kombinlenebilir ve \u015f\u0131kl\u0131\u011f\u0131 basit detaylarda bulur. &#8211; Uzun boy kesimi ile bebe\u011finizin bacaklar\u0131n\u0131 s\u0131cak tutarken, salopet tarz\u0131 modern bir g\u00f6r\u00fcn\u00fcm sa\u011flar. &#8211; Kad\u0131n\/k\u0131z bebek koleksiyonuna \u00f6zel olarak tasarlanm\u0131\u015ft\u0131r; hem k\u0131zlar\u0131n hem de erkeklerin tercihine uygun esneklikte&#8230;<\/p>","protected":false},"featured_media":9170,"comment_status":"open","ping_status":"closed","template":"","meta":{"_surecart_dashboard_logo_width":"180px","_surecart_dashboard_show_logo":true,"_surecart_dashboard_navigation_orders":true,"_surecart_dashboard_navigation_invoices":true,"_surecart_dashboard_navigation_subscriptions":true,"_surecart_dashboard_navigation_downloads":true,"_surecart_dashboard_navigation_billing":true,"_surecart_dashboard_navigation_account":true,"_kad_post_transparent":"default","_kad_post_title":"","_kad_post_layout":"default","_kad_post_sidebar_id":"","_kad_post_content_style":"default","_kad_post_vertical_padding":"default","_kad_post_feature":"","_kad_post_feature_position":"","_kad_post_header":false,"_kad_post_footer":false},"product_brand":[41],"product_cat":[30,15],"product_tag":[122,119,118,141],"class_list":{"0":"post-8594","1":"product","2":"type-product","3":"status-publish","4":"has-post-thumbnail","6":"product_brand-mc-familystore","7":"product_cat-salopet","8":"product_cat-tulum","9":"product_tag-bebek","10":"product_tag-kiz-bebek","11":"product_tag-cocuk","12":"product_tag-sonbahar-kis","14":"first","15":"instock","16":"sale","17":"shipping-taxable","18":"purchasable","19":"product-type-variable","20":"entry","21":"content-bg","22":"loop-entry"},"aioseo_notices":[],"_links":{"self":[{"href":"https:\/\/mc-store.net\/ar\/wp-json\/wp\/v2\/product\/8594","targetHints":{"allow":["GET"]}}],"collection":[{"href":"https:\/\/mc-store.net\/ar\/wp-json\/wp\/v2\/product"}],"about":[{"href":"https:\/\/mc-store.net\/ar\/wp-json\/wp\/v2\/types\/product"}],"replies":[{"embeddable":true,"href":"https:\/\/mc-store.net\/ar\/wp-json\/wp\/v2\/comments?post=8594"}],"version-history":[{"count":1,"href":"https:\/\/mc-store.net\/ar\/wp-json\/wp\/v2\/product\/8594\/revisions"}],"predecessor-version":[{"id":8602,"href":"https:\/\/mc-store.net\/ar\/wp-json\/wp\/v2\/product\/8594\/revisions\/8602"}],"wp:featuredmedia":[{"embeddable":true,"href":"https:\/\/mc-store.net\/ar\/wp-json\/wp\/v2\/media\/9170"}],"wp:attachment":[{"href":"https:\/\/mc-store.net\/ar\/wp-json\/wp\/v2\/media?parent=8594"}],"wp:term":[{"taxonomy":"product_brand","embeddable":true,"href":"https:\/\/mc-store.net\/ar\/wp-json\/wp\/v2\/product_brand?post=8594"},{"taxonomy":"product_cat","embeddable":true,"href":"https:\/\/mc-store.net\/ar\/wp-json\/wp\/v2\/product_cat?post=8594"},{"taxonomy":"product_tag","embeddable":true,"href":"https:\/\/mc-store.net\/ar\/wp-json\/wp\/v2\/product_tag?post=8594"}],"curies":[{"name":"wp","href":"https:\/\/api.w.org\/{rel}","templated":true}]}}