{"id":8611,"date":"2025-08-23T18:45:44","date_gmt":"2025-08-23T16:45:44","guid":{"rendered":"https:\/\/mc-store.net\/?post_type=product&#038;p=8611"},"modified":"2025-09-05T19:03:58","modified_gmt":"2025-09-05T17:03:58","slug":"gunluk-pamuk-bebek-alt-ust-yumusak-renkli-2-li-takim","status":"publish","type":"product","link":"https:\/\/mc-store.net\/ar\/product\/gunluk-pamuk-bebek-alt-ust-yumusak-renkli-2-li-takim\/","title":{"rendered":"G\u00dcNL\u00dcK PAMUK BEBEK ALT \u00dcST YUMU\u015eAK RENKL\u0130  2 L\u0130 TAKIM"},"content":{"rendered":"<p>&#8211; Bebe\u011finizin cildine nazik dokunu\u015fuyla pamuklu kuma\u015ftan \u00fcretilmi\u015ftir, yumu\u015fakl\u0131\u011f\u0131 sayesinde g\u00fcn boyu rahatl\u0131k sa\u011flar.<br \/>\n&#8211; Canl\u0131 ve sevimli hayvan desenleriyle bebe\u011finizin enerjisini yans\u0131tan renkli tasar\u0131mlar, onun ilgisini \u00e7eker.<br \/>\n&#8211; Standart boy kesimi ile bebeklerin hareket \u00f6zg\u00fcrl\u00fc\u011f\u00fcn\u00fc k\u0131s\u0131tlamaz; rahat bir kullan\u0131m sunar.<br \/>\n&#8211; Relaxed kal\u0131p sayesinde bebe\u011finizin v\u00fccut hatlar\u0131na uyum sa\u011flayarak konforlu bir giyim deneyimi ya\u015fat\u0131r.<br \/>\n&#8211; K\u0131sa kol tasar\u0131m\u0131 yaz aylar\u0131 i\u00e7in idealdir; serin tutar ve hareket serbestli\u011fi tan\u0131r.<br \/>\n&#8211; Bisiklet yakas\u0131 ile modern ve \u015f\u0131k bir g\u00f6r\u00fcn\u00fcm sunarken, g\u00fcnl\u00fck kullan\u0131m i\u00e7in uygundur.<br \/>\n&#8211; \u00c7ok renkli web color se\u00e7ene\u011fiyle farkl\u0131 kombinasyonlarda kullan\u0131labilirlik kazand\u0131r\u0131r; stil sahibi anneler i\u00e7in m\u00fckemmel bir tercih olu\u015fturur.<br \/>\n&#8211; Kol boyu k\u0131sa olan bu tak\u0131m, s\u0131cak havalarda bebe\u011finizin rahat etmesini sa\u011flar.<br \/>\n&#8211; Type 1 y\u0131kama talimat\u0131na uygun \u015fekilde temizlenmesi pratiklik kazand\u0131r\u0131rken, bak\u0131m kolayl\u0131\u011f\u0131 sunar.<br \/>\n&#8211; \u00c7ok renkli renk skalas\u0131yla her zaman taze ve canl\u0131 g\u00f6r\u00fcnmenizi sa\u011flar.<br \/>\n&#8211; Bisiklet yaka detay\u0131 ile hem \u015f\u0131kl\u0131\u011f\u0131 hem de konforu \u00f6n plana \u00e7\u0131kart\u0131r.<br \/>\n&#8211; K\u0131sa pa\u00e7a tasar\u0131m\u0131n\u0131n sundu\u011fu modern \u00e7izgilerle trendleri takip eden anneler i\u00e7in idealdir.<\/p>","protected":false},"excerpt":{"rendered":"<p>&#8211; Bebe\u011finizin cildine nazik dokunu\u015fuyla pamuklu kuma\u015ftan \u00fcretilmi\u015ftir, yumu\u015fakl\u0131\u011f\u0131 sayesinde g\u00fcn boyu rahatl\u0131k sa\u011flar. &#8211; Canl\u0131 ve sevimli hayvan desenleriyle bebe\u011finizin enerjisini yans\u0131tan renkli tasar\u0131mlar, onun ilgisini \u00e7eker. &#8211; Standart boy kesimi ile bebeklerin hareket \u00f6zg\u00fcrl\u00fc\u011f\u00fcn\u00fc k\u0131s\u0131tlamaz; rahat bir kullan\u0131m sunar. &#8211; Relaxed kal\u0131p sayesinde bebe\u011finizin v\u00fccut hatlar\u0131na uyum sa\u011flayarak konforlu bir giyim deneyimi ya\u015fat\u0131r&#8230;.<\/p>","protected":false},"featured_media":9101,"comment_status":"open","ping_status":"closed","template":"","meta":{"_surecart_dashboard_logo_width":"180px","_surecart_dashboard_show_logo":true,"_surecart_dashboard_navigation_orders":true,"_surecart_dashboard_navigation_invoices":true,"_surecart_dashboard_navigation_subscriptions":true,"_surecart_dashboard_navigation_downloads":true,"_surecart_dashboard_navigation_billing":true,"_surecart_dashboard_navigation_account":true,"_kad_post_transparent":"default","_kad_post_title":"","_kad_post_layout":"default","_kad_post_sidebar_id":"","_kad_post_content_style":"default","_kad_post_vertical_padding":"default","_kad_post_feature":"","_kad_post_feature_position":"","_kad_post_header":false,"_kad_post_footer":false},"product_brand":[41],"product_cat":[25,63,123],"product_tag":[122,119,118],"class_list":{"0":"post-8611","1":"product","2":"type-product","3":"status-publish","4":"has-post-thumbnail","6":"product_brand-mc-familystore","7":"product_cat-alt-ust-takim","8":"product_cat-bebek-takimi","9":"product_cat-firsat-urunleri","10":"product_tag-bebek","11":"product_tag-kiz-bebek","12":"product_tag-cocuk","14":"first","15":"instock","16":"sale","17":"shipping-taxable","18":"purchasable","19":"product-type-variable","20":"entry","21":"content-bg","22":"loop-entry"},"aioseo_notices":[],"_links":{"self":[{"href":"https:\/\/mc-store.net\/ar\/wp-json\/wp\/v2\/product\/8611","targetHints":{"allow":["GET"]}}],"collection":[{"href":"https:\/\/mc-store.net\/ar\/wp-json\/wp\/v2\/product"}],"about":[{"href":"https:\/\/mc-store.net\/ar\/wp-json\/wp\/v2\/types\/product"}],"replies":[{"embeddable":true,"href":"https:\/\/mc-store.net\/ar\/wp-json\/wp\/v2\/comments?post=8611"}],"version-history":[{"count":1,"href":"https:\/\/mc-store.net\/ar\/wp-json\/wp\/v2\/product\/8611\/revisions"}],"predecessor-version":[{"id":8618,"href":"https:\/\/mc-store.net\/ar\/wp-json\/wp\/v2\/product\/8611\/revisions\/8618"}],"wp:featuredmedia":[{"embeddable":true,"href":"https:\/\/mc-store.net\/ar\/wp-json\/wp\/v2\/media\/9101"}],"wp:attachment":[{"href":"https:\/\/mc-store.net\/ar\/wp-json\/wp\/v2\/media?parent=8611"}],"wp:term":[{"taxonomy":"product_brand","embeddable":true,"href":"https:\/\/mc-store.net\/ar\/wp-json\/wp\/v2\/product_brand?post=8611"},{"taxonomy":"product_cat","embeddable":true,"href":"https:\/\/mc-store.net\/ar\/wp-json\/wp\/v2\/product_cat?post=8611"},{"taxonomy":"product_tag","embeddable":true,"href":"https:\/\/mc-store.net\/ar\/wp-json\/wp\/v2\/product_tag?post=8611"}],"curies":[{"name":"wp","href":"https:\/\/api.w.org\/{rel}","templated":true}]}}