{"id":8635,"date":"2025-08-23T19:17:50","date_gmt":"2025-08-23T17:17:50","guid":{"rendered":"https:\/\/mc-store.net\/?post_type=product&#038;p=8635"},"modified":"2025-10-05T12:55:04","modified_gmt":"2025-10-05T10:55:04","slug":"kiz-bebek-alt-ust-takim-3lu","status":"publish","type":"product","link":"https:\/\/mc-store.net\/ar\/product\/kiz-bebek-alt-ust-takim-3lu\/","title":{"rendered":"KIZ BEBEK ALT \u00dcST TAKIM 3L\u00dc"},"content":{"rendered":"<p>&#8211; Bebeklerinize \u015f\u0131kl\u0131\u011f\u0131 ve rahatl\u0131\u011f\u0131 bir arada sunan \u00e7i\u00e7ek desenli, nak\u0131\u015f detayl\u0131 ve s\u0131rt \u00e7i\u00e7ekli tasar\u0131m.<br \/>\n&#8211; Standart boy ve relaxed kal\u0131p ile bebe\u011finizin hareket \u00f6zg\u00fcrl\u00fc\u011f\u00fcn\u00fc k\u0131s\u0131tlamadan konforlu bir kullan\u0131m sa\u011flar.<br \/>\n&#8211; \u00d6rme kuma\u015f tipi sayesinde yumu\u015fak dokunu\u015fuyla cildine nazik\u00e7e temas ederken dayan\u0131kl\u0131l\u0131\u011f\u0131ndan \u00f6d\u00fcn vermez.<br \/>\n&#8211; %100 pamuk materyali ile nefes alabilir yap\u0131da olup, terlemeyi minimize ederek bebe\u011finizin g\u00fcn boyu rahat etmesini destekler.<br \/>\n&#8211; Kad\u0131n \/ k\u0131z cinsiyetine uygun olarak tasarlanm\u0131\u015ft\u0131r; pembe tonlar\u0131ndaki ye\u015fil renk se\u00e7ene\u011fiyle g\u00f6z al\u0131c\u0131 bir g\u00f6r\u00fcn\u00fcm kazand\u0131r\u0131r.<br \/>\n&#8211; G\u00fcnl\u00fck kullan\u0131m i\u00e7in ideal olan bu tak\u0131m, evde ya da d\u0131\u015far\u0131da keyifli anlar\u0131n vazge\u00e7ilmezi olacak.<br \/>\n&#8211; Kol boyu uzun oldu\u011fu i\u00e7in mevsim ge\u00e7i\u015flerinde de ideal koruma sunarken b\u00fczg\u00fcl\u00fc\/f\u0131rf\u0131rl\u0131 kol detaylar\u0131yla estetik bir dokunu\u015f kat\u0131yor.<br \/>\n&#8211; Y\u0131kama talimatlar\u0131na uygun bak\u0131m ile uzun s\u00fcre ilk g\u00fcnk\u00fc gibi kalmas\u0131n\u0131 sa\u011flayabilirsiniz.<br \/>\n&#8211; Basic koleksiyonun sadeli\u011fiyle her t\u00fcr kombininize kolayca adapte olurken bebe\u011finizin tarz\u0131n\u0131 \u00f6n plana \u00e7\u0131kar\u0131r.<br \/>\n&#8211; Bebe yaka tipiyle modern ve \u015f\u0131k bir g\u00f6r\u00fcn\u00fcm sergilerken f\u0131rf\u0131rl\u0131 kol detaylar\u0131 ile feminen \u00e7izgilere sahip olman\u0131z\u0131 sa\u011flar.<br \/>\n&#8211; B\u00fcy\u00fcyen minikler i\u00e7in \u00f6zel olarak haz\u0131rlanm\u0131\u015f 9 &#8211; 24 ay bedeniyle ideal uyumu yakalars\u0131n\u0131z.<br \/>\n&#8211; G\u00fcnl\u00fck ortamlarda rahatl\u0131kla tercih edebilece\u011finiz bu tak\u0131m\u0131, regular pa\u00e7a tipi sayesinde konforlu ad\u0131mlar atman\u0131z i\u00e7in idealdir.<\/p>","protected":false},"excerpt":{"rendered":"<p>KIZ BEBEK ALT \u00dcST TAKIM 3L\u00dc BEBEK BANDANA SWATSHIRT TAYT \u00c7\u0130\u00c7EKL\u0130 NAKI\u015eLI SIRTRI \u00c7I\u00c7ITLI TAKIMI<\/p>","protected":false},"featured_media":9142,"comment_status":"open","ping_status":"closed","template":"","meta":{"_surecart_dashboard_logo_width":"180px","_surecart_dashboard_show_logo":true,"_surecart_dashboard_navigation_orders":true,"_surecart_dashboard_navigation_invoices":true,"_surecart_dashboard_navigation_subscriptions":true,"_surecart_dashboard_navigation_downloads":true,"_surecart_dashboard_navigation_billing":true,"_surecart_dashboard_navigation_account":true,"_kad_post_transparent":"default","_kad_post_title":"","_kad_post_layout":"default","_kad_post_sidebar_id":"","_kad_post_content_style":"default","_kad_post_vertical_padding":"default","_kad_post_feature":"","_kad_post_feature_position":"","_kad_post_header":false,"_kad_post_footer":false},"product_brand":[41],"product_cat":[25,63,123],"product_tag":[122,119,118,141],"class_list":{"0":"post-8635","1":"product","2":"type-product","3":"status-publish","4":"has-post-thumbnail","6":"product_brand-mc-familystore","7":"product_cat-alt-ust-takim","8":"product_cat-bebek-takimi","9":"product_cat-firsat-urunleri","10":"product_tag-bebek","11":"product_tag-kiz-bebek","12":"product_tag-cocuk","13":"product_tag-sonbahar-kis","15":"first","16":"instock","17":"sale","18":"shipping-taxable","19":"purchasable","20":"product-type-variable","21":"entry","22":"content-bg","23":"loop-entry"},"aioseo_notices":[],"_links":{"self":[{"href":"https:\/\/mc-store.net\/ar\/wp-json\/wp\/v2\/product\/8635","targetHints":{"allow":["GET"]}}],"collection":[{"href":"https:\/\/mc-store.net\/ar\/wp-json\/wp\/v2\/product"}],"about":[{"href":"https:\/\/mc-store.net\/ar\/wp-json\/wp\/v2\/types\/product"}],"replies":[{"embeddable":true,"href":"https:\/\/mc-store.net\/ar\/wp-json\/wp\/v2\/comments?post=8635"}],"version-history":[{"count":1,"href":"https:\/\/mc-store.net\/ar\/wp-json\/wp\/v2\/product\/8635\/revisions"}],"predecessor-version":[{"id":8651,"href":"https:\/\/mc-store.net\/ar\/wp-json\/wp\/v2\/product\/8635\/revisions\/8651"}],"wp:featuredmedia":[{"embeddable":true,"href":"https:\/\/mc-store.net\/ar\/wp-json\/wp\/v2\/media\/9142"}],"wp:attachment":[{"href":"https:\/\/mc-store.net\/ar\/wp-json\/wp\/v2\/media?parent=8635"}],"wp:term":[{"taxonomy":"product_brand","embeddable":true,"href":"https:\/\/mc-store.net\/ar\/wp-json\/wp\/v2\/product_brand?post=8635"},{"taxonomy":"product_cat","embeddable":true,"href":"https:\/\/mc-store.net\/ar\/wp-json\/wp\/v2\/product_cat?post=8635"},{"taxonomy":"product_tag","embeddable":true,"href":"https:\/\/mc-store.net\/ar\/wp-json\/wp\/v2\/product_tag?post=8635"}],"curies":[{"name":"wp","href":"https:\/\/api.w.org\/{rel}","templated":true}]}}