{"id":8652,"date":"2025-08-23T19:31:42","date_gmt":"2025-08-23T17:31:42","guid":{"rendered":"https:\/\/mc-store.net\/?post_type=product&#038;p=8652"},"modified":"2025-09-02T21:14:49","modified_gmt":"2025-09-02T19:14:49","slug":"kiz-cocuk-jean-etek-salopet-2-li-kot-etek-tulum-takim","status":"publish","type":"product","link":"https:\/\/mc-store.net\/ar\/product\/kiz-cocuk-jean-etek-salopet-2-li-kot-etek-tulum-takim\/","title":{"rendered":"K\u0131z \u00c7ocuk Jean etek Salopet 2&#8242; Li Kot etek tulum Tak\u0131m"},"content":{"rendered":"<p>&#8211; Bebeklerin rahat hareket edebilmesi i\u00e7in tasarlanm\u0131\u015f, esnek ve konforlu bir yap\u0131ya sahip.<br \/>\n&#8211; G\u00fcnl\u00fck kullan\u0131m i\u00e7in ideal olan bu kot etek salopet tak\u0131m, hem \u015f\u0131kl\u0131\u011f\u0131 hem de rahatl\u0131\u011f\u0131 bir arada sunar.<br \/>\n&#8211; Sar\u0131 rengiyle dikkat \u00e7eken bu tak\u0131m, \u00e7ocuklar\u0131n enerjisini yans\u0131t\u0131rken ayn\u0131 zamanda kolayca kombinlenebilir.<br \/>\n&#8211; K\u0131sa kollu ve bisiklet yakas\u0131 ile mevsim ge\u00e7i\u015flerinde ideal bir tercih olur; s\u0131cak g\u00fcnlerde serin tutar.<br \/>\n&#8211; Orijinal boy kesimi sayesinde bebeklerin ayaklar\u0131n\u0131n do\u011fal yap\u0131s\u0131na uyum sa\u011flar ve rahat bir kullan\u0131m sunar.<br \/>\n&#8211; Unisex koleksiyon par\u00e7as\u0131 olarak herkes taraf\u0131ndan giyilebilen bu tak\u0131m, aile bireyleri aras\u0131nda da pop\u00fclerdir.<br \/>\n&#8211; Kolay bak\u0131m imkan\u0131 sa\u011flayan y\u0131kama talimatlar\u0131 ile ebeveynler i\u00e7in pratik bir se\u00e7enektir.<br \/>\n&#8211; Casual ortamlarda g\u00fcnl\u00fck kullan\u0131m i\u00e7in uygundur; okuldan parka kadar her yerde rahatl\u0131kla tercih edilebilir.<br \/>\n&#8211; K\u0131sa pa\u00e7a tasar\u0131m\u0131 sayesinde bebeklerin ayakkab\u0131lar\u0131n\u0131 \u00e7\u0131karmadan rahat\u00e7a oynamas\u0131na olanak tan\u0131r.<\/p>","protected":false},"excerpt":{"rendered":"<p>&#8211; Bebeklerin rahat hareket edebilmesi i\u00e7in tasarlanm\u0131\u015f, esnek ve konforlu bir yap\u0131ya sahip. &#8211; G\u00fcnl\u00fck kullan\u0131m i\u00e7in ideal olan bu kot etek salopet tak\u0131m, hem \u015f\u0131kl\u0131\u011f\u0131 hem de rahatl\u0131\u011f\u0131 bir arada sunar. &#8211; Sar\u0131 rengiyle dikkat \u00e7eken bu tak\u0131m, \u00e7ocuklar\u0131n enerjisini yans\u0131t\u0131rken ayn\u0131 zamanda kolayca kombinlenebilir. &#8211; K\u0131sa kollu ve bisiklet yakas\u0131 ile mevsim ge\u00e7i\u015flerinde&#8230;<\/p>","protected":false},"featured_media":9099,"comment_status":"open","ping_status":"closed","template":"","meta":{"_surecart_dashboard_logo_width":"180px","_surecart_dashboard_show_logo":true,"_surecart_dashboard_navigation_orders":true,"_surecart_dashboard_navigation_invoices":true,"_surecart_dashboard_navigation_subscriptions":true,"_surecart_dashboard_navigation_downloads":true,"_surecart_dashboard_navigation_billing":true,"_surecart_dashboard_navigation_account":true,"_kad_post_transparent":"default","_kad_post_title":"","_kad_post_layout":"default","_kad_post_sidebar_id":"","_kad_post_content_style":"default","_kad_post_vertical_padding":"default","_kad_post_feature":"","_kad_post_feature_position":"","_kad_post_header":false,"_kad_post_footer":false},"product_brand":[41],"product_cat":[63,30,32],"product_tag":[122,119,118],"class_list":{"0":"post-8652","1":"product","2":"type-product","3":"status-publish","4":"has-post-thumbnail","6":"product_brand-mc-familystore","7":"product_cat-bebek-takimi","8":"product_cat-salopet","9":"product_cat-takim-elbise","10":"product_tag-bebek","11":"product_tag-kiz-bebek","12":"product_tag-cocuk","14":"first","15":"instock","16":"sale","17":"shipping-taxable","18":"purchasable","19":"product-type-variable","20":"entry","21":"content-bg","22":"loop-entry"},"aioseo_notices":[],"_links":{"self":[{"href":"https:\/\/mc-store.net\/ar\/wp-json\/wp\/v2\/product\/8652","targetHints":{"allow":["GET"]}}],"collection":[{"href":"https:\/\/mc-store.net\/ar\/wp-json\/wp\/v2\/product"}],"about":[{"href":"https:\/\/mc-store.net\/ar\/wp-json\/wp\/v2\/types\/product"}],"replies":[{"embeddable":true,"href":"https:\/\/mc-store.net\/ar\/wp-json\/wp\/v2\/comments?post=8652"}],"version-history":[{"count":1,"href":"https:\/\/mc-store.net\/ar\/wp-json\/wp\/v2\/product\/8652\/revisions"}],"predecessor-version":[{"id":8666,"href":"https:\/\/mc-store.net\/ar\/wp-json\/wp\/v2\/product\/8652\/revisions\/8666"}],"wp:featuredmedia":[{"embeddable":true,"href":"https:\/\/mc-store.net\/ar\/wp-json\/wp\/v2\/media\/9099"}],"wp:attachment":[{"href":"https:\/\/mc-store.net\/ar\/wp-json\/wp\/v2\/media?parent=8652"}],"wp:term":[{"taxonomy":"product_brand","embeddable":true,"href":"https:\/\/mc-store.net\/ar\/wp-json\/wp\/v2\/product_brand?post=8652"},{"taxonomy":"product_cat","embeddable":true,"href":"https:\/\/mc-store.net\/ar\/wp-json\/wp\/v2\/product_cat?post=8652"},{"taxonomy":"product_tag","embeddable":true,"href":"https:\/\/mc-store.net\/ar\/wp-json\/wp\/v2\/product_tag?post=8652"}],"curies":[{"name":"wp","href":"https:\/\/api.w.org\/{rel}","templated":true}]}}