{"id":8667,"date":"2025-08-23T19:38:14","date_gmt":"2025-08-23T17:38:14","guid":{"rendered":"https:\/\/mc-store.net\/?post_type=product&#038;p=8667"},"modified":"2025-09-02T21:12:48","modified_gmt":"2025-09-02T19:12:48","slug":"2li-kiz-bebek-etekli-salopet","status":"publish","type":"product","link":"https:\/\/mc-store.net\/ar\/product\/2li-kiz-bebek-etekli-salopet\/","title":{"rendered":"2LI KIZ BEBEK ETEKLI SALOPET"},"content":{"rendered":"<p>&#8211; Bebe\u011finizin rahatl\u0131\u011f\u0131 d\u00fc\u015f\u00fcn\u00fclerek tasarlanm\u0131\u015f, midi boyda ve klasik kal\u0131pta bir etekli salopet ikili tak\u0131m.<br \/>\n&#8211; Sade ve \u015f\u0131k g\u00f6r\u00fcn\u00fcm\u00fcyle dikkat \u00e7eken d\u00fcz desenli mavi beyaz renk se\u00e7ene\u011fi.<br \/>\n&#8211; K\u0131sa kol ve bisiklet yakas\u0131 ile mevsim ge\u00e7i\u015flerinde ideal kullan\u0131m sunar.<br \/>\n&#8211; Kolay bak\u0131m imkan\u0131 sa\u011flayan y\u0131kama talimatlar\u0131na sahip, pratik giyim deneyimi.<br \/>\n&#8211; 9 &#8211; 24 ay aras\u0131 bebekler i\u00e7in uygun bedeniyle b\u00fcy\u00fcme d\u00f6nemine g\u00f6re esneklik sa\u011flar.<br \/>\n&#8211; G\u00fcnl\u00fck kullan\u0131ma uygun casual ortamlarda rahatl\u0131kla tercih edilebilecek tasar\u0131m.<br \/>\n&#8211; Regular pa\u00e7a tipi sayesinde hareket \u00f6zg\u00fcrl\u00fc\u011f\u00fcn\u00fc k\u0131s\u0131tlamadan konforlu bir giyim deneyimi sunar.<\/p>","protected":false},"excerpt":{"rendered":"<p>2LI KIZ BEBEK ETEKLI SALOPET \u0130K\u0130L\u0130 KIZ BEBEK HAVU\u00c7 TAV\u015eAN TAKIM<\/p>","protected":false},"featured_media":9097,"comment_status":"open","ping_status":"closed","template":"","meta":{"_surecart_dashboard_logo_width":"180px","_surecart_dashboard_show_logo":true,"_surecart_dashboard_navigation_orders":true,"_surecart_dashboard_navigation_invoices":true,"_surecart_dashboard_navigation_subscriptions":true,"_surecart_dashboard_navigation_downloads":true,"_surecart_dashboard_navigation_billing":true,"_surecart_dashboard_navigation_account":true,"_kad_post_transparent":"default","_kad_post_title":"","_kad_post_layout":"default","_kad_post_sidebar_id":"","_kad_post_content_style":"default","_kad_post_vertical_padding":"default","_kad_post_feature":"","_kad_post_feature_position":"","_kad_post_header":false,"_kad_post_footer":false},"product_brand":[41],"product_cat":[63,30,32],"product_tag":[122,119,118],"class_list":{"0":"post-8667","1":"product","2":"type-product","3":"status-publish","4":"has-post-thumbnail","6":"product_brand-mc-familystore","7":"product_cat-bebek-takimi","8":"product_cat-salopet","9":"product_cat-takim-elbise","10":"product_tag-bebek","11":"product_tag-kiz-bebek","12":"product_tag-cocuk","14":"first","15":"instock","16":"sale","17":"shipping-taxable","18":"purchasable","19":"product-type-variable","20":"entry","21":"content-bg","22":"loop-entry"},"aioseo_notices":[],"_links":{"self":[{"href":"https:\/\/mc-store.net\/ar\/wp-json\/wp\/v2\/product\/8667","targetHints":{"allow":["GET"]}}],"collection":[{"href":"https:\/\/mc-store.net\/ar\/wp-json\/wp\/v2\/product"}],"about":[{"href":"https:\/\/mc-store.net\/ar\/wp-json\/wp\/v2\/types\/product"}],"replies":[{"embeddable":true,"href":"https:\/\/mc-store.net\/ar\/wp-json\/wp\/v2\/comments?post=8667"}],"version-history":[{"count":1,"href":"https:\/\/mc-store.net\/ar\/wp-json\/wp\/v2\/product\/8667\/revisions"}],"predecessor-version":[{"id":8683,"href":"https:\/\/mc-store.net\/ar\/wp-json\/wp\/v2\/product\/8667\/revisions\/8683"}],"wp:featuredmedia":[{"embeddable":true,"href":"https:\/\/mc-store.net\/ar\/wp-json\/wp\/v2\/media\/9097"}],"wp:attachment":[{"href":"https:\/\/mc-store.net\/ar\/wp-json\/wp\/v2\/media?parent=8667"}],"wp:term":[{"taxonomy":"product_brand","embeddable":true,"href":"https:\/\/mc-store.net\/ar\/wp-json\/wp\/v2\/product_brand?post=8667"},{"taxonomy":"product_cat","embeddable":true,"href":"https:\/\/mc-store.net\/ar\/wp-json\/wp\/v2\/product_cat?post=8667"},{"taxonomy":"product_tag","embeddable":true,"href":"https:\/\/mc-store.net\/ar\/wp-json\/wp\/v2\/product_tag?post=8667"}],"curies":[{"name":"wp","href":"https:\/\/api.w.org\/{rel}","templated":true}]}}