{"id":8684,"date":"2025-08-23T19:46:53","date_gmt":"2025-08-23T17:46:53","guid":{"rendered":"https:\/\/mc-store.net\/?post_type=product&#038;p=8684"},"modified":"2025-09-02T21:10:03","modified_gmt":"2025-09-02T19:10:03","slug":"3lu-sapkali-erkek-takim-gomlekli-cizgili-tulum","status":"publish","type":"product","link":"https:\/\/mc-store.net\/ar\/product\/3lu-sapkali-erkek-takim-gomlekli-cizgili-tulum\/","title":{"rendered":"3L\u00dc \u015eAPKALI ERKEK TAKIM G\u00d6MLEKL\u0130 \u00c7\u0130ZG\u0130L\u0130 TULUM"},"content":{"rendered":"<p>&#8211; Bebe\u011finizin rahatl\u0131\u011f\u0131 d\u00fc\u015f\u00fcn\u00fclerek tasarlanm\u0131\u015f, \u00e7izgili deseniyle \u015f\u0131kl\u0131\u011f\u0131 ve konforu bir arada sunan erkek bebek tak\u0131m.<br \/>\n&#8211; Set halinde gelen bu tak\u0131m, hem g\u00fcnl\u00fck kullan\u0131m hem de \u00f6zel g\u00fcnlerde bebe\u011finizin tarz\u0131n\u0131 tamamlar.<br \/>\n&#8211; Klasik kal\u0131b\u0131yla zamans\u0131z bir g\u00f6r\u00fcn\u00fcm sa\u011flayan bu tak\u0131m, her ortamda kolayca kombinlenebilir.<br \/>\n&#8211; \u00d6rme kuma\u015f\u0131 sayesinde yumu\u015fak dokunu\u015fuyla bebe\u011finizin cildine nazik\u00e7e sar\u0131l\u0131rken, pamuklu materyali ile nefes alabilir yap\u0131dad\u0131r.<br \/>\n&#8211; Bej rengiyle n\u00f6tr tonlar\u0131n zarafetini yans\u0131tan bu tak\u0131m, farkl\u0131 renklerle uyum sa\u011flayarak gard\u0131robunuzun vazge\u00e7ilmez par\u00e7as\u0131 olur.<br \/>\n&#8211; K\u0131sa kol tasar\u0131m\u0131 yaz aylar\u0131 i\u00e7in idealdir; hareket \u00f6zg\u00fcrl\u00fc\u011f\u00fcn\u00fc k\u0131s\u0131tlamadan serin tutar.<br \/>\n&#8211; Bisiklet yakas\u0131 ile modern bir stil sunarken, k\u0131sa kol boyu mevsim ge\u00e7i\u015flerinde ideal konforu sa\u011flar.<br \/>\n&#8211; S\u00fcrd\u00fcr\u00fclebilirlik detay\u0131na sahip olmas\u0131yla \u00e7evre dostu bir tercih yapman\u0131z\u0131 m\u00fcmk\u00fcn k\u0131lar.<br \/>\n&#8211; Paket i\u00e7eri\u011findeki \u00fc\u00e7 par\u00e7a (g\u00f6mlek, pantolon ve \u015fapka) ile b\u00fct\u00fcnsel bir g\u00f6r\u00fcn\u00fcm elde edersiniz.<br \/>\n&#8211; 9-24 ay bedeniyle bebeklerinize uygunluk g\u00f6steren bu tak\u0131m, b\u00fcy\u00fcme d\u00f6nemlerinde de yan\u0131n\u0131zda kalacak \u015fekilde tasarlanm\u0131\u015ft\u0131r.<br \/>\n&#8211; G\u00fcnl\u00fck kullan\u0131m i\u00e7in ideal olan bu tak\u0131m, evde ya da d\u0131\u015far\u0131da rahatl\u0131kla tercih edilebilir.<br \/>\n&#8211; Regular pa\u00e7a tipi ile rahat kesimi sayesinde bebe\u011finizin g\u00fcn boyu konforundan \u00f6d\u00fcn vermezsiniz.<\/p>","protected":false},"excerpt":{"rendered":"<p>3L\u00dc \u015eAPKALI ERKEK TAKIM G\u00d6MLEKL\u0130 \u00c7\u0130ZG\u0130L\u0130 TULUM BAYRMLAR VE \u00d6ZEL G\u00dcNLER TAKIMI<\/p>","protected":false},"featured_media":9096,"comment_status":"open","ping_status":"closed","template":"","meta":{"_surecart_dashboard_logo_width":"180px","_surecart_dashboard_show_logo":true,"_surecart_dashboard_navigation_orders":true,"_surecart_dashboard_navigation_invoices":true,"_surecart_dashboard_navigation_subscriptions":true,"_surecart_dashboard_navigation_downloads":true,"_surecart_dashboard_navigation_billing":true,"_surecart_dashboard_navigation_account":true,"_kad_post_transparent":"default","_kad_post_title":"","_kad_post_layout":"default","_kad_post_sidebar_id":"","_kad_post_content_style":"default","_kad_post_vertical_padding":"default","_kad_post_feature":"","_kad_post_feature_position":"","_kad_post_header":false,"_kad_post_footer":false},"product_brand":[41],"product_cat":[25,63,123],"product_tag":[122,120,121],"class_list":{"0":"post-8684","1":"product","2":"type-product","3":"status-publish","4":"has-post-thumbnail","6":"product_brand-mc-familystore","7":"product_cat-alt-ust-takim","8":"product_cat-bebek-takimi","9":"product_cat-firsat-urunleri","10":"product_tag-bebek","11":"product_tag-erkek-bebek","12":"product_tag-erkek-cocuk","14":"first","15":"instock","16":"sale","17":"shipping-taxable","18":"purchasable","19":"product-type-variable","20":"entry","21":"content-bg","22":"loop-entry"},"aioseo_notices":[],"_links":{"self":[{"href":"https:\/\/mc-store.net\/ar\/wp-json\/wp\/v2\/product\/8684","targetHints":{"allow":["GET"]}}],"collection":[{"href":"https:\/\/mc-store.net\/ar\/wp-json\/wp\/v2\/product"}],"about":[{"href":"https:\/\/mc-store.net\/ar\/wp-json\/wp\/v2\/types\/product"}],"replies":[{"embeddable":true,"href":"https:\/\/mc-store.net\/ar\/wp-json\/wp\/v2\/comments?post=8684"}],"version-history":[{"count":1,"href":"https:\/\/mc-store.net\/ar\/wp-json\/wp\/v2\/product\/8684\/revisions"}],"predecessor-version":[{"id":8699,"href":"https:\/\/mc-store.net\/ar\/wp-json\/wp\/v2\/product\/8684\/revisions\/8699"}],"wp:featuredmedia":[{"embeddable":true,"href":"https:\/\/mc-store.net\/ar\/wp-json\/wp\/v2\/media\/9096"}],"wp:attachment":[{"href":"https:\/\/mc-store.net\/ar\/wp-json\/wp\/v2\/media?parent=8684"}],"wp:term":[{"taxonomy":"product_brand","embeddable":true,"href":"https:\/\/mc-store.net\/ar\/wp-json\/wp\/v2\/product_brand?post=8684"},{"taxonomy":"product_cat","embeddable":true,"href":"https:\/\/mc-store.net\/ar\/wp-json\/wp\/v2\/product_cat?post=8684"},{"taxonomy":"product_tag","embeddable":true,"href":"https:\/\/mc-store.net\/ar\/wp-json\/wp\/v2\/product_tag?post=8684"}],"curies":[{"name":"wp","href":"https:\/\/api.w.org\/{rel}","templated":true}]}}