{"id":8700,"date":"2025-08-23T20:04:14","date_gmt":"2025-08-23T18:04:14","guid":{"rendered":"https:\/\/mc-store.net\/?post_type=product&#038;p=8700"},"modified":"2025-09-09T18:16:32","modified_gmt":"2025-09-09T16:16:32","slug":"kiz-cocuk-jean-etek-salopet-2-li-kot-etek-tulum-takim-2","status":"publish","type":"product","link":"https:\/\/mc-store.net\/ar\/product\/kiz-cocuk-jean-etek-salopet-2-li-kot-etek-tulum-takim-2\/","title":{"rendered":"K\u0131z \u00c7ocuk Jean etek Salopet 2&#8242; Li Kot etek tulum Tak\u0131m"},"content":{"rendered":"<p>&#8211; Bebeklerin rahat hareket edebilmesi i\u00e7in tasarlanm\u0131\u015f, esnek ve konforlu bir kal\u0131ba sahip.<br \/>\n&#8211; D\u00fcz deseniyle zamans\u0131z bir \u015f\u0131kl\u0131k sunan bu kot etek tulum tak\u0131m\u0131, her ortamda kolayca kombinlenebilir.<br \/>\n&#8211; Orijinal boy kesimi sayesinde bebe\u011finizin bacaklar\u0131n\u0131 do\u011fal uzunlukta sergilerken, regular kal\u0131p ile rahat bir kullan\u0131m sa\u011flar.<br \/>\n&#8211; Keten materyali sayesinde hafif ve nefes alabilen yap\u0131s\u0131yla yaz aylar\u0131nda idealdir; k\u0131\u015f aylar\u0131nda ise i\u00e7 katmanla s\u0131cak tutabilir.<br \/>\n&#8211; Unisex koleksiyon par\u00e7as\u0131 olarak hem k\u0131z hem de erkek bebekler i\u00e7in uygundur; pembe-mavi renk se\u00e7ene\u011fiyle \u015f\u0131k bir g\u00f6r\u00fcn\u00fcm kazand\u0131r\u0131r.<br \/>\n&#8211; K\u0131sa kol ve bisiklet yakas\u0131 detaylar\u0131yla modern bir tarz sunarken, k\u0131sa pa\u00e7a tasar\u0131m\u0131 ayakkab\u0131lara yer a\u00e7ar.<br \/>\n&#8211; Kolay bak\u0131m imkan\u0131 sa\u011flayan y\u0131kama talimatlar\u0131 ile ebeveynler i\u00e7in pratik bir kullan\u0131m vaat eder.<br \/>\n&#8211; Casual\/g\u00fcnl\u00fck ortamlarda rahatl\u0131kla tercih edilebilecek bu tak\u0131m, g\u00fcnl\u00fck aktivitelerde bebe\u011finizin konforunu \u00f6n planda tutar.<br \/>\n&#8211; S\u00fcrd\u00fcr\u00fclebilirlik detay\u0131na \u00f6nem verilmemi\u015f olup, \u00e7evre dostu alternatifler arayan ebeveynler i\u00e7in ideal de\u011fildir.<\/p>","protected":false},"excerpt":{"rendered":"<p>&#8211; Bebeklerin rahat hareket edebilmesi i\u00e7in tasarlanm\u0131\u015f, esnek ve konforlu bir kal\u0131ba sahip. &#8211; D\u00fcz deseniyle zamans\u0131z bir \u015f\u0131kl\u0131k sunan bu kot etek tulum tak\u0131m\u0131, her ortamda kolayca kombinlenebilir. &#8211; Orijinal boy kesimi sayesinde bebe\u011finizin bacaklar\u0131n\u0131 do\u011fal uzunlukta sergilerken, regular kal\u0131p ile rahat bir kullan\u0131m sa\u011flar. &#8211; Keten materyali sayesinde hafif ve nefes alabilen yap\u0131s\u0131yla&#8230;<\/p>","protected":false},"featured_media":9093,"comment_status":"open","ping_status":"closed","template":"","meta":{"_surecart_dashboard_logo_width":"180px","_surecart_dashboard_show_logo":true,"_surecart_dashboard_navigation_orders":true,"_surecart_dashboard_navigation_invoices":true,"_surecart_dashboard_navigation_subscriptions":true,"_surecart_dashboard_navigation_downloads":true,"_surecart_dashboard_navigation_billing":true,"_surecart_dashboard_navigation_account":true,"_kad_post_transparent":"default","_kad_post_title":"","_kad_post_layout":"default","_kad_post_sidebar_id":"","_kad_post_content_style":"default","_kad_post_vertical_padding":"default","_kad_post_feature":"","_kad_post_feature_position":"","_kad_post_header":false,"_kad_post_footer":false},"product_brand":[41],"product_cat":[63,123,30,15],"product_tag":[122,119,118],"class_list":{"0":"post-8700","1":"product","2":"type-product","3":"status-publish","4":"has-post-thumbnail","6":"product_brand-mc-familystore","7":"product_cat-bebek-takimi","8":"product_cat-firsat-urunleri","9":"product_cat-salopet","10":"product_cat-tulum","11":"product_tag-bebek","12":"product_tag-kiz-bebek","13":"product_tag-cocuk","15":"first","16":"instock","17":"sale","18":"shipping-taxable","19":"purchasable","20":"product-type-variable","21":"entry","22":"content-bg","23":"loop-entry"},"aioseo_notices":[],"_links":{"self":[{"href":"https:\/\/mc-store.net\/ar\/wp-json\/wp\/v2\/product\/8700","targetHints":{"allow":["GET"]}}],"collection":[{"href":"https:\/\/mc-store.net\/ar\/wp-json\/wp\/v2\/product"}],"about":[{"href":"https:\/\/mc-store.net\/ar\/wp-json\/wp\/v2\/types\/product"}],"replies":[{"embeddable":true,"href":"https:\/\/mc-store.net\/ar\/wp-json\/wp\/v2\/comments?post=8700"}],"version-history":[{"count":2,"href":"https:\/\/mc-store.net\/ar\/wp-json\/wp\/v2\/product\/8700\/revisions"}],"predecessor-version":[{"id":9181,"href":"https:\/\/mc-store.net\/ar\/wp-json\/wp\/v2\/product\/8700\/revisions\/9181"}],"wp:featuredmedia":[{"embeddable":true,"href":"https:\/\/mc-store.net\/ar\/wp-json\/wp\/v2\/media\/9093"}],"wp:attachment":[{"href":"https:\/\/mc-store.net\/ar\/wp-json\/wp\/v2\/media?parent=8700"}],"wp:term":[{"taxonomy":"product_brand","embeddable":true,"href":"https:\/\/mc-store.net\/ar\/wp-json\/wp\/v2\/product_brand?post=8700"},{"taxonomy":"product_cat","embeddable":true,"href":"https:\/\/mc-store.net\/ar\/wp-json\/wp\/v2\/product_cat?post=8700"},{"taxonomy":"product_tag","embeddable":true,"href":"https:\/\/mc-store.net\/ar\/wp-json\/wp\/v2\/product_tag?post=8700"}],"curies":[{"name":"wp","href":"https:\/\/api.w.org\/{rel}","templated":true}]}}