{"id":8734,"date":"2025-08-23T20:23:11","date_gmt":"2025-08-23T18:23:11","guid":{"rendered":"https:\/\/mc-store.net\/?post_type=product&#038;p=8734"},"modified":"2025-09-02T21:01:58","modified_gmt":"2025-09-02T19:01:58","slug":"2li-takim-alt-ust-pamuklu-baskili-takim","status":"publish","type":"product","link":"https:\/\/mc-store.net\/ar\/product\/2li-takim-alt-ust-pamuklu-baskili-takim\/","title":{"rendered":"2L\u0130 TAKIM ALT \u00dcST PAMUKLU BASKILI TAKIM"},"content":{"rendered":"<p>&#8211; Bebe\u011finizin cildine nazik dokunu\u015fuyla pamuklu kuma\u015ftan \u00fcretilmi\u015ftir, g\u00fcn boyu rahatl\u0131k sa\u011flar.<br \/>\n&#8211; Canl\u0131 turuncu rengiyle dikkat \u00e7eken bask\u0131l\u0131 deseni, bebe\u011finizin enerjisini yans\u0131t\u0131r.<br \/>\n&#8211; Rahat kal\u0131b\u0131 sayesinde hareket \u00f6zg\u00fcrl\u00fc\u011f\u00fcn\u00fc k\u0131s\u0131tlamaz; g\u00fcnl\u00fck kullan\u0131m i\u00e7in idealdir.<br \/>\n&#8211; K\u0131sa kol tasar\u0131m\u0131 ile mevsim ge\u00e7i\u015flerinde ideal konfor sunar.<br \/>\n&#8211; Bisiklet yakas\u0131, giyip \u00e7\u0131karmay\u0131 kolayla\u015ft\u0131r\u0131rken \u015f\u0131k bir g\u00f6r\u00fcn\u00fcm kazand\u0131r\u0131r.<br \/>\n&#8211; Lastikli pa\u00e7a detay\u0131 pratik kullan\u0131m imkan\u0131 tan\u0131r ve bebe\u011finizin ayaklar\u0131n\u0131 s\u0131cak tutar.<br \/>\n&#8211; 2&#8217;li set i\u00e7eri\u011fiyle hem alt hem de \u00fcst par\u00e7a olarak kombin yapma esnekli\u011fi sa\u011flar.<br \/>\n&#8211; G\u00fcnl\u00fck ortamlarda rahatl\u0131kla tercih edebilece\u011finiz bu tak\u0131m, bebe\u011finizin \u015f\u0131kl\u0131\u011f\u0131n\u0131 tamamlar.<\/p>","protected":false},"excerpt":{"rendered":"<p>&#8211; Bebe\u011finizin cildine nazik dokunu\u015fuyla pamuklu kuma\u015ftan \u00fcretilmi\u015ftir, g\u00fcn boyu rahatl\u0131k sa\u011flar. &#8211; Canl\u0131 turuncu rengiyle dikkat \u00e7eken bask\u0131l\u0131 deseni, bebe\u011finizin enerjisini yans\u0131t\u0131r. &#8211; Rahat kal\u0131b\u0131 sayesinde hareket \u00f6zg\u00fcrl\u00fc\u011f\u00fcn\u00fc k\u0131s\u0131tlamaz; g\u00fcnl\u00fck kullan\u0131m i\u00e7in idealdir. &#8211; K\u0131sa kol tasar\u0131m\u0131 ile mevsim ge\u00e7i\u015flerinde ideal konfor sunar. &#8211; Bisiklet yakas\u0131, giyip \u00e7\u0131karmay\u0131 kolayla\u015ft\u0131r\u0131rken \u015f\u0131k bir g\u00f6r\u00fcn\u00fcm kazand\u0131r\u0131r. &#8211;&#8230;<\/p>","protected":false},"featured_media":9091,"comment_status":"open","ping_status":"closed","template":"","meta":{"_surecart_dashboard_logo_width":"180px","_surecart_dashboard_show_logo":true,"_surecart_dashboard_navigation_orders":true,"_surecart_dashboard_navigation_invoices":true,"_surecart_dashboard_navigation_subscriptions":true,"_surecart_dashboard_navigation_downloads":true,"_surecart_dashboard_navigation_billing":true,"_surecart_dashboard_navigation_account":true,"_kad_post_transparent":"default","_kad_post_title":"","_kad_post_layout":"default","_kad_post_sidebar_id":"","_kad_post_content_style":"default","_kad_post_vertical_padding":"default","_kad_post_feature":"","_kad_post_feature_position":"","_kad_post_header":false,"_kad_post_footer":false},"product_brand":[41],"product_cat":[25,63,123],"product_tag":[122,120,121],"class_list":{"0":"post-8734","1":"product","2":"type-product","3":"status-publish","4":"has-post-thumbnail","6":"product_brand-mc-familystore","7":"product_cat-alt-ust-takim","8":"product_cat-bebek-takimi","9":"product_cat-firsat-urunleri","10":"product_tag-bebek","11":"product_tag-erkek-bebek","12":"product_tag-erkek-cocuk","14":"first","15":"instock","16":"sale","17":"shipping-taxable","18":"purchasable","19":"product-type-variable","20":"entry","21":"content-bg","22":"loop-entry"},"aioseo_notices":[],"_links":{"self":[{"href":"https:\/\/mc-store.net\/ar\/wp-json\/wp\/v2\/product\/8734","targetHints":{"allow":["GET"]}}],"collection":[{"href":"https:\/\/mc-store.net\/ar\/wp-json\/wp\/v2\/product"}],"about":[{"href":"https:\/\/mc-store.net\/ar\/wp-json\/wp\/v2\/types\/product"}],"replies":[{"embeddable":true,"href":"https:\/\/mc-store.net\/ar\/wp-json\/wp\/v2\/comments?post=8734"}],"version-history":[{"count":1,"href":"https:\/\/mc-store.net\/ar\/wp-json\/wp\/v2\/product\/8734\/revisions"}],"predecessor-version":[{"id":8754,"href":"https:\/\/mc-store.net\/ar\/wp-json\/wp\/v2\/product\/8734\/revisions\/8754"}],"wp:featuredmedia":[{"embeddable":true,"href":"https:\/\/mc-store.net\/ar\/wp-json\/wp\/v2\/media\/9091"}],"wp:attachment":[{"href":"https:\/\/mc-store.net\/ar\/wp-json\/wp\/v2\/media?parent=8734"}],"wp:term":[{"taxonomy":"product_brand","embeddable":true,"href":"https:\/\/mc-store.net\/ar\/wp-json\/wp\/v2\/product_brand?post=8734"},{"taxonomy":"product_cat","embeddable":true,"href":"https:\/\/mc-store.net\/ar\/wp-json\/wp\/v2\/product_cat?post=8734"},{"taxonomy":"product_tag","embeddable":true,"href":"https:\/\/mc-store.net\/ar\/wp-json\/wp\/v2\/product_tag?post=8734"}],"curies":[{"name":"wp","href":"https:\/\/api.w.org\/{rel}","templated":true}]}}