{"id":8755,"date":"2025-08-23T20:51:19","date_gmt":"2025-08-23T18:51:19","guid":{"rendered":"https:\/\/mc-store.net\/?post_type=product&#038;p=8755"},"modified":"2025-09-02T20:59:14","modified_gmt":"2025-09-02T18:59:14","slug":"gomlekli-pantolon-alt-ust-papyonlu-takim","status":"publish","type":"product","link":"https:\/\/mc-store.net\/ar\/product\/gomlekli-pantolon-alt-ust-papyonlu-takim\/","title":{"rendered":"G\u00d6MLEKL\u0130 PANTOLON ALT \u00dcST PAPYONLU TAKIM"},"content":{"rendered":"<p>&#8211; Bebe\u011finizin rahatl\u0131\u011f\u0131 d\u00fc\u015f\u00fcn\u00fclerek tasarlanm\u0131\u015f, arm\u00fcrl\u00fc desenli g\u00f6mlek ve pantolon ikilisi ile \u015f\u0131kl\u0131\u011f\u0131 g\u00fcnl\u00fck kullan\u0131ma uygun hale getiriyor.<br \/>\n&#8211; Relaxed kal\u0131p sayesinde bebe\u011finizin hareket \u00f6zg\u00fcrl\u00fc\u011f\u00fcn\u00fc k\u0131s\u0131tlamadan konforlu bir kullan\u0131m sunuyor.<br \/>\n&#8211; Pamuklu kuma\u015f\u0131yla cildi tahri\u015f etmeden yumu\u015fak bir dokunu\u015f sa\u011fl\u0131yor ve nefes alabilir yap\u0131da.<br \/>\n&#8211; Mavi renk se\u00e7ene\u011fiyle hem erkeksi hem de modern bir g\u00f6r\u00fcn\u00fcm kazand\u0131r\u0131yor; her ortamda dikkat \u00e7ekici olman\u0131z\u0131 sa\u011fl\u0131yor.<br \/>\n&#8211; K\u0131sa kol tasar\u0131m\u0131 yaz aylar\u0131 veya serin g\u00fcnlerde ideal s\u0131cakl\u0131kta tutarken, g\u00f6mlek yakas\u0131 detaylar\u0131yla zarif bir stil olu\u015fturuyor.<br \/>\n&#8211; Jogger pa\u00e7a tipi sayesinde pratik giyim imkan\u0131 tan\u0131rken, 9-24 ay bedeniyle bebeklerinize tam oturan bir uyum sunuyor.<br \/>\n&#8211; G\u00fcnl\u00fck kullan\u0131m i\u00e7in ideal olan bu tak\u0131m, evde ya da d\u0131\u015far\u0131da keyifli anlar\u0131n vazge\u00e7ilmezi olacak.<br \/>\n&#8211; \u0130ki par\u00e7adan olu\u015fan set i\u00e7eri\u011fiyle b\u00fct\u00fcnsel bir kombin deneyimi ya\u015fat\u0131yor; b\u00f6ylece ekstra e\u015fya ta\u015f\u0131ma derdi olmadan \u015f\u0131k g\u00f6r\u00fcnmenizi sa\u011fl\u0131yor.<\/p>","protected":false},"excerpt":{"rendered":"<p>&#8211; Bebe\u011finizin rahatl\u0131\u011f\u0131 d\u00fc\u015f\u00fcn\u00fclerek tasarlanm\u0131\u015f, arm\u00fcrl\u00fc desenli g\u00f6mlek ve pantolon ikilisi ile \u015f\u0131kl\u0131\u011f\u0131 g\u00fcnl\u00fck kullan\u0131ma uygun hale getiriyor. &#8211; Relaxed kal\u0131p sayesinde bebe\u011finizin hareket \u00f6zg\u00fcrl\u00fc\u011f\u00fcn\u00fc k\u0131s\u0131tlamadan konforlu bir kullan\u0131m sunuyor. &#8211; Pamuklu kuma\u015f\u0131yla cildi tahri\u015f etmeden yumu\u015fak bir dokunu\u015f sa\u011fl\u0131yor ve nefes alabilir yap\u0131da. &#8211; Mavi renk se\u00e7ene\u011fiyle hem erkeksi hem de modern bir g\u00f6r\u00fcn\u00fcm&#8230;<\/p>","protected":false},"featured_media":9090,"comment_status":"open","ping_status":"closed","template":"","meta":{"_surecart_dashboard_logo_width":"180px","_surecart_dashboard_show_logo":true,"_surecart_dashboard_navigation_orders":true,"_surecart_dashboard_navigation_invoices":true,"_surecart_dashboard_navigation_subscriptions":true,"_surecart_dashboard_navigation_downloads":true,"_surecart_dashboard_navigation_billing":true,"_surecart_dashboard_navigation_account":true,"_kad_post_transparent":"default","_kad_post_title":"","_kad_post_layout":"default","_kad_post_sidebar_id":"","_kad_post_content_style":"default","_kad_post_vertical_padding":"default","_kad_post_feature":"","_kad_post_feature_position":"","_kad_post_header":false,"_kad_post_footer":false},"product_brand":[41],"product_cat":[25,63,123],"product_tag":[122,120,121],"class_list":{"0":"post-8755","1":"product","2":"type-product","3":"status-publish","4":"has-post-thumbnail","6":"product_brand-mc-familystore","7":"product_cat-alt-ust-takim","8":"product_cat-bebek-takimi","9":"product_cat-firsat-urunleri","10":"product_tag-bebek","11":"product_tag-erkek-bebek","12":"product_tag-erkek-cocuk","14":"first","15":"instock","16":"sale","17":"shipping-taxable","18":"purchasable","19":"product-type-variable","20":"entry","21":"content-bg","22":"loop-entry"},"aioseo_notices":[],"_links":{"self":[{"href":"https:\/\/mc-store.net\/ar\/wp-json\/wp\/v2\/product\/8755","targetHints":{"allow":["GET"]}}],"collection":[{"href":"https:\/\/mc-store.net\/ar\/wp-json\/wp\/v2\/product"}],"about":[{"href":"https:\/\/mc-store.net\/ar\/wp-json\/wp\/v2\/types\/product"}],"replies":[{"embeddable":true,"href":"https:\/\/mc-store.net\/ar\/wp-json\/wp\/v2\/comments?post=8755"}],"version-history":[{"count":1,"href":"https:\/\/mc-store.net\/ar\/wp-json\/wp\/v2\/product\/8755\/revisions"}],"predecessor-version":[{"id":8769,"href":"https:\/\/mc-store.net\/ar\/wp-json\/wp\/v2\/product\/8755\/revisions\/8769"}],"wp:featuredmedia":[{"embeddable":true,"href":"https:\/\/mc-store.net\/ar\/wp-json\/wp\/v2\/media\/9090"}],"wp:attachment":[{"href":"https:\/\/mc-store.net\/ar\/wp-json\/wp\/v2\/media?parent=8755"}],"wp:term":[{"taxonomy":"product_brand","embeddable":true,"href":"https:\/\/mc-store.net\/ar\/wp-json\/wp\/v2\/product_brand?post=8755"},{"taxonomy":"product_cat","embeddable":true,"href":"https:\/\/mc-store.net\/ar\/wp-json\/wp\/v2\/product_cat?post=8755"},{"taxonomy":"product_tag","embeddable":true,"href":"https:\/\/mc-store.net\/ar\/wp-json\/wp\/v2\/product_tag?post=8755"}],"curies":[{"name":"wp","href":"https:\/\/api.w.org\/{rel}","templated":true}]}}