{"id":8782,"date":"2025-08-24T14:24:33","date_gmt":"2025-08-24T12:24:33","guid":{"rendered":"https:\/\/mc-store.net\/?post_type=product&#038;p=8782"},"modified":"2025-10-05T12:54:35","modified_gmt":"2025-10-05T10:54:35","slug":"alt-ust-swaetshirt-jean-kombin","status":"publish","type":"product","link":"https:\/\/mc-store.net\/ar\/product\/alt-ust-swaetshirt-jean-kombin\/","title":{"rendered":"ALT \u00dcST SWAETSH\u0130RT JEAN KOMB\u0130N"},"content":{"rendered":"<p>&#8211; Bebe\u011finizin rahatl\u0131\u011f\u0131 d\u00fc\u015f\u00fcn\u00fclerek tasarlanm\u0131\u015f, %100 pamuklu kuma\u015ftan \u00fcretilmi\u015f mavi renkteki bebek tak\u0131m.<br \/>\n&#8211; Bebeklerin hareket \u00f6zg\u00fcrl\u00fc\u011f\u00fcn\u00fc k\u0131s\u0131tlamayan regular kal\u0131p ile konforlu bir kullan\u0131m sunar.<br \/>\n&#8211; G\u00fcnl\u00fck kullan\u0131m i\u00e7in ideal olan bu tak\u0131m, casual tarz\u0131yla bebe\u011finizin \u015f\u0131kl\u0131\u011f\u0131n\u0131 tamamlar.<br \/>\n&#8211; Kolay bak\u0131m imkan\u0131 sa\u011flayan y\u0131kama talimatlar\u0131na sahip olup, uzun s\u00fcreli kullan\u0131m i\u00e7in uygundur.<br \/>\n&#8211; Bisiklet yakas\u0131 sayesinde bebe\u011finizin boynunu nazik\u00e7e sarar ve rahat bir giyim deneyimi sa\u011flar.<br \/>\n&#8211; Uzun kollu tasar\u0131m\u0131 ile mevsim ge\u00e7i\u015flerinde ideal koruma sunarken, mavi rengiyle kolayca kombinlenebilir.<br \/>\n&#8211; 6-24 ay aras\u0131 bebekler i\u00e7in uygundur; b\u00f6ylece b\u00fcy\u00fcd\u00fck\u00e7e de rahatl\u0131kla tercih edebilirsiniz.<\/p>","protected":false},"excerpt":{"rendered":"<p>KIZ \u00c7OCUK BEBEK 2L\u0130 TAKIM ALT \u00dcST SWAETSH\u0130RT JEAN KOMB\u0130N 6-9-12-18 AY<\/p>","protected":false},"featured_media":9153,"comment_status":"open","ping_status":"closed","template":"","meta":{"_surecart_dashboard_logo_width":"180px","_surecart_dashboard_show_logo":true,"_surecart_dashboard_navigation_orders":true,"_surecart_dashboard_navigation_invoices":true,"_surecart_dashboard_navigation_subscriptions":true,"_surecart_dashboard_navigation_downloads":true,"_surecart_dashboard_navigation_billing":true,"_surecart_dashboard_navigation_account":true,"_kad_post_transparent":"default","_kad_post_title":"","_kad_post_layout":"default","_kad_post_sidebar_id":"","_kad_post_content_style":"default","_kad_post_vertical_padding":"default","_kad_post_feature":"","_kad_post_feature_position":"","_kad_post_header":false,"_kad_post_footer":false},"product_brand":[41],"product_cat":[25,63,97],"product_tag":[122,119,118,141],"class_list":{"0":"post-8782","1":"product","2":"type-product","3":"status-publish","4":"has-post-thumbnail","6":"product_brand-mc-familystore","7":"product_cat-alt-ust-takim","8":"product_cat-bebek-takimi","9":"product_cat-esofman-takimi","10":"product_tag-bebek","11":"product_tag-kiz-bebek","12":"product_tag-cocuk","13":"product_tag-sonbahar-kis","15":"first","16":"instock","17":"sale","18":"shipping-taxable","19":"purchasable","20":"product-type-variable","21":"entry","22":"content-bg","23":"loop-entry"},"aioseo_notices":[],"_links":{"self":[{"href":"https:\/\/mc-store.net\/ar\/wp-json\/wp\/v2\/product\/8782","targetHints":{"allow":["GET"]}}],"collection":[{"href":"https:\/\/mc-store.net\/ar\/wp-json\/wp\/v2\/product"}],"about":[{"href":"https:\/\/mc-store.net\/ar\/wp-json\/wp\/v2\/types\/product"}],"replies":[{"embeddable":true,"href":"https:\/\/mc-store.net\/ar\/wp-json\/wp\/v2\/comments?post=8782"}],"version-history":[{"count":1,"href":"https:\/\/mc-store.net\/ar\/wp-json\/wp\/v2\/product\/8782\/revisions"}],"predecessor-version":[{"id":8790,"href":"https:\/\/mc-store.net\/ar\/wp-json\/wp\/v2\/product\/8782\/revisions\/8790"}],"wp:featuredmedia":[{"embeddable":true,"href":"https:\/\/mc-store.net\/ar\/wp-json\/wp\/v2\/media\/9153"}],"wp:attachment":[{"href":"https:\/\/mc-store.net\/ar\/wp-json\/wp\/v2\/media?parent=8782"}],"wp:term":[{"taxonomy":"product_brand","embeddable":true,"href":"https:\/\/mc-store.net\/ar\/wp-json\/wp\/v2\/product_brand?post=8782"},{"taxonomy":"product_cat","embeddable":true,"href":"https:\/\/mc-store.net\/ar\/wp-json\/wp\/v2\/product_cat?post=8782"},{"taxonomy":"product_tag","embeddable":true,"href":"https:\/\/mc-store.net\/ar\/wp-json\/wp\/v2\/product_tag?post=8782"}],"curies":[{"name":"wp","href":"https:\/\/api.w.org\/{rel}","templated":true}]}}