{"id":8823,"date":"2025-08-24T14:41:18","date_gmt":"2025-08-24T12:41:18","guid":{"rendered":"https:\/\/mc-store.net\/?post_type=product&#038;p=8823"},"modified":"2025-10-05T12:53:49","modified_gmt":"2025-10-05T10:53:49","slug":"alt-ust-swaetshirt-jean-kombin-%d9%86%d8%b3%d8%ae%d8%a9","status":"publish","type":"product","link":"https:\/\/mc-store.net\/ar\/product\/alt-ust-swaetshirt-jean-kombin-%d9%86%d8%b3%d8%ae%d8%a9\/","title":{"rendered":"ALT \u00dcST SWAETSH\u0130RT JEAN KOMB\u0130N"},"content":{"rendered":"<p>&#8211; Bebeklerin rahat hareket etmesini sa\u011flayan relaxed kal\u0131p tasar\u0131m\u0131.<br \/>\n&#8211; Pamuklu kuma\u015f\u0131 sayesinde cildi tahri\u015f etmeden g\u00fcn boyu konfor sunar.<br \/>\n&#8211; Bask\u0131l\u0131 deseniyle \u015f\u0131k ve e\u011flenceli bir g\u00f6r\u00fcn\u00fcm kazand\u0131r\u0131r.<br \/>\n&#8211; Orijinal boy kesimi ile bebe\u011finizin v\u00fccut hatlar\u0131na uyum sa\u011flar.<br \/>\n&#8211; Uzun kol ve bisiklet yakas\u0131, mevsim ge\u00e7i\u015flerinde ideal koruma sa\u011flar.<br \/>\n&#8211; Jogger pa\u00e7a tipi, hareket \u00f6zg\u00fcrl\u00fc\u011f\u00fcn\u00fc art\u0131r\u0131rken stil sahibi bir duru\u015f sergiler.<br \/>\n&#8211; G\u00fcnl\u00fck kullan\u0131m i\u00e7in ideal olan bu tak\u0131m, evde ya da d\u0131\u015far\u0131da rahatl\u0131kla tercih edilebilir.<br \/>\n&#8211; Y\u0131kama talimatlar\u0131na uygun \u015fekilde bak\u0131m yap\u0131ld\u0131\u011f\u0131nda uzun \u00f6m\u00fcrl\u00fc kullan\u0131m vaat eder.<br \/>\n&#8211; S\u00fcrd\u00fcr\u00fclebilir malzemelerden \u00fcretilmi\u015f olup \u00e7evreye duyarl\u0131 bir se\u00e7imdir.<br \/>\n&#8211; 2&#8217;li paket i\u00e7eri\u011fiyle hem \u00fcst hem de alt par\u00e7a olarak ihtiyac\u0131n\u0131z olan her \u015fey tek seferde elinizde.<br \/>\n&#8211; 9 &#8211; 24 ay bedeniyle bebeklerinizin b\u00fcy\u00fcme d\u00f6nemine uygun esneklikte tasarlanm\u0131\u015ft\u0131r.<\/p>","protected":false},"excerpt":{"rendered":"<p>KIZ ERKEK BEBEK \u00c7OCUK 2L\u0130 TAKIM ALT \u00dcST SWAETSH\u0130RT PANTOLON TAKIM<\/p>","protected":false},"featured_media":9168,"comment_status":"open","ping_status":"closed","template":"","meta":{"_surecart_dashboard_logo_width":"180px","_surecart_dashboard_show_logo":true,"_surecart_dashboard_navigation_orders":true,"_surecart_dashboard_navigation_invoices":true,"_surecart_dashboard_navigation_subscriptions":true,"_surecart_dashboard_navigation_downloads":true,"_surecart_dashboard_navigation_billing":true,"_surecart_dashboard_navigation_account":true,"_kad_post_transparent":"default","_kad_post_title":"","_kad_post_layout":"default","_kad_post_sidebar_id":"","_kad_post_content_style":"default","_kad_post_vertical_padding":"default","_kad_post_feature":"","_kad_post_feature_position":"","_kad_post_header":false,"_kad_post_footer":false},"product_brand":[41],"product_cat":[25,63,97],"product_tag":[122,120,121,119,118,141],"class_list":{"0":"post-8823","1":"product","2":"type-product","3":"status-publish","4":"has-post-thumbnail","6":"product_brand-mc-familystore","7":"product_cat-alt-ust-takim","8":"product_cat-bebek-takimi","9":"product_cat-esofman-takimi","10":"product_tag-bebek","11":"product_tag-erkek-bebek","12":"product_tag-erkek-cocuk","13":"product_tag-kiz-bebek","14":"product_tag-cocuk","15":"product_tag-sonbahar-kis","17":"first","18":"instock","19":"sale","20":"shipping-taxable","21":"purchasable","22":"product-type-variable","23":"entry","24":"content-bg","25":"loop-entry"},"aioseo_notices":[],"_links":{"self":[{"href":"https:\/\/mc-store.net\/ar\/wp-json\/wp\/v2\/product\/8823","targetHints":{"allow":["GET"]}}],"collection":[{"href":"https:\/\/mc-store.net\/ar\/wp-json\/wp\/v2\/product"}],"about":[{"href":"https:\/\/mc-store.net\/ar\/wp-json\/wp\/v2\/types\/product"}],"replies":[{"embeddable":true,"href":"https:\/\/mc-store.net\/ar\/wp-json\/wp\/v2\/comments?post=8823"}],"version-history":[{"count":2,"href":"https:\/\/mc-store.net\/ar\/wp-json\/wp\/v2\/product\/8823\/revisions"}],"predecessor-version":[{"id":8841,"href":"https:\/\/mc-store.net\/ar\/wp-json\/wp\/v2\/product\/8823\/revisions\/8841"}],"wp:featuredmedia":[{"embeddable":true,"href":"https:\/\/mc-store.net\/ar\/wp-json\/wp\/v2\/media\/9168"}],"wp:attachment":[{"href":"https:\/\/mc-store.net\/ar\/wp-json\/wp\/v2\/media?parent=8823"}],"wp:term":[{"taxonomy":"product_brand","embeddable":true,"href":"https:\/\/mc-store.net\/ar\/wp-json\/wp\/v2\/product_brand?post=8823"},{"taxonomy":"product_cat","embeddable":true,"href":"https:\/\/mc-store.net\/ar\/wp-json\/wp\/v2\/product_cat?post=8823"},{"taxonomy":"product_tag","embeddable":true,"href":"https:\/\/mc-store.net\/ar\/wp-json\/wp\/v2\/product_tag?post=8823"}],"curies":[{"name":"wp","href":"https:\/\/api.w.org\/{rel}","templated":true}]}}