{"id":8856,"date":"2025-08-24T14:58:21","date_gmt":"2025-08-24T12:58:21","guid":{"rendered":"https:\/\/mc-store.net\/?post_type=product&#038;p=8856"},"modified":"2025-10-05T12:53:07","modified_gmt":"2025-10-05T10:53:07","slug":"3lu-ceket-sweatshirt-pantolon-alt-ust-takim","status":"publish","type":"product","link":"https:\/\/mc-store.net\/ar\/product\/3lu-ceket-sweatshirt-pantolon-alt-ust-takim\/","title":{"rendered":"3L\u00dc CEKET SWEATSH\u0130RT PANTOLON ALT \u00dcST TAKIM"},"content":{"rendered":"<p>&#8211; Bebe\u011finizin \u00f6zel g\u00fcnlerinde \u015f\u0131kl\u0131\u011f\u0131 ve rahatl\u0131\u011f\u0131 bir arada sunan, mint rengi bask\u0131l\u0131 3&#8217;l\u00fc tak\u0131m.<br \/>\n&#8211; Rahat kesimi ile bebe\u011finizin hareket \u00f6zg\u00fcrl\u00fc\u011f\u00fcn\u00fc k\u0131s\u0131tlamayan, relaxed kal\u0131p tasar\u0131m.<br \/>\n&#8211; Y\u00fcksek pamuk i\u00e7eri\u011fi sayesinde cildi tahri\u015f etmeden yumu\u015fak bir dokunu\u015f sa\u011flayan kuma\u015f tipi.<br \/>\n&#8211; Kolay bak\u0131m imkan\u0131 sunan y\u0131kama talimatlar\u0131 ile uzun s\u00fcreli kullan\u0131m vaadi.<br \/>\n&#8211; G\u00f6mlek yakas\u0131 detay\u0131yla modern ve \u015f\u0131k bir g\u00f6r\u00fcn\u00fcm kazand\u0131r\u0131rken, jogger pa\u00e7a tipiyle konforlu bir oturu\u015f sa\u011flar.<br \/>\n&#8211; G\u00fcnl\u00fck kullan\u0131ma uygun tasar\u0131m\u0131yla her ortamda bebe\u011finizin tarz\u0131n\u0131 \u00f6n plana \u00e7\u0131kar\u0131r.<br \/>\n&#8211; 0-9 ay bedeniyle bebeklerinize tam uyum sa\u011flayan ergonomik yap\u0131ya sahiptir.<\/p>","protected":false},"excerpt":{"rendered":"<p>ERKEK BEBEK BAYRAM VE \u00d6ZEL G\u00dcNLER \u0130\u00c7\u0130N 3L\u00dc CEKET SWEATSH\u0130RT PANTOLON ALT \u00dcST TAKIM<\/p>","protected":false},"featured_media":9152,"comment_status":"open","ping_status":"closed","template":"","meta":{"_surecart_dashboard_logo_width":"180px","_surecart_dashboard_show_logo":true,"_surecart_dashboard_navigation_orders":true,"_surecart_dashboard_navigation_invoices":true,"_surecart_dashboard_navigation_subscriptions":true,"_surecart_dashboard_navigation_downloads":true,"_surecart_dashboard_navigation_billing":true,"_surecart_dashboard_navigation_account":true,"_kad_post_transparent":"default","_kad_post_title":"","_kad_post_layout":"default","_kad_post_sidebar_id":"","_kad_post_content_style":"default","_kad_post_vertical_padding":"default","_kad_post_feature":"","_kad_post_feature_position":"","_kad_post_header":false,"_kad_post_footer":false},"product_brand":[41],"product_cat":[25,63,97],"product_tag":[122,120,121,141],"class_list":{"0":"post-8856","1":"product","2":"type-product","3":"status-publish","4":"has-post-thumbnail","6":"product_brand-mc-familystore","7":"product_cat-alt-ust-takim","8":"product_cat-bebek-takimi","9":"product_cat-esofman-takimi","10":"product_tag-bebek","11":"product_tag-erkek-bebek","12":"product_tag-erkek-cocuk","13":"product_tag-sonbahar-kis","15":"first","16":"instock","17":"sale","18":"shipping-taxable","19":"purchasable","20":"product-type-variable","21":"entry","22":"content-bg","23":"loop-entry"},"aioseo_notices":[],"_links":{"self":[{"href":"https:\/\/mc-store.net\/ar\/wp-json\/wp\/v2\/product\/8856","targetHints":{"allow":["GET"]}}],"collection":[{"href":"https:\/\/mc-store.net\/ar\/wp-json\/wp\/v2\/product"}],"about":[{"href":"https:\/\/mc-store.net\/ar\/wp-json\/wp\/v2\/types\/product"}],"replies":[{"embeddable":true,"href":"https:\/\/mc-store.net\/ar\/wp-json\/wp\/v2\/comments?post=8856"}],"version-history":[{"count":1,"href":"https:\/\/mc-store.net\/ar\/wp-json\/wp\/v2\/product\/8856\/revisions"}],"predecessor-version":[{"id":8863,"href":"https:\/\/mc-store.net\/ar\/wp-json\/wp\/v2\/product\/8856\/revisions\/8863"}],"wp:featuredmedia":[{"embeddable":true,"href":"https:\/\/mc-store.net\/ar\/wp-json\/wp\/v2\/media\/9152"}],"wp:attachment":[{"href":"https:\/\/mc-store.net\/ar\/wp-json\/wp\/v2\/media?parent=8856"}],"wp:term":[{"taxonomy":"product_brand","embeddable":true,"href":"https:\/\/mc-store.net\/ar\/wp-json\/wp\/v2\/product_brand?post=8856"},{"taxonomy":"product_cat","embeddable":true,"href":"https:\/\/mc-store.net\/ar\/wp-json\/wp\/v2\/product_cat?post=8856"},{"taxonomy":"product_tag","embeddable":true,"href":"https:\/\/mc-store.net\/ar\/wp-json\/wp\/v2\/product_tag?post=8856"}],"curies":[{"name":"wp","href":"https:\/\/api.w.org\/{rel}","templated":true}]}}