{"id":8873,"date":"2025-08-24T15:14:52","date_gmt":"2025-08-24T13:14:52","guid":{"rendered":"https:\/\/mc-store.net\/?post_type=product&#038;p=8873"},"modified":"2025-10-05T12:58:21","modified_gmt":"2025-10-05T10:58:21","slug":"muslin-gomlel-pantolon-2li-alt-ust-takim","status":"publish","type":"product","link":"https:\/\/mc-store.net\/ar\/product\/muslin-gomlel-pantolon-2li-alt-ust-takim\/","title":{"rendered":"Muslin G\u00f6mlel Pantolon 2li Alt \u00dcst Tak\u0131m"},"content":{"rendered":"<p>&#8211; Bebe\u011finizin cildine nazik dokunu\u015fuyla pamuklu kuma\u015ftan \u00fcretilmi\u015ftir, g\u00fcn boyu rahatl\u0131k sa\u011flar.<br \/>\n&#8211; Ajurlu deseniyle \u015f\u0131kl\u0131\u011f\u0131 ve konforu bir arada sunar; hem \u00f6zel g\u00fcnlerde hem de g\u00fcnl\u00fck kullan\u0131m i\u00e7in idealdir.<br \/>\n&#8211; Orijinal boy kesimi ile bebe\u011finizin hareket \u00f6zg\u00fcrl\u00fc\u011f\u00fcn\u00fc k\u0131s\u0131tlamaz ve rahat bir kullan\u0131m imkan\u0131 tan\u0131r.<br \/>\n&#8211; G\u00f6mlek yaka tasar\u0131m\u0131 sayesinde kolay giyilip \u00e7\u0131kar\u0131labilir ve pratik bir kullan\u0131m sunar.<br \/>\n&#8211; Uzun kollu yap\u0131s\u0131 mevsim ge\u00e7i\u015flerinde ideal koruma sa\u011flarken, uzun kol tipi ile tam koruma sunar.<br \/>\n&#8211; Organik materyallerden \u00fcretilmi\u015f olmas\u0131, bebe\u011finizin sa\u011fl\u0131\u011f\u0131n\u0131 \u00f6n planda tutarak do\u011fal bir se\u00e7imdir.<br \/>\n&#8211; \u0130ki par\u00e7adan olu\u015fan 2&#8217;li set i\u00e7eri\u011fiyle hem g\u00f6mlek hem de pantolon olarak kombinlenebilir; esneklik kazand\u0131r\u0131r.<br \/>\n&#8211; 9-24 ay bedeniyle bebeklerinize uygun ya\u015f grubuna hitap ederken, g\u00fcnl\u00fck ortamlarda da rahatl\u0131kla tercih edilebilir.<br \/>\n&#8211; Jogger pa\u00e7a tipi modern bir g\u00f6r\u00fcn\u00fcm sergilerken ayn\u0131 zamanda konforlu bir deneyim vaat eder.<br \/>\n&#8211; Y\u0131kama talimatlar\u0131na uygun \u015fekilde bak\u0131m yap\u0131ld\u0131\u011f\u0131nda uzun s\u00fcre ilk g\u00fcnk\u00fc gibi kalacakt\u0131r.<br \/>\n&#8211; Web color rengi olan bej tonuyla zarif ve n\u00f6tr bir stil olu\u015ftururken her t\u00fcr aksesuarla kolayca e\u015fle\u015ftirilebilir.<\/p>","protected":false},"excerpt":{"rendered":"<p>Erkek Bebek \u00c7ocuk Bayram Ve M\u00fcslin \u00d6zel G\u00fcnler I\u00e7in Muslin G\u00f6mlel Pantolon 2li Alt \u00dcst Tak\u0131m<\/p>","protected":false},"featured_media":9088,"comment_status":"open","ping_status":"closed","template":"","meta":{"_surecart_dashboard_logo_width":"180px","_surecart_dashboard_show_logo":true,"_surecart_dashboard_navigation_orders":true,"_surecart_dashboard_navigation_invoices":true,"_surecart_dashboard_navigation_subscriptions":true,"_surecart_dashboard_navigation_downloads":true,"_surecart_dashboard_navigation_billing":true,"_surecart_dashboard_navigation_account":true,"_kad_post_transparent":"default","_kad_post_title":"","_kad_post_layout":"default","_kad_post_sidebar_id":"","_kad_post_content_style":"default","_kad_post_vertical_padding":"default","_kad_post_feature":"","_kad_post_feature_position":"","_kad_post_header":false,"_kad_post_footer":false},"product_brand":[41],"product_cat":[25,63,97],"product_tag":[122,120,121,141],"class_list":{"0":"post-8873","1":"product","2":"type-product","3":"status-publish","4":"has-post-thumbnail","6":"product_brand-mc-familystore","7":"product_cat-alt-ust-takim","8":"product_cat-bebek-takimi","9":"product_cat-esofman-takimi","10":"product_tag-bebek","11":"product_tag-erkek-bebek","12":"product_tag-erkek-cocuk","13":"product_tag-sonbahar-kis","15":"first","16":"instock","17":"sale","18":"shipping-taxable","19":"purchasable","20":"product-type-variable","21":"entry","22":"content-bg","23":"loop-entry"},"aioseo_notices":[],"_links":{"self":[{"href":"https:\/\/mc-store.net\/ar\/wp-json\/wp\/v2\/product\/8873","targetHints":{"allow":["GET"]}}],"collection":[{"href":"https:\/\/mc-store.net\/ar\/wp-json\/wp\/v2\/product"}],"about":[{"href":"https:\/\/mc-store.net\/ar\/wp-json\/wp\/v2\/types\/product"}],"replies":[{"embeddable":true,"href":"https:\/\/mc-store.net\/ar\/wp-json\/wp\/v2\/comments?post=8873"}],"version-history":[{"count":1,"href":"https:\/\/mc-store.net\/ar\/wp-json\/wp\/v2\/product\/8873\/revisions"}],"predecessor-version":[{"id":8886,"href":"https:\/\/mc-store.net\/ar\/wp-json\/wp\/v2\/product\/8873\/revisions\/8886"}],"wp:featuredmedia":[{"embeddable":true,"href":"https:\/\/mc-store.net\/ar\/wp-json\/wp\/v2\/media\/9088"}],"wp:attachment":[{"href":"https:\/\/mc-store.net\/ar\/wp-json\/wp\/v2\/media?parent=8873"}],"wp:term":[{"taxonomy":"product_brand","embeddable":true,"href":"https:\/\/mc-store.net\/ar\/wp-json\/wp\/v2\/product_brand?post=8873"},{"taxonomy":"product_cat","embeddable":true,"href":"https:\/\/mc-store.net\/ar\/wp-json\/wp\/v2\/product_cat?post=8873"},{"taxonomy":"product_tag","embeddable":true,"href":"https:\/\/mc-store.net\/ar\/wp-json\/wp\/v2\/product_tag?post=8873"}],"curies":[{"name":"wp","href":"https:\/\/api.w.org\/{rel}","templated":true}]}}